{"id":97,"date":"2013-11-09T19:54:39","date_gmt":"2013-11-09T18:54:39","guid":{"rendered":"http:\/\/www.smhp.fr\/?page_id=97"},"modified":"2014-01-19T11:31:36","modified_gmt":"2014-01-19T10:31:36","slug":"jfm76-pathologies-cerebrovasculaires","status":"publish","type":"page","link":"http:\/\/www.smhp.fr\/?page_id=97","title":{"rendered":"JFM 76. Pathologies c\u00e9r\u00e9brovasculaires"},"content":{"rendered":"<p><strong>Organisateurs: Jean-Louis MAS et Hugues CHABRIAT<\/strong><br \/>\nSous la pr\u00e9sidence de Jean CABANE<br \/>\nSecr\u00e9taires G\u00e9n\u00e9raux : Martine GAYRAUD et Jean-Marc ZIZA<br \/>\nVendredi 18 Janvier 2013<\/p>\n<p><a href=\"http:\/\/www.smhp.fr\/wp-content\/uploads\/2013\/11\/76-Prospectus.pdf\" target=\"_blank\"><strong>Prospectus<\/strong><\/a><\/p>\n<p><a href=\"http:\/\/www.smhp.fr\/wp-content\/uploads\/2014\/01\/76brochure.pdf\" target=\"_blank\"><strong>Brochure des r\u00e9sum\u00e9s<\/strong><\/a><\/p>\n<p><strong>M A T I N \u00c9 E<\/strong><\/p>\n<p><strong>Accident isch\u00e9mique transitoire : une urgence m\u00e9dicale<\/strong><br \/>\nDavid Calvet, Sainte-Anne, Paris<\/p>\n<p><strong>Infarctus c\u00e9r\u00e9bral : thrombolyse,\u00a0recanalisation art\u00e9rielle<\/strong><br \/>\nGuillaume Turc, Sainte-Anne, Paris<\/p>\n<p><strong>Dissection art\u00e9rielle<\/strong><br \/>\nSt\u00e9phanie Debette, Lariboisi\u00e8re, Paris<\/p>\n<p><strong>Strat\u00e9gie d\u2019exploration \u00e9tiologique d\u2019un\u00a0infarctus c\u00e9r\u00e9bral de l\u2019adulte jeune<\/strong><br \/>\nFran\u00e7ois Rouanet, Bordeaux<\/p>\n<p><strong>Maladies des petites art\u00e8res c\u00e9r\u00e9brales<\/strong><br \/>\nHugues Chabriat, Lariboisi\u00e8re, Paris<\/p>\n<p><strong>A P R \u00c8 S \u2013 M I D I<\/strong><\/p>\n<p><strong>H\u00e9morragie c\u00e9r\u00e9brale : vers une\u00a0nouvelle classification \u00e9tiologique<\/strong><br \/>\nChristian Stapf, Lariboisi\u00e8re, Paris<\/p>\n<p><strong>Thrombose veineuse c\u00e9r\u00e9brale<\/strong><br \/>\nIsabelle Crassard, Lariboisi\u00e8re, Paris<\/p>\n<p><strong>An\u00e9vrisme art\u00e9riel asymptomatique\u00a0(histoire naturelle, indications th\u00e9rapeutiques)<\/strong><br \/>\nOlivier Naggara, Sainte-Anne, Paris<\/p>\n<p><strong>Angiopathie c\u00e9r\u00e9brale r\u00e9versible<\/strong><br \/>\nVal\u00e9rie Domigo, Sainte-Anne, Paris<\/p>\n<p><strong>St\u00e9nose carotide : chirurgie, stenting\u00a0ou traitement m\u00e9dical ?<\/strong><br \/>\nJean-Louis Mas, Sainte-Anne, Paris<\/p>\n<p><strong>Conclusion<\/strong><\/p>\n<p><strong>\u00a0<\/strong><\/p>\n","protected":false},"excerpt":{"rendered":"<p>Organisateurs: Jean-Louis MAS et Hugues CHABRIAT Sous la pr\u00e9sidence de Jean CABANE Secr\u00e9taires G\u00e9n\u00e9raux : Martine GAYRAUD et Jean-Marc ZIZA Vendredi 18 Janvier 2013 Prospectus Brochure des r\u00e9sum\u00e9s M A T I N \u00c9 E Accident isch\u00e9mique transitoire : une urgence m\u00e9dicale David Calvet, Sainte-Anne, Paris Infarctus c\u00e9r\u00e9bral : thrombolyse,\u00a0recanalisation art\u00e9rielle Guillaume Turc, Sainte-Anne, Paris &hellip; <a href=\"http:\/\/www.smhp.fr\/?page_id=97\" class=\"more-link\">Continuer la lecture de <span class=\"screen-reader-text\">JFM 76. Pathologies c\u00e9r\u00e9brovasculaires<\/span> <span class=\"meta-nav\">&rarr;<\/span><\/a><\/p>\n","protected":false},"author":2,"featured_media":0,"parent":283,"menu_order":0,"comment_status":"closed","ping_status":"closed","template":"page-templates\/full-width.php","meta":[],"_links":{"self":[{"href":"http:\/\/www.smhp.fr\/index.php?rest_route=\/wp\/v2\/pages\/97"}],"collection":[{"href":"http:\/\/www.smhp.fr\/index.php?rest_route=\/wp\/v2\/pages"}],"about":[{"href":"http:\/\/www.smhp.fr\/index.php?rest_route=\/wp\/v2\/types\/page"}],"author":[{"embeddable":true,"href":"http:\/\/www.smhp.fr\/index.php?rest_route=\/wp\/v2\/users\/2"}],"replies":[{"embeddable":true,"href":"http:\/\/www.smhp.fr\/index.php?rest_route=%2Fwp%2Fv2%2Fcomments&post=97"}],"version-history":[{"count":1,"href":"http:\/\/www.smhp.fr\/index.php?rest_route=\/wp\/v2\/pages\/97\/revisions"}],"predecessor-version":[{"id":156,"href":"http:\/\/www.smhp.fr\/index.php?rest_route=\/wp\/v2\/pages\/97\/revisions\/156"}],"up":[{"embeddable":true,"href":"http:\/\/www.smhp.fr\/index.php?rest_route=\/wp\/v2\/pages\/283"}],"wp:attachment":[{"href":"http:\/\/www.smhp.fr\/index.php?rest_route=%2Fwp%2Fv2%2Fmedia&parent=97"}],"curies":[{"name":"wp","href":"https:\/\/api.w.org\/{rel}","templated":true}]}}