{"id":95,"date":"2013-11-09T19:48:28","date_gmt":"2013-11-09T18:48:28","guid":{"rendered":"http:\/\/www.smhp.fr\/?page_id=95"},"modified":"2014-04-13T09:53:49","modified_gmt":"2014-04-13T08:53:49","slug":"jfm62-les-pathologies","status":"publish","type":"page","link":"http:\/\/www.smhp.fr\/?page_id=95","title":{"rendered":"JFM 62. Les pathologies du sommeil"},"content":{"rendered":"<p><strong>Organisateurs: Pr Damien L\u00c9GER et Dr Marie-Fran\u00e7oise VECCHIERINI<\/strong><br \/>\nVendredi 15 mai 2009<\/p>\n<p><strong><a href=\"http:\/\/www.smhp.fr\/wp-content\/uploads\/2014\/04\/62prospectus.pdf\" target=\"_blank\">Prospectus<\/a><\/strong><\/p>\n<h3><strong>Le sommeil et ses troubles : aspects \u00e9pid\u00e9miologiques et \u00e9volutifs<\/strong><\/h3>\n<p>Mod\u00e9rateurs :\u00a0Damien L\u00e9ger et Fran\u00e7ois Beck<\/p>\n<p><strong>Introduction. \u00c9pid\u00e9miologie des troubles du Sommeil : \u00e9volution<\/strong><br \/>\nPr Damien L\u00e9ger, H\u00f4tel Dieu Paris Descartes<\/p>\n<p><strong>Quantit\u00e9 et qualit\u00e9 : le besoin de sommeil<br \/>\n<\/strong>Pr Jo\u00ebl P\u00e2quereau, CHU, Poitiers<\/p>\n<p><strong>\u00c9volution du sommeil avec l\u2019\u00e2ge<br \/>\n<\/strong>Dr Marie-Francoise Vecchierini, H\u00f4tel Dieu Paris Descartes<\/p>\n<p><strong>Les troubles du sommeil et leurs corr\u00e9lations dans la population fran\u00e7aise. Le barom\u00e8tre Sant\u00e9<br \/>\n<\/strong>Fran\u00e7ois Beck, INPES, Saint-Denis<\/p>\n<p><strong>La privation de sommeil chez les 25-45 ans<\/strong><br \/>\nEnguerrand du Roscoat, INPES, Saint-Denis<\/p>\n<h3><strong>Insomnie : diagnostic et prise en charge<\/strong><\/h3>\n<p>Mod\u00e9rateurs :\u00a0Arnaud Metlaine et Maria-Antonia Quera-Salva<\/p>\n<p><strong>Insomnie : diagnostic et cons\u00e9quences<\/strong><br \/>\nDr Arnaud Metlaine, H\u00f4tel Dieu Paris Descartes<\/p>\n<p><strong>Prise en charge m\u00e9dicamenteuse de l\u2019insomnie.<\/strong><br \/>\n<strong>Les nouveaux traitements<\/strong><br \/>\nDr M-Antonia Quera Salva, Raymond Poincar\u00e9, Garches<\/p>\n<p><strong>Recommandations HAS pour la pratique clinique pour la prise en charge de l\u2019insomnie en m\u00e9decine g\u00e9n\u00e9rale: les outils pour le diagnostic<br \/>\n<\/strong>Dr Yves Gervais, HAS, Saint-Denis<\/p>\n<p><strong>Prise en charge comportementale du sommeil des personnes \u00e2g\u00e9es<br \/>\n<\/strong>Dr Bruno Corman, Successful Aging, Boulogne<\/p>\n<p><strong>Le R\u00e9seau Morph\u00e9e<\/strong><br \/>\nDr Sylvie Royant-Parola, Clinique du Ch\u00e2teau, Garches<\/p>\n<h3><strong style=\"line-height: 1.3;\">Syndrome d\u2019apn\u00e9es du sommeil et somnolence<\/strong><\/h3>\n<p><strong>Mod\u00e9rateurs :\u00a0<\/strong>Marie-Francoise Vecchierini, Jean-Pierre Laaban. et Marie-Pia d\u2019Ortho<\/p>\n<p><strong>Le syndrome d\u2019apn\u00e9es du sommeil : diagnostic et cons\u00e9quences cardiovasculaires<br \/>\n<\/strong>Pr Jean-Pierre Laaban, H\u00f4tel Dieu Paris Descartes<\/p>\n<p><strong>Somnolence et risque accidentel<\/strong><br \/>\nDr Virginie Bayon, H\u00f4tel Dieu Paris Descartes<\/p>\n<p><strong>SAS et syndromes m\u00e9taboliques<\/strong><br \/>\nDr Renaud Tamisier, CHU Michallon, Grenoble<\/p>\n<p><strong>Recommandations HAS pour la pratique clinique : SAS<\/strong><br \/>\nDr \u00c9lisabeth Orvoen Frija, La Salp\u00e9tri\u00e8re, Paris<\/p>\n<p><strong>Traitement du SAS par PPC et OAM<\/strong><br \/>\nDr Marie-Pia d\u2019Ortho, Bichat, Paris<\/p>\n<p><strong>Conclusion : sommeil et cons\u00e9quences de sant\u00e9 publique<\/strong><br \/>\nDr Jean-Pierre Giordanella, CPAM, Paris<\/p>\n","protected":false},"excerpt":{"rendered":"<p>Organisateurs: Pr Damien L\u00c9GER et Dr Marie-Fran\u00e7oise VECCHIERINI Vendredi 15 mai 2009 Prospectus Le sommeil et ses troubles : aspects \u00e9pid\u00e9miologiques et \u00e9volutifs Mod\u00e9rateurs :\u00a0Damien L\u00e9ger et Fran\u00e7ois Beck Introduction. \u00c9pid\u00e9miologie des troubles du Sommeil : \u00e9volution Pr Damien L\u00e9ger, H\u00f4tel Dieu Paris Descartes Quantit\u00e9 et qualit\u00e9 : le besoin de sommeil Pr Jo\u00ebl P\u00e2quereau, &hellip; <a href=\"http:\/\/www.smhp.fr\/?page_id=95\" class=\"more-link\">Continuer la lecture de <span class=\"screen-reader-text\">JFM 62. Les pathologies du sommeil<\/span> <span class=\"meta-nav\">&rarr;<\/span><\/a><\/p>\n","protected":false},"author":2,"featured_media":0,"parent":275,"menu_order":0,"comment_status":"closed","ping_status":"closed","template":"page-templates\/full-width.php","meta":[],"_links":{"self":[{"href":"http:\/\/www.smhp.fr\/index.php?rest_route=\/wp\/v2\/pages\/95"}],"collection":[{"href":"http:\/\/www.smhp.fr\/index.php?rest_route=\/wp\/v2\/pages"}],"about":[{"href":"http:\/\/www.smhp.fr\/index.php?rest_route=\/wp\/v2\/types\/page"}],"author":[{"embeddable":true,"href":"http:\/\/www.smhp.fr\/index.php?rest_route=\/wp\/v2\/users\/2"}],"replies":[{"embeddable":true,"href":"http:\/\/www.smhp.fr\/index.php?rest_route=%2Fwp%2Fv2%2Fcomments&post=95"}],"version-history":[{"count":1,"href":"http:\/\/www.smhp.fr\/index.php?rest_route=\/wp\/v2\/pages\/95\/revisions"}],"predecessor-version":[{"id":168,"href":"http:\/\/www.smhp.fr\/index.php?rest_route=\/wp\/v2\/pages\/95\/revisions\/168"}],"up":[{"embeddable":true,"href":"http:\/\/www.smhp.fr\/index.php?rest_route=\/wp\/v2\/pages\/275"}],"wp:attachment":[{"href":"http:\/\/www.smhp.fr\/index.php?rest_route=%2Fwp%2Fv2%2Fmedia&parent=95"}],"curies":[{"name":"wp","href":"https:\/\/api.w.org\/{rel}","templated":true}]}}