{"id":92,"date":"2013-11-09T19:45:10","date_gmt":"2013-11-09T18:45:10","guid":{"rendered":"http:\/\/www.smhp.fr\/?page_id=92"},"modified":"2014-01-19T11:34:50","modified_gmt":"2014-01-19T10:34:50","slug":"jfm75-vascularites","status":"publish","type":"page","link":"http:\/\/www.smhp.fr\/?page_id=92","title":{"rendered":"JFM 75. Vascularites"},"content":{"rendered":"<p><strong>Organisateur: \u00a0Lo\u00efc GUILLEVIN<\/strong><br \/>\nSous la pr\u00e9sidence\u00a0de Jean CABANE<br \/>\nSecr\u00e9taires G\u00e9n\u00e9raux : Martine GAYRAUD et Jean-Marc ZIZA<br \/>\nVendredi 5 Octobre 2012<\/p>\n<p><a href=\"http:\/\/www.smhp.fr\/wp-content\/uploads\/2013\/11\/75-Prospectus.pdf\" target=\"_blank\"><strong>Prospectus<\/strong><\/a><\/p>\n<p>Retrouvez l&rsquo;int\u00e9gralit\u00e9 des pr\u00e9sentations <a href=\"http:\/\/www.vascularites.org\/enseignement\/du-maladies-syst%C3%A9miques-2012-13-2\/vascularite-smhp\/\" target=\"_blank\">powerpoint sur le site <strong>vascularites.org<\/strong><\/a><\/p>\n<p><strong>MATIN\u00c9E: ART\u00c9RITES A CELLULES G\u00c9ANTES<\/strong><br \/>\nPr\u00e9sidents de s\u00e9ance : Jean Cabane, Jean-Marc Ziza<\/p>\n<p><strong>Introduction<\/strong><br \/>\nLo\u00efc Guillevin, Paris<\/p>\n<p><strong>Epid\u00e9miologie et diagnostic\u00a0des art\u00e9rites \u00e0 cellules g\u00e9antes<\/strong><br \/>\nAlfred Mahr, Paris<\/p>\n<p><strong>Pathog\u00e9nie des art\u00e9rites \u00e0 cellules g\u00e9antes<\/strong><br \/>\nMaxime Samson, Bernard Bonnotte, Dijon<\/p>\n<p><strong>Diagnostic et extension des art\u00e9rites\u00a0\u00e0 cellules g\u00e9antes. Apport de l\u2019imagerie<\/strong><br \/>\nDaniel Blockmans, Leuven, Belgique<\/p>\n<p><strong>Pronostic \u00e0 long terme de l\u2019art\u00e9rite\u00a0\u00e0 cellules g\u00e9antes<\/strong><br \/>\nChristian Agard, Nantes<\/p>\n<p><strong>Quel(s) traitement(s) proposer ?<\/strong><br \/>\nAlfred Mahr, Paris<\/p>\n<p><strong>Maladie de Takayasu.\u00a0Comment la prendre en charge ?<\/strong><br \/>\nTristan Mirault, Paris<\/p>\n<p><strong>APR\u00c8S\u2013MIDI: VASCULARITES ASSOCI\u00c9ES AUX ANCA<\/strong><br \/>\nPr\u00e9sidents de s\u00e9ance : Lo\u00efc Guillevin, Martine Gayraud<\/p>\n<p><strong>Classification des vascularites<\/strong><br \/>\nLo\u00efc Guillevin, Paris<\/p>\n<p><strong>Pathog\u00e9nie des vascularites associ\u00e9es\u00a0aux ANCA<\/strong><br \/>\nLuc Mouthon, Paris<\/p>\n<p><strong>Le syndrome de Churg-Strauss<\/strong><br \/>\nJean-Fran\u00e7ois Cordier, Lyon<\/p>\n<p><strong>Granulomatose avec polyang\u00e9ite (Wegener)<\/strong><br \/>\nAlexandre Karras, Paris<\/p>\n<p><strong>Actualit\u00e9s th\u00e9rapeutiques<\/strong><br \/>\nLo\u00efc Guillevin, Paris<\/p>\n<p><strong>Conclusion<\/strong><\/p>\n","protected":false},"excerpt":{"rendered":"<p>Organisateur: \u00a0Lo\u00efc GUILLEVIN Sous la pr\u00e9sidence\u00a0de Jean CABANE Secr\u00e9taires G\u00e9n\u00e9raux : Martine GAYRAUD et Jean-Marc ZIZA Vendredi 5 Octobre 2012 Prospectus Retrouvez l&rsquo;int\u00e9gralit\u00e9 des pr\u00e9sentations powerpoint sur le site vascularites.org MATIN\u00c9E: ART\u00c9RITES A CELLULES G\u00c9ANTES Pr\u00e9sidents de s\u00e9ance : Jean Cabane, Jean-Marc Ziza Introduction Lo\u00efc Guillevin, Paris Epid\u00e9miologie et diagnostic\u00a0des art\u00e9rites \u00e0 cellules g\u00e9antes Alfred &hellip; <a href=\"http:\/\/www.smhp.fr\/?page_id=92\" class=\"more-link\">Continuer la lecture de <span class=\"screen-reader-text\">JFM 75. Vascularites<\/span> <span class=\"meta-nav\">&rarr;<\/span><\/a><\/p>\n","protected":false},"author":2,"featured_media":0,"parent":281,"menu_order":0,"comment_status":"closed","ping_status":"closed","template":"page-templates\/full-width.php","meta":[],"_links":{"self":[{"href":"http:\/\/www.smhp.fr\/index.php?rest_route=\/wp\/v2\/pages\/92"}],"collection":[{"href":"http:\/\/www.smhp.fr\/index.php?rest_route=\/wp\/v2\/pages"}],"about":[{"href":"http:\/\/www.smhp.fr\/index.php?rest_route=\/wp\/v2\/types\/page"}],"author":[{"embeddable":true,"href":"http:\/\/www.smhp.fr\/index.php?rest_route=\/wp\/v2\/users\/2"}],"replies":[{"embeddable":true,"href":"http:\/\/www.smhp.fr\/index.php?rest_route=%2Fwp%2Fv2%2Fcomments&post=92"}],"version-history":[{"count":1,"href":"http:\/\/www.smhp.fr\/index.php?rest_route=\/wp\/v2\/pages\/92\/revisions"}],"predecessor-version":[{"id":155,"href":"http:\/\/www.smhp.fr\/index.php?rest_route=\/wp\/v2\/pages\/92\/revisions\/155"}],"up":[{"embeddable":true,"href":"http:\/\/www.smhp.fr\/index.php?rest_route=\/wp\/v2\/pages\/281"}],"wp:attachment":[{"href":"http:\/\/www.smhp.fr\/index.php?rest_route=%2Fwp%2Fv2%2Fmedia&parent=92"}],"curies":[{"name":"wp","href":"https:\/\/api.w.org\/{rel}","templated":true}]}}