{"id":89,"date":"2013-11-09T19:40:18","date_gmt":"2013-11-09T18:40:18","guid":{"rendered":"http:\/\/www.smhp.fr\/?page_id=89"},"modified":"2014-01-19T11:22:46","modified_gmt":"2014-01-19T10:22:46","slug":"jfm72-hematologie-et-medecine-interne","status":"publish","type":"page","link":"http:\/\/www.smhp.fr\/?page_id=89","title":{"rendered":"JFM 72. H\u00e9matologie et m\u00e9decine interne"},"content":{"rendered":"<p><strong>Organisateurs: Professeurs Olivier HERMINE et Thierry DE REVEL<\/strong><br \/>\nSous la pr\u00e9sidence du Professeur Thierry DEBORD<br \/>\nSecr\u00e9taires G\u00e9n\u00e9raux Martine GAYRAUD et Jean-Marc ZIZA<br \/>\nVendredi 13 Janvier 2012<\/p>\n<p><a href=\"http:\/\/www.smhp.fr\/wp-content\/uploads\/2014\/01\/72brochure.pdf\" target=\"_blank\"><strong>Brochure des r\u00e9sum\u00e9s<\/strong><\/a><\/p>\n<p><strong>M A T I N \u00c9 E<\/strong><br \/>\n<strong>Nouveaut\u00e9s sur les cytop\u00e9nies autoimmunes<\/strong><br \/>\nMarc Michel, H\u00f4pital Henri Mondor, Cr\u00e9teil<\/p>\n<p><a href=\"http:\/\/www.smhp.fr\/wp-content\/uploads\/2013\/11\/72-COPPO.pdf\" target=\"_blank\"><strong>Nouveaut\u00e9s sur les microangiopathies<\/strong><\/a><br \/>\nPaul Coppo, H\u00f4pital Saint-Antoine, Paris<\/p>\n<p><a href=\"http:\/\/www.smhp.fr\/wp-content\/uploads\/2013\/11\/72-BLOCH.pdf\" target=\"_blank\"><strong>Syndrome d\u2019activation macrophagique<\/strong><\/a><br \/>\nCoralie Bloch-Queyrat, H\u00f4pital Piti\u00e9-Salp\u00eatri\u00e8re, Paris<\/p>\n<p><strong>Complications des gammapathies monoclonales<\/strong><br \/>\nJean Paul Fermand, H\u00f4pital Saint-Louis, Paris<\/p>\n<p><strong>A P R \u00c8 S \u2013 M I D I<\/strong><\/p>\n<p><strong>Mastocytoses<\/strong><br \/>\nOlivier Hermine, H\u00f4pital Necker, Paris<\/p>\n<p><strong>Syndromes hyper\u00e9osinophiliques<\/strong><br \/>\nJean-Emmanuel Kahn, H\u00f4pital Foch, Suresnes<\/p>\n<p><strong>Complications inflammatoires et autoimmunes des my\u00e9lodysplasies<\/strong><br \/>\nOlivier Fain, H\u00f4pital Jean Verdier, Bondy<\/p>\n<p><strong>Complications h\u00e9matologiques de la maladie coeliaque<\/strong><br \/>\nChristophe Cellier, H\u00f4pital Europ\u00e9en Georges Pompidou, Paris<\/p>\n<p><strong>La GVH un mod\u00e8le de maladie autoimmune ?<\/strong><br \/>\nThierry De Revel, H.I.A. Percy, Clamart<\/p>\n","protected":false},"excerpt":{"rendered":"<p>Organisateurs: Professeurs Olivier HERMINE et Thierry DE REVEL Sous la pr\u00e9sidence du Professeur Thierry DEBORD Secr\u00e9taires G\u00e9n\u00e9raux Martine GAYRAUD et Jean-Marc ZIZA Vendredi 13 Janvier 2012 Brochure des r\u00e9sum\u00e9s M A T I N \u00c9 E Nouveaut\u00e9s sur les cytop\u00e9nies autoimmunes Marc Michel, H\u00f4pital Henri Mondor, Cr\u00e9teil Nouveaut\u00e9s sur les microangiopathies Paul Coppo, H\u00f4pital Saint-Antoine, &hellip; <a href=\"http:\/\/www.smhp.fr\/?page_id=89\" class=\"more-link\">Continuer la lecture de <span class=\"screen-reader-text\">JFM 72. H\u00e9matologie et m\u00e9decine interne<\/span> <span class=\"meta-nav\">&rarr;<\/span><\/a><\/p>\n","protected":false},"author":2,"featured_media":0,"parent":281,"menu_order":0,"comment_status":"closed","ping_status":"closed","template":"","meta":[],"_links":{"self":[{"href":"http:\/\/www.smhp.fr\/index.php?rest_route=\/wp\/v2\/pages\/89"}],"collection":[{"href":"http:\/\/www.smhp.fr\/index.php?rest_route=\/wp\/v2\/pages"}],"about":[{"href":"http:\/\/www.smhp.fr\/index.php?rest_route=\/wp\/v2\/types\/page"}],"author":[{"embeddable":true,"href":"http:\/\/www.smhp.fr\/index.php?rest_route=\/wp\/v2\/users\/2"}],"replies":[{"embeddable":true,"href":"http:\/\/www.smhp.fr\/index.php?rest_route=%2Fwp%2Fv2%2Fcomments&post=89"}],"version-history":[{"count":8,"href":"http:\/\/www.smhp.fr\/index.php?rest_route=\/wp\/v2\/pages\/89\/revisions"}],"predecessor-version":[{"id":774,"href":"http:\/\/www.smhp.fr\/index.php?rest_route=\/wp\/v2\/pages\/89\/revisions\/774"}],"up":[{"embeddable":true,"href":"http:\/\/www.smhp.fr\/index.php?rest_route=\/wp\/v2\/pages\/281"}],"wp:attachment":[{"href":"http:\/\/www.smhp.fr\/index.php?rest_route=%2Fwp%2Fv2%2Fmedia&parent=89"}],"curies":[{"name":"wp","href":"https:\/\/api.w.org\/{rel}","templated":true}]}}