{"id":86,"date":"2013-11-09T19:36:13","date_gmt":"2013-11-09T18:36:13","guid":{"rendered":"http:\/\/www.smhp.fr\/?page_id=86"},"modified":"2014-01-19T11:27:57","modified_gmt":"2014-01-19T10:27:57","slug":"jfm74-grossesse-et-pathologies-medicales","status":"publish","type":"page","link":"http:\/\/www.smhp.fr\/?page_id=86","title":{"rendered":"JFM 74. Grossesse et pathologies m\u00e9dicales"},"content":{"rendered":"<p><strong>Organisateurs: Nathalie COSTEDOAT-CHALUMEAU et Jacques LEPERCQ<\/strong><br \/>\nSous la pr\u00e9sidence\u00a0du Professeur Thierry DEBORD<br \/>\nSecr\u00e9taires G\u00e9n\u00e9raux : Martine GAYRAUD et Jean-Marc ZIZA<br \/>\nVendredi 4 mai 2012<\/p>\n<p><a href=\"http:\/\/www.smhp.fr\/wp-content\/uploads\/2014\/01\/74brochure.pdf\" target=\"_blank\"><strong>Brochure des r\u00e9sum\u00e9s<\/strong><\/a><\/p>\n<p><strong>MATIN<\/strong><\/p>\n<p><a href=\"http:\/\/www.smhp.fr\/wp-content\/uploads\/2013\/11\/74-lepercq-web.pdf\" target=\"_blank\"><strong>Organisation m\u00e9dico-obst\u00e9tricale<\/strong><\/a><br \/>\nJacques Lepercq, H\u00f4pital Saint-Vincent\u00a0de Paul, Paris<\/p>\n<p><a href=\"http:\/\/www.smhp.fr\/wp-content\/uploads\/2013\/11\/74-khellaf-web.pdf\" target=\"_blank\"><strong>Plaquettes et grossesse<\/strong><\/a><br \/>\nMehdi Khellaf, H\u00f4pital Henri Mondor,\u00a0Cr\u00e9teil<\/p>\n<p><a href=\"http:\/\/www.smhp.fr\/wp-content\/uploads\/2013\/11\/74-costedoat-chalumeau-web.pdf\" target=\"_blank\"><strong>Lupus, SAPL et grossesse<\/strong><\/a><br \/>\nNathalie Costedoat-Chalumeau, H\u00f4pital\u00a0Piti\u00e9- Salp\u00eatri\u00e8re, Paris<\/p>\n<p><a href=\"http:\/\/www.smhp.fr\/wp-content\/uploads\/2013\/11\/74-mandelbrot-web.pdf\" target=\"_blank\"><strong>VIH et grossesse<\/strong><\/a><br \/>\nLaurent Mandelbrot, H\u00f4pital Louis\u00a0Mourier, Colombes<\/p>\n<p><a href=\"http:\/\/www.smhp.fr\/wp-content\/uploads\/2013\/11\/74-timsit-web.pdf\" target=\"_blank\"><strong>Diab\u00e8te et grossesse<\/strong><\/a><br \/>\nJos\u00e9 Timsit, H\u00f4pital H\u00f4tel Dieu, Paris<\/p>\n<p><strong>APR\u00c9S-MIDI<\/strong><\/p>\n<p><strong>M\u00e9dicaments chez la femme enceinte<\/strong><br \/>\nElisabeth Elefant, H\u00f4pital Trousseau,\u00a0Paris<\/p>\n<p><strong>Thyro\u00efde et grossesse<\/strong><br \/>\nDominique Luton, H\u00f4pital Bichat, Paris<\/p>\n<p><strong>H\u00e9patites virales et autoimunes\u00a0chez la femme enceinte<\/strong><br \/>\nTarik Asselah, H\u00f4pital Beaujon, Paris<\/p>\n<p><strong>Ob\u00e9sit\u00e9 et grossesse<\/strong><br \/>\nZeina Farah et Jacky Nizard, H\u00f4pital\u00a0Piti\u00e9-Salp\u00eatri\u00e8re, Paris<\/p>\n<p><strong>Conclusion<\/strong><\/p>\n","protected":false},"excerpt":{"rendered":"<p>Organisateurs: Nathalie COSTEDOAT-CHALUMEAU et Jacques LEPERCQ Sous la pr\u00e9sidence\u00a0du Professeur Thierry DEBORD Secr\u00e9taires G\u00e9n\u00e9raux : Martine GAYRAUD et Jean-Marc ZIZA Vendredi 4 mai 2012 Brochure des r\u00e9sum\u00e9s MATIN Organisation m\u00e9dico-obst\u00e9tricale Jacques Lepercq, H\u00f4pital Saint-Vincent\u00a0de Paul, Paris Plaquettes et grossesse Mehdi Khellaf, H\u00f4pital Henri Mondor,\u00a0Cr\u00e9teil Lupus, SAPL et grossesse Nathalie Costedoat-Chalumeau, H\u00f4pital\u00a0Piti\u00e9- Salp\u00eatri\u00e8re, Paris VIH et &hellip; <a href=\"http:\/\/www.smhp.fr\/?page_id=86\" class=\"more-link\">Continuer la lecture de <span class=\"screen-reader-text\">JFM 74. Grossesse et pathologies m\u00e9dicales<\/span> <span class=\"meta-nav\">&rarr;<\/span><\/a><\/p>\n","protected":false},"author":2,"featured_media":0,"parent":281,"menu_order":0,"comment_status":"closed","ping_status":"closed","template":"page-templates\/full-width.php","meta":[],"_links":{"self":[{"href":"http:\/\/www.smhp.fr\/index.php?rest_route=\/wp\/v2\/pages\/86"}],"collection":[{"href":"http:\/\/www.smhp.fr\/index.php?rest_route=\/wp\/v2\/pages"}],"about":[{"href":"http:\/\/www.smhp.fr\/index.php?rest_route=\/wp\/v2\/types\/page"}],"author":[{"embeddable":true,"href":"http:\/\/www.smhp.fr\/index.php?rest_route=\/wp\/v2\/users\/2"}],"replies":[{"embeddable":true,"href":"http:\/\/www.smhp.fr\/index.php?rest_route=%2Fwp%2Fv2%2Fcomments&post=86"}],"version-history":[{"count":1,"href":"http:\/\/www.smhp.fr\/index.php?rest_route=\/wp\/v2\/pages\/86\/revisions"}],"predecessor-version":[{"id":178,"href":"http:\/\/www.smhp.fr\/index.php?rest_route=\/wp\/v2\/pages\/86\/revisions\/178"}],"up":[{"embeddable":true,"href":"http:\/\/www.smhp.fr\/index.php?rest_route=\/wp\/v2\/pages\/281"}],"wp:attachment":[{"href":"http:\/\/www.smhp.fr\/index.php?rest_route=%2Fwp%2Fv2%2Fmedia&parent=86"}],"curies":[{"name":"wp","href":"https:\/\/api.w.org\/{rel}","templated":true}]}}