{"id":814,"date":"2014-01-19T15:26:49","date_gmt":"2014-01-19T14:26:49","guid":{"rendered":"http:\/\/www.smhp.fr\/?page_id=814"},"modified":"2014-04-13T09:42:50","modified_gmt":"2014-04-13T08:42:50","slug":"jfm-55","status":"publish","type":"page","link":"http:\/\/www.smhp.fr\/?page_id=814","title":{"rendered":"JFM 55. Actualit\u00e9s th\u00e9rapeutiques sur l&rsquo;infection par le VIH"},"content":{"rendered":"<p><strong>Organisateur : Professeur Daniel SERENI<\/strong><\/p>\n<p>Vendredi 12 Octobre 2007<\/p>\n<p><a href=\"http:\/\/www.smhp.fr\/wp-content\/uploads\/2014\/04\/55prospectus.pdf\" target=\"_blank\"><strong>Prospectus<\/strong><\/a><\/p>\n<p><strong><a href=\"http:\/\/www.smhp.fr\/wp-content\/uploads\/2014\/01\/55brochure.pdf\" target=\"_blank\">Brochure des r\u00e9sum\u00e9s<\/a><\/strong><\/p>\n<p><strong> MATINEE<\/strong><\/p>\n<p><strong>Les grands enjeux de la recherche en 2007<\/strong><br \/>\nProfesseur Jean-Fran\u00e7ois DELFRAISSY, Le Kremlin Bic\u00eatre<\/p>\n<p><strong>Les actualit\u00e9s th\u00e9rapeutiques<\/strong><br \/>\nProfesseur Patrick YENI, Paris<\/p>\n<p><strong>La virologie et ses progr\u00e8s<\/strong><br \/>\nProfesseur Fran\u00e7oise BRUN VEZINET, Paris<\/p>\n<p><strong>Le syndrome inflammatoire de reconstitution immunitaire<\/strong><br \/>\nDocteur Guillaume BRETON, Paris<\/p>\n<p><strong>APRES-MIDI<\/strong><\/p>\n<p><strong>Les complications cardio-vasculaires<\/strong><br \/>\nDocteur Franck BOCCARA, Paris<\/p>\n<p><strong>Les causes de mortalit\u00e9 actuelle<\/strong><br \/>\nProfesseur Philippe MORLAT, Bordeaux<\/p>\n<p><strong>Les actualit\u00e9s sur la vaccination<\/strong><br \/>\nProfesseur Brigitte AUTRAN, Paris<\/p>\n<p><strong>Conclusions<\/strong><\/p>\n","protected":false},"excerpt":{"rendered":"<p>Organisateur : Professeur Daniel SERENI Vendredi 12 Octobre 2007 Prospectus Brochure des r\u00e9sum\u00e9s MATINEE Les grands enjeux de la recherche en 2007 Professeur Jean-Fran\u00e7ois DELFRAISSY, Le Kremlin Bic\u00eatre Les actualit\u00e9s th\u00e9rapeutiques Professeur Patrick YENI, Paris La virologie et ses progr\u00e8s Professeur Fran\u00e7oise BRUN VEZINET, Paris Le syndrome inflammatoire de reconstitution immunitaire Docteur Guillaume BRETON, Paris &hellip; <a href=\"http:\/\/www.smhp.fr\/?page_id=814\" class=\"more-link\">Continuer la lecture de <span class=\"screen-reader-text\">JFM 55. Actualit\u00e9s th\u00e9rapeutiques sur l&rsquo;infection par le VIH<\/span> <span class=\"meta-nav\">&rarr;<\/span><\/a><\/p>\n","protected":false},"author":2,"featured_media":0,"parent":801,"menu_order":0,"comment_status":"closed","ping_status":"closed","template":"","meta":[],"_links":{"self":[{"href":"http:\/\/www.smhp.fr\/index.php?rest_route=\/wp\/v2\/pages\/814"}],"collection":[{"href":"http:\/\/www.smhp.fr\/index.php?rest_route=\/wp\/v2\/pages"}],"about":[{"href":"http:\/\/www.smhp.fr\/index.php?rest_route=\/wp\/v2\/types\/page"}],"author":[{"embeddable":true,"href":"http:\/\/www.smhp.fr\/index.php?rest_route=\/wp\/v2\/users\/2"}],"replies":[{"embeddable":true,"href":"http:\/\/www.smhp.fr\/index.php?rest_route=%2Fwp%2Fv2%2Fcomments&post=814"}],"version-history":[{"count":7,"href":"http:\/\/www.smhp.fr\/index.php?rest_route=\/wp\/v2\/pages\/814\/revisions"}],"predecessor-version":[{"id":930,"href":"http:\/\/www.smhp.fr\/index.php?rest_route=\/wp\/v2\/pages\/814\/revisions\/930"}],"up":[{"embeddable":true,"href":"http:\/\/www.smhp.fr\/index.php?rest_route=\/wp\/v2\/pages\/801"}],"wp:attachment":[{"href":"http:\/\/www.smhp.fr\/index.php?rest_route=%2Fwp%2Fv2%2Fmedia&parent=814"}],"curies":[{"name":"wp","href":"https:\/\/api.w.org\/{rel}","templated":true}]}}