{"id":804,"date":"2014-01-19T15:20:57","date_gmt":"2014-01-19T14:20:57","guid":{"rendered":"http:\/\/www.smhp.fr\/?page_id=804"},"modified":"2014-04-13T09:39:46","modified_gmt":"2014-04-13T08:39:46","slug":"jfm-52-spondylarthropathies","status":"publish","type":"page","link":"http:\/\/www.smhp.fr\/?page_id=804","title":{"rendered":"JFM 52. Spondylarthropathies"},"content":{"rendered":"<p><strong>Organisateurs :\u00a0Professeurs Dominique LECHEVALIER et Pierre BOURGEOIS<\/strong><br \/>\nVendredi 9 f\u00e9vrier 2007<\/p>\n<p><a href=\"http:\/\/www.smhp.fr\/wp-content\/uploads\/2014\/04\/52prospectus.pdf\" target=\"_blank\"><strong>Prospectus<\/strong><\/a><\/p>\n<p><strong><a href=\"http:\/\/www.smhp.fr\/wp-content\/uploads\/2014\/01\/52brochure.pdf\" target=\"_blank\">Brochure des r\u00e9sum\u00e9s<\/a><\/strong><\/p>\n<p><strong> MATINEE <\/strong><br \/>\n<strong>Physiopathologie des spondylarthropathies<\/strong><br \/>\nPr Thierry SCHAEVERBEKE, Groupe hospitalier Pellegrin, Bordeaux<\/p>\n<p><strong>Echographie et spondylarthropathies<\/strong><br \/>\nDr Maria Antonietta d\u2019AGOSTINO, H\u00f4pital Ambroise Par\u00e9, Boulogne<\/p>\n<p><strong>Apport de l\u2019IRM dans les spondylarthropathies<\/strong><br \/>\nPr Isabelle CHARY-VALCKENAERE, H\u00f4pital Brabois, Nancy<\/p>\n<p><strong>Comment faire un diagnostic pr\u00e9coce ?<\/strong><br \/>\nDr Edouard PERTUISET, Centre hospitalier Ren\u00e9 Dubos, Cergy-Pontoise<\/p>\n<p><strong>L\u2019Onychopachydermop\u00e9riostite psoriasique du gros orteil<\/strong><br \/>\nDr Fr\u00e9d\u00e9ric BANAL, H\u00f4pital Piti\u00e9-salp\u00e9tri\u00e8re, Paris<\/p>\n<p><strong>APRES-MIDI <\/strong><br \/>\n<strong>Le SAPHO en 2007<\/strong><br \/>\nPr Dominique LECHEVALIER, HIA B\u00e9gin, Saint-Mand\u00e9<\/p>\n<p><strong>Place des Anti-TNF dans le traitement des spondylarthropathies<\/strong><br \/>\nPr Pascal CLAUDEPIERRE, H\u00f4pital Henri Mondor, Cr\u00e9teil<\/p>\n<p><strong>Maniement des Anti-TNF<\/strong><br \/>\nPr Pascal CLAUDEPIERRE, H\u00f4pital Henri Mondor, Cr\u00e9teil<\/p>\n<p><strong>R\u00e9\u00e9ducation des spondylarthrites<\/strong><br \/>\nPr Michel REVEL, H\u00f4pital Cochin, Paris<\/p>\n","protected":false},"excerpt":{"rendered":"<p>Organisateurs :\u00a0Professeurs Dominique LECHEVALIER et Pierre BOURGEOIS Vendredi 9 f\u00e9vrier 2007 Prospectus Brochure des r\u00e9sum\u00e9s MATINEE Physiopathologie des spondylarthropathies Pr Thierry SCHAEVERBEKE, Groupe hospitalier Pellegrin, Bordeaux Echographie et spondylarthropathies Dr Maria Antonietta d\u2019AGOSTINO, H\u00f4pital Ambroise Par\u00e9, Boulogne Apport de l\u2019IRM dans les spondylarthropathies Pr Isabelle CHARY-VALCKENAERE, H\u00f4pital Brabois, Nancy Comment faire un diagnostic pr\u00e9coce ? &hellip; <a href=\"http:\/\/www.smhp.fr\/?page_id=804\" class=\"more-link\">Continuer la lecture de <span class=\"screen-reader-text\">JFM 52. Spondylarthropathies<\/span> <span class=\"meta-nav\">&rarr;<\/span><\/a><\/p>\n","protected":false},"author":2,"featured_media":0,"parent":801,"menu_order":0,"comment_status":"closed","ping_status":"closed","template":"","meta":[],"_links":{"self":[{"href":"http:\/\/www.smhp.fr\/index.php?rest_route=\/wp\/v2\/pages\/804"}],"collection":[{"href":"http:\/\/www.smhp.fr\/index.php?rest_route=\/wp\/v2\/pages"}],"about":[{"href":"http:\/\/www.smhp.fr\/index.php?rest_route=\/wp\/v2\/types\/page"}],"author":[{"embeddable":true,"href":"http:\/\/www.smhp.fr\/index.php?rest_route=\/wp\/v2\/users\/2"}],"replies":[{"embeddable":true,"href":"http:\/\/www.smhp.fr\/index.php?rest_route=%2Fwp%2Fv2%2Fcomments&post=804"}],"version-history":[{"count":6,"href":"http:\/\/www.smhp.fr\/index.php?rest_route=\/wp\/v2\/pages\/804\/revisions"}],"predecessor-version":[{"id":927,"href":"http:\/\/www.smhp.fr\/index.php?rest_route=\/wp\/v2\/pages\/804\/revisions\/927"}],"up":[{"embeddable":true,"href":"http:\/\/www.smhp.fr\/index.php?rest_route=\/wp\/v2\/pages\/801"}],"wp:attachment":[{"href":"http:\/\/www.smhp.fr\/index.php?rest_route=%2Fwp%2Fv2%2Fmedia&parent=804"}],"curies":[{"name":"wp","href":"https:\/\/api.w.org\/{rel}","templated":true}]}}