{"id":79,"date":"2013-11-09T18:36:14","date_gmt":"2013-11-09T17:36:14","guid":{"rendered":"http:\/\/www.smhp.fr\/?page_id=79"},"modified":"2017-11-19T12:03:00","modified_gmt":"2017-11-19T11:03:00","slug":"devenez-membre","status":"publish","type":"page","link":"http:\/\/www.smhp.fr\/?page_id=79","title":{"rendered":"Devenez membre"},"content":{"rendered":"<div>\n<p>Vous avez la possibilit\u00e9 de devenir membre de la SMHP afin de b\u00e9n\u00e9ficier des avantages suivants:<\/p>\n<ul>\n<li>recevoir le programme et toutes informations concernant les activit\u00e9s de la Soci\u00e9t\u00e9,<\/li>\n<li>obtenir un tarif d\u2019inscription pr\u00e9f\u00e9rentiel aux s\u00e9ances organis\u00e9es par la Soci\u00e9t\u00e9,<\/li>\n<li>participer \u00e0 notre s\u00e9ance solennelle<\/li>\n<\/ul>\n<p>La Soci\u00e9t\u00e9 M\u00e9dicale des H\u00f4pitaux de Paris est une soci\u00e9t\u00e9 tr\u00e8s ouverte, bien que votre admission soit soumise \u00e0 conditions:<\/p>\n<ul>\n<li>\u00eatre M\u00e9decin des H\u00f4pitaux de Paris ou des H\u00f4pitaux d\u2019Ile de France (membre titulaire),<\/li>\n<li>ou M\u00e9decin des H\u00f4pitaux militaires (membre titulaire),<\/li>\n<li>ou M\u00e9decin des H\u00f4pitaux hors Ile de France ou m\u00e9decin hospitalier\u00a0(membre correspondant),<\/li>\n<li>ou Interne des H\u00f4pitaux, Chef de Clinique-Assistant, (membre junior, exon\u00e9r\u00e9 de cotisation, entr\u00e9e gratuite aux JFM).<\/li>\n<\/ul>\n<p>Toute admission est soumise \u00e0 l\u2019avis de la commission des candidatures de la SMHP.<\/p>\n<p>N&rsquo;h\u00e9sitez pas \u00e0 nous contacter.<\/p>\n<h4><a href=\"http:\/\/www.smhp.fr\/wp-content\/uploads\/2017\/02\/2017adhesion.pdf\" target=\"_blank\" rel=\"noopener\">Formulaire d&rsquo;adh\u00e9sion<\/a><\/h4>\n<\/div>\n","protected":false},"excerpt":{"rendered":"<p>Vous avez la possibilit\u00e9 de devenir membre de la SMHP afin de b\u00e9n\u00e9ficier des avantages suivants: recevoir le programme et toutes informations concernant les activit\u00e9s de la Soci\u00e9t\u00e9, obtenir un tarif d\u2019inscription pr\u00e9f\u00e9rentiel aux s\u00e9ances organis\u00e9es par la Soci\u00e9t\u00e9, participer \u00e0 notre s\u00e9ance solennelle La Soci\u00e9t\u00e9 M\u00e9dicale des H\u00f4pitaux de Paris est une soci\u00e9t\u00e9 tr\u00e8s &hellip; <a href=\"http:\/\/www.smhp.fr\/?page_id=79\" class=\"more-link\">Continuer la lecture de <span class=\"screen-reader-text\">Devenez membre<\/span> <span class=\"meta-nav\">&rarr;<\/span><\/a><\/p>\n","protected":false},"author":2,"featured_media":0,"parent":0,"menu_order":5,"comment_status":"closed","ping_status":"closed","template":"","meta":[],"_links":{"self":[{"href":"http:\/\/www.smhp.fr\/index.php?rest_route=\/wp\/v2\/pages\/79"}],"collection":[{"href":"http:\/\/www.smhp.fr\/index.php?rest_route=\/wp\/v2\/pages"}],"about":[{"href":"http:\/\/www.smhp.fr\/index.php?rest_route=\/wp\/v2\/types\/page"}],"author":[{"embeddable":true,"href":"http:\/\/www.smhp.fr\/index.php?rest_route=\/wp\/v2\/users\/2"}],"replies":[{"embeddable":true,"href":"http:\/\/www.smhp.fr\/index.php?rest_route=%2Fwp%2Fv2%2Fcomments&post=79"}],"version-history":[{"count":12,"href":"http:\/\/www.smhp.fr\/index.php?rest_route=\/wp\/v2\/pages\/79\/revisions"}],"predecessor-version":[{"id":1335,"href":"http:\/\/www.smhp.fr\/index.php?rest_route=\/wp\/v2\/pages\/79\/revisions\/1335"}],"wp:attachment":[{"href":"http:\/\/www.smhp.fr\/index.php?rest_route=%2Fwp%2Fv2%2Fmedia&parent=79"}],"curies":[{"name":"wp","href":"https:\/\/api.w.org\/{rel}","templated":true}]}}