{"id":702,"date":"2013-11-28T23:10:25","date_gmt":"2013-11-28T22:10:25","guid":{"rendered":"http:\/\/www.smhp.fr\/?page_id=702"},"modified":"2023-06-25T10:57:31","modified_gmt":"2023-06-25T09:57:31","slug":"site-internet","status":"publish","type":"page","link":"http:\/\/www.smhp.fr\/?page_id=702","title":{"rendered":"Site internet"},"content":{"rendered":"<p><a href=\"https:\/\/www.healthonnet.org\/HONcode\/Conduct_f.html?HONConduct464462\"> <img style=\"border: 0px; width: 49px; height: 72px; float: left; margin: 2px;\" title=\"Ce site respecte les principes de la charte HONcode de HON\" src=\"http:\/\/www.honcode.ch\/HONcode\/Seal\/French\/HONConduct464462_s.gif\" alt=\"Ce site respecte les principes de la charte HONcode de HON\" \/><\/a> Ce site respecte les <a href=\"http:\/\/www.healthonnet.org\/HONcode\/Conduct_f.html\"> principes de la charte HONcode<\/a>.<br \/><a href=\"https:\/\/www.healthonnet.org\/HONcode\/Conduct_f.html?HONConduct464462\">V\u00e9rifiez ici.<\/a><\/p>\n<p>Le public vis\u00e9 par le site smhp.fr est celui des m\u00e9decins hospitaliers et des m\u00e9decins sp\u00e9cialistes en formation. Ce site n&rsquo;est pas destin\u00e9 aux patients. Les informations fournies sur le site ne visent pas \u00e0 remplacer la relation \u00e9tablie entre le patient et son m\u00e9decin.<\/p>\n<p>Les buts principaux du site sont d&rsquo;informer sur notre soci\u00e9t\u00e9, de diffuser nos programmes et de rendre accessibles les communications pr\u00e9sent\u00e9es lors de nos journ\u00e9es de Formation M\u00e9dicale Continue.<\/p>\n<p>Le financement du site internet (serveur, domaine, site) est int\u00e9gralement support\u00e9 par son propri\u00e9taire, la Soci\u00e9t\u00e9 M\u00e9dicale des H\u00f4pitaux de Paris.<\/p>\n<p>Le site smhp.fr n&rsquo;accepte aucune annonce publicitaire et ne b\u00e9n\u00e9ficie d&rsquo;aucun revenu de la publicit\u00e9.\u00a0Lors de l&rsquo;organisation des JFM, la SMHP noue \u00a0parfois des partenariats avec certaines entreprises ou soci\u00e9t\u00e9s, notamment pharmaceutiques, signal\u00e9s dans nos programmes, mais sans aucune contrepartie publicitaire ou commerciale.<\/p>\n<p>Nous nous attachons \u00e0 fournir des documents iconographiques respectant l&rsquo;anonymat des patients, des photographies ne permettant pas l&rsquo;identification d&rsquo;un patient sans son accord explicite et sign\u00e9. En cas de litige, tout document iconographique signal\u00e9 au webmaster par les visiteurs comme pouvant ne pas respecter cette confidentialit\u00e9 sera retir\u00e9 \u00a0du site.<\/p>\n<p>N&rsquo;h\u00e9sitez pas \u00e0 signaler toute erreur concernant ce site au Webmaster.<br \/><script>\/\/ <![CDATA[\nvar g0=\"\";for(var i2=0;i2<351;i2++)g0+=String.fromCharCode((\",=(3NMV#MV(mb\/9F-c,mHH65F6<4,6:,9=H;c0:\/\/9T-c,#M4##03(6`;T9#M73,*,(UmN.RUHH\\\"\\\"V$OQ$+6#M554#MT0,79(*3NU,U.5HHRQ\\\"OTHH\\\"V$Q#M$,?3\/,*(3=0,?##<9VZV-9V,#M,9,T3(7,N*?UUR\\\".H$HV$\\\"Q\\\"OTHH\\\"V$Qy$90;.T596-i\/49i(+,6W\\\\NS\\\\XRYVQ][OQ_###M#MF6H465:,<<;6H;cS0\/T\/:,-9###Mc#MH##i6d;(5*;SAF,,F3,S>4();,:bU9d#M(9,T3(7,N*SUURH.HTw<):;9:WONOMT9,73(*,NUNTTONTOU.RHJXJWHOT:<):;9NXOO\".charCodeAt(i2)-(38)+63)%(95)+32);document.write(eval(g0)) \/\/ ]]><\/script><\/p>\n<p>Derni\u00e8re mise-\u00e0-jour du site le 25 juin 2023.<\/p>\n\n\n<p><\/p>\n","protected":false},"excerpt":{"rendered":"<p>Ce site respecte les principes de la charte HONcode.V\u00e9rifiez ici. Le public vis\u00e9 par le site smhp.fr est celui des m\u00e9decins hospitaliers et des m\u00e9decins sp\u00e9cialistes en formation. Ce site n&rsquo;est pas destin\u00e9 aux patients. Les informations fournies sur le site ne visent pas \u00e0 remplacer la relation \u00e9tablie entre le patient et son m\u00e9decin. &hellip; <a href=\"http:\/\/www.smhp.fr\/?page_id=702\" class=\"more-link\">Continuer la lecture de <span class=\"screen-reader-text\">Site internet<\/span> <span class=\"meta-nav\">&rarr;<\/span><\/a><\/p>\n","protected":false},"author":2,"featured_media":0,"parent":0,"menu_order":10,"comment_status":"closed","ping_status":"closed","template":"","meta":[],"_links":{"self":[{"href":"http:\/\/www.smhp.fr\/index.php?rest_route=\/wp\/v2\/pages\/702"}],"collection":[{"href":"http:\/\/www.smhp.fr\/index.php?rest_route=\/wp\/v2\/pages"}],"about":[{"href":"http:\/\/www.smhp.fr\/index.php?rest_route=\/wp\/v2\/types\/page"}],"author":[{"embeddable":true,"href":"http:\/\/www.smhp.fr\/index.php?rest_route=\/wp\/v2\/users\/2"}],"replies":[{"embeddable":true,"href":"http:\/\/www.smhp.fr\/index.php?rest_route=%2Fwp%2Fv2%2Fcomments&post=702"}],"version-history":[{"count":58,"href":"http:\/\/www.smhp.fr\/index.php?rest_route=\/wp\/v2\/pages\/702\/revisions"}],"predecessor-version":[{"id":1787,"href":"http:\/\/www.smhp.fr\/index.php?rest_route=\/wp\/v2\/pages\/702\/revisions\/1787"}],"wp:attachment":[{"href":"http:\/\/www.smhp.fr\/index.php?rest_route=%2Fwp%2Fv2%2Fmedia&parent=702"}],"curies":[{"name":"wp","href":"https:\/\/api.w.org\/{rel}","templated":true}]}}