{"id":686,"date":"2013-11-23T22:31:43","date_gmt":"2013-11-23T21:31:43","guid":{"rendered":"http:\/\/www.smhp.fr\/?page_id=686"},"modified":"2022-04-26T08:25:44","modified_gmt":"2022-04-26T07:25:44","slug":"mentions-legales","status":"publish","type":"page","link":"http:\/\/www.smhp.fr\/?page_id=686","title":{"rendered":"Mentions l\u00e9gales"},"content":{"rendered":"<p>Le propri\u00e9taire et \u00e9diteur de ce site web est la la Soci\u00e9t\u00e9 M\u00e9dicale des H\u00f4pitaux de Paris ayant son si\u00e8ge social au 27, rue du Faubourg Saint Jacques, Service de M\u00e9decine Interne du Pr Luc Mouthon, H\u00f4pital Cochin, \u00e0 Paris (75014) FRANCE,<br \/>N\u00b0 SIRET : 30830806300038.<\/p>\n<p>Notre h\u00e9bergeur est\u00a0la soci\u00e9t\u00e9 de droit fran\u00e7ais\u00a0GANDI SAS, Soci\u00e9t\u00e9 par Actions Simplifi\u00e9e au capital de 300.000\u20ac ayant son si\u00e8ge social au\u00a063-65 boulevard Massena \u00e0 Paris (75013) FRANCE,<br \/>immatricul\u00e9e sous le num\u00e9ro 423 093 459 RCS PARIS<br \/>N\u00b0 TVA FR81423093459<br \/>T\u00e9l\u00e9phone : +33.(0) 1 70.37.76.61<br \/>T\u00e9l\u00e9copie +33.(0) 1 43 73 18 51<\/p>\n<p>Le contenu de ce site constitue une \u0153uvre num\u00e9rique, prot\u00e9g\u00e9e par les lois en vigueur sur la propri\u00e9t\u00e9 intellectuelle. La reproduction ou repr\u00e9sentation, int\u00e9grale ou partielle, des pages, des donn\u00e9es et de tout autre \u00e9l\u00e9ment constitutif du site, par quelque proc\u00e9d\u00e9 que se soit, ne peut \u00eatre r\u00e9alis\u00e9e qu&rsquo;avec l\u2019autorisation expresse de son propri\u00e9taire.<\/p>\n<p>En particulier, les contenus suivants ne sont pas re\u0301utilisables sans autorisation : textes et PDF des Journ\u00e9es Fran\u00e7aises de M\u00e9decine, textes des \u00e9loges et des s\u00e9ances solennelles.<\/p>\n<p>Les photographies reproduites sur ce site ne peuvent e\u0302tre exploite\u0301es pour quelque utilisation que ce soit sans autorisation.<\/p>\n<p>Si vous souhaitez reproduire ou re\u0301utiliser des contenus pre\u0301sents sur ce site, contactez le webmaster [voir \u00ab\u00a0contact\u00a0\u00bb] pour connai\u0302tre les conditions de re\u0301utilisation applicables au contenu en question.<\/p>\n<p>Le site smhp.fr autorise la mise en place de liens hypertextes vers ses pages.\u00a0La mention explicite du site smhp.fr dans l\u2019intitule\u0301 du lien est impe\u0301rative. La SMHP se re\u0301serve le droit de demander la suppression d\u2019un lien qu\u2019elle estime non conforme a\u0300 l\u2019objet du site, a\u0300 ses missions ou \u00e0 ses valeurs.\u00a0Cette autorisation est valable pour tous supports, a\u0300 l\u2019exception de ceux diffusant des informations a\u0300 caracte\u0300re raciste, pornographique, xe\u0301nophobe ou pouvant porter atteinte a\u0300 la sensibilite\u0301 du plus grand nombre.<\/p>\n<p>Notre site ne recueille aucune information relative \u00e0 la vie priv\u00e9e des internautes, et n&rsquo;a pas de fichier ou de base de donn\u00e9e d\u00e9clar\u00e9e \u00e0 la Commission nationale de l&rsquo;informatique et des libert\u00e9s (CNIL).<\/p>\n<p>Page mise \u00e0 Jour le 26 avril 2022.<\/p>\n\n\n<p><\/p>\n","protected":false},"excerpt":{"rendered":"<p>Le propri\u00e9taire et \u00e9diteur de ce site web est la la Soci\u00e9t\u00e9 M\u00e9dicale des H\u00f4pitaux de Paris ayant son si\u00e8ge social au 27, rue du Faubourg Saint Jacques, Service de M\u00e9decine Interne du Pr Luc Mouthon, H\u00f4pital Cochin, \u00e0 Paris (75014) FRANCE,N\u00b0 SIRET : 30830806300038. Notre h\u00e9bergeur est\u00a0la soci\u00e9t\u00e9 de droit fran\u00e7ais\u00a0GANDI SAS, Soci\u00e9t\u00e9 par &hellip; <a href=\"http:\/\/www.smhp.fr\/?page_id=686\" class=\"more-link\">Continuer la lecture de <span class=\"screen-reader-text\">Mentions l\u00e9gales<\/span> <span class=\"meta-nav\">&rarr;<\/span><\/a><\/p>\n","protected":false},"author":2,"featured_media":0,"parent":0,"menu_order":11,"comment_status":"closed","ping_status":"closed","template":"","meta":[],"_links":{"self":[{"href":"http:\/\/www.smhp.fr\/index.php?rest_route=\/wp\/v2\/pages\/686"}],"collection":[{"href":"http:\/\/www.smhp.fr\/index.php?rest_route=\/wp\/v2\/pages"}],"about":[{"href":"http:\/\/www.smhp.fr\/index.php?rest_route=\/wp\/v2\/types\/page"}],"author":[{"embeddable":true,"href":"http:\/\/www.smhp.fr\/index.php?rest_route=\/wp\/v2\/users\/2"}],"replies":[{"embeddable":true,"href":"http:\/\/www.smhp.fr\/index.php?rest_route=%2Fwp%2Fv2%2Fcomments&post=686"}],"version-history":[{"count":22,"href":"http:\/\/www.smhp.fr\/index.php?rest_route=\/wp\/v2\/pages\/686\/revisions"}],"predecessor-version":[{"id":1738,"href":"http:\/\/www.smhp.fr\/index.php?rest_route=\/wp\/v2\/pages\/686\/revisions\/1738"}],"wp:attachment":[{"href":"http:\/\/www.smhp.fr\/index.php?rest_route=%2Fwp%2Fv2%2Fmedia&parent=686"}],"curies":[{"name":"wp","href":"https:\/\/api.w.org\/{rel}","templated":true}]}}