{"id":668,"date":"2013-11-18T21:46:59","date_gmt":"2013-11-18T20:46:59","guid":{"rendered":"http:\/\/www.smhp.fr\/?page_id=668"},"modified":"2014-10-27T22:40:11","modified_gmt":"2014-10-27T21:40:11","slug":"jfm-83-hypertension-pulmonaire-en-medecine-interne","status":"publish","type":"page","link":"http:\/\/www.smhp.fr\/?page_id=668","title":{"rendered":"JFM 83. Hypertension pulmonaire en m\u00e9decine interne"},"content":{"rendered":"<p><strong>Organisateur :\u00a0Professeur Marc HUMBERT<\/strong><br \/>\nSous la pr\u00e9sidence du Professeur Jean-Pierre Algayres<br \/>\nSecr\u00e9taires G\u00e9n\u00e9raux : Martine GAYRAUD et Jean-Marc ZIZA<br \/>\nVendredi 10 octobre 2014<\/p>\n<p>Avec la participation des laboratoire Bayer et Act\u00e9lion<br \/>\n<a href=\"http:\/\/www.smhp.fr\/wp-content\/uploads\/2014\/06\/image001.jpg\"><img loading=\"lazy\" class=\"alignnone size-full wp-image-949\" src=\"http:\/\/www.smhp.fr\/wp-content\/uploads\/2014\/06\/image001.jpg\" alt=\"image001\" width=\"275\" height=\"114\" \/><\/a><\/p>\n<p><a href=\"http:\/\/www.smhp.fr\/wp-content\/uploads\/2014\/06\/logoactelion.png\"><img loading=\"lazy\" class=\"alignnone size-full wp-image-963\" src=\"http:\/\/www.smhp.fr\/wp-content\/uploads\/2014\/06\/logoactelion.png\" alt=\"logoactelion\" width=\"143\" height=\"59\" \/><\/a><\/p>\n<p><strong><a href=\"http:\/\/www.smhp.fr\/wp-content\/uploads\/2014\/07\/83prospectus.pdf\" target=\"_blank\">Prospectus<\/a><\/strong><\/p>\n<p><strong><a href=\"http:\/\/www.smhp.fr\/wp-content\/uploads\/2014\/10\/83simonneau.pdf\" target=\"_blank\">D\u00e9finition, diagnostic et classification des hypertensions pulmonaires<\/a><\/strong><br \/>\nG\u00e9rald Simonneau, Bic\u00eatre, Le Kremlin-Bic\u00eatre<\/p>\n<p><strong><a href=\"http:\/\/www.smhp.fr\/wp-content\/uploads\/2014\/10\/83mouthon.pdf\" target=\"_blank\">Hypertension pulmonaire et connectivites<\/a><\/strong><br \/>\nLuc Mouthon, Cochin, Paris<\/p>\n<p><strong><a href=\"http:\/\/www.smhp.fr\/wp-content\/uploads\/2014\/10\/83savale.pdf\" target=\"_blank\">Hypertension pulmonaire et maladies h\u00e9patiques<\/a><\/strong><br \/>\nLaurent Savale, Bic\u00eatre, Le Kremlin-Bic\u00eatre<\/p>\n<p><strong>Hypertension pulmonaire des maladies\u00a0respiratoires chroniques<\/strong><br \/>\nVincent Cottin, CHU, Lyon<\/p>\n<p><strong>Maladie veino-occlusive pulmonaire<\/strong><br \/>\nDavid Montani, Bic\u00eatre, Le Kremlin-Bic\u00eatre<\/p>\n<p><strong><a href=\"http:\/\/www.smhp.fr\/wp-content\/uploads\/2014\/10\/83dartevelle.pdf\" target=\"_blank\">Hypertension pulmonaire post-embolique<\/a><\/strong><br \/>\nPhilippe Dartevelle, Marie Lannelongue, Le Plessis-Robinson<\/p>\n<p><strong><a href=\"http:\/\/www.smhp.fr\/wp-content\/uploads\/2014\/10\/83parent.pdf\" target=\"_blank\">Hypertension pulmonaire et dr\u00e9panocytose<\/a><\/strong><br \/>\nFlorence Parent, Bic\u00eatre, Le Kremlin-Bic\u00eatre<\/p>\n<p><strong><a href=\"http:\/\/www.smhp.fr\/wp-content\/uploads\/2014\/10\/83sitbon.pdf\" target=\"_blank\">Traitement de l\u2019hypertension pulmonaire<\/a><\/strong><br \/>\nOlivier Sitbon, Bic\u00eatre, Le Kremlin-Bic\u00eatre<\/p>\n<p><strong><a href=\"http:\/\/www.smhp.fr\/wp-content\/uploads\/2014\/10\/83humbert2.pdf\" target=\"_blank\">Nouvelles approches physiopathologiques et innovation th\u00e9rapeutique<\/a><\/strong><br \/>\nMarc Humbert, Bic\u00eatre, Le Kremlin-Bic\u00eatre<\/p>\n","protected":false},"excerpt":{"rendered":"<p>Organisateur :\u00a0Professeur Marc HUMBERT Sous la pr\u00e9sidence du Professeur Jean-Pierre Algayres Secr\u00e9taires G\u00e9n\u00e9raux : Martine GAYRAUD et Jean-Marc ZIZA Vendredi 10 octobre 2014 Avec la participation des laboratoire Bayer et Act\u00e9lion Prospectus D\u00e9finition, diagnostic et classification des hypertensions pulmonaires G\u00e9rald Simonneau, Bic\u00eatre, Le Kremlin-Bic\u00eatre Hypertension pulmonaire et connectivites Luc Mouthon, Cochin, Paris Hypertension pulmonaire et &hellip; <a href=\"http:\/\/www.smhp.fr\/?page_id=668\" class=\"more-link\">Continuer la lecture de <span class=\"screen-reader-text\">JFM 83. Hypertension pulmonaire en m\u00e9decine interne<\/span> <span class=\"meta-nav\">&rarr;<\/span><\/a><\/p>\n","protected":false},"author":2,"featured_media":0,"parent":400,"menu_order":4,"comment_status":"closed","ping_status":"closed","template":"","meta":[],"_links":{"self":[{"href":"http:\/\/www.smhp.fr\/index.php?rest_route=\/wp\/v2\/pages\/668"}],"collection":[{"href":"http:\/\/www.smhp.fr\/index.php?rest_route=\/wp\/v2\/pages"}],"about":[{"href":"http:\/\/www.smhp.fr\/index.php?rest_route=\/wp\/v2\/types\/page"}],"author":[{"embeddable":true,"href":"http:\/\/www.smhp.fr\/index.php?rest_route=\/wp\/v2\/users\/2"}],"replies":[{"embeddable":true,"href":"http:\/\/www.smhp.fr\/index.php?rest_route=%2Fwp%2Fv2%2Fcomments&post=668"}],"version-history":[{"count":29,"href":"http:\/\/www.smhp.fr\/index.php?rest_route=\/wp\/v2\/pages\/668\/revisions"}],"predecessor-version":[{"id":1019,"href":"http:\/\/www.smhp.fr\/index.php?rest_route=\/wp\/v2\/pages\/668\/revisions\/1019"}],"up":[{"embeddable":true,"href":"http:\/\/www.smhp.fr\/index.php?rest_route=\/wp\/v2\/pages\/400"}],"wp:attachment":[{"href":"http:\/\/www.smhp.fr\/index.php?rest_route=%2Fwp%2Fv2%2Fmedia&parent=668"}],"curies":[{"name":"wp","href":"https:\/\/api.w.org\/{rel}","templated":true}]}}