{"id":65,"date":"2013-11-09T18:12:38","date_gmt":"2013-11-09T17:12:38","guid":{"rendered":"http:\/\/www.smhp.fr\/?page_id=65"},"modified":"2017-11-19T12:03:29","modified_gmt":"2017-11-19T11:03:29","slug":"solennelle","status":"publish","type":"page","link":"http:\/\/www.smhp.fr\/?page_id=65","title":{"rendered":"Solennelle"},"content":{"rendered":"<p>La S\u00e9ance Solennelle de la Soci\u00e9t\u00e9 M\u00e9dicale des H\u00f4pitaux de Paris est anim\u00e9e par une conf\u00e9rence sur un th\u00e8me librement choisi par une personnalit\u00e9.\u00a0Cette r\u00e9union annuelle de la Soci\u00e9t\u00e9 correspond au changement de pr\u00e9sident.<\/p>\n<p><strong>Conf\u00e9rences des derni\u00e8res ann\u00e9es :<\/strong><\/p>\n<p><strong>2016.<\/strong> Monsieur\u00a0Philippe CHARLIER, \u00ab\u00a0Anthropologie m\u00e9dicale: cas historiques\u00a0\u00bb<\/p>\n<p><strong>2015.<\/strong> Monsieur le Ministre Robert BADINTER<\/p>\n<p><strong>2014.<\/strong> Professeur Didier SICARD, <strong><a title=\"Pr. Didier SICARD, \u201cJusqu\u2019o\u00f9 assister la fin de vie ?\u201d\" href=\"http:\/\/www.smhp.fr\/?page_id=855\">\u201cJusqu\u2019o\u00f9 assister la fin de vie ?\u201d<\/a><\/strong><\/p>\n<p><strong>2013.<\/strong> <span style=\"line-height: 1.5;\">Professeur Patrick BERCHE, \u00ab La biologie du pass\u00e9 \u00bb<\/span><\/p>\n<p><strong>2012.<\/strong> Monsieur le Ministre Bernard KOUCHNER<\/p>\n<p><strong>2011. <\/strong><span style=\"line-height: 1.5;\">Professeur Alain-Charles MASQUELET, <strong><a title=\"\u00ab Le mouvement: r\u00e9alit\u00e9 ou illusion? \u00bb par le Pr Masquelet\" href=\"http:\/\/www.smhp.fr\/?page_id=77\">\u00ab\u00a0<\/a><\/strong><\/span><strong><a title=\"\u00ab Le mouvement: r\u00e9alit\u00e9 ou illusion? \u00bb par le Pr Masquelet\" href=\"http:\/\/www.smhp.fr\/?page_id=77\"><span style=\"line-height: 1.5;\">Le mouvement: r\u00e9alit\u00e9 ou illusion? \u00ab\u00a0<\/span><\/a><\/strong><\/p>\n<p><strong>2010. <\/strong>Professeur <span style=\"line-height: 1.714285714; font-size: 1rem;\">Philippe JEAMMET<\/span><\/p>\n<p><strong>2009. <\/strong>Monsieur <span style=\"line-height: 1.714285714; font-size: 1rem;\">Pierre PERET, <\/span><span style=\"line-height: 1.714285714; font-size: 1rem;\">\u00ab Voir \u00bb<\/span><\/p>\n<p><strong>2008. <\/strong><span style=\"line-height: 1.714285714; font-size: 1rem;\">Docteur Xavier EMMANUELLI, <\/span><span style=\"line-height: 1.714285714; font-size: 1rem;\">\u00ab Peut-on parler d\u2019une clinique de l\u2019exclusion \u00bb<\/span><\/p>\n<p><strong>2007. <\/strong><span style=\"line-height: 1.714285714; font-size: 1rem;\">Professeur Jean-Didier VINCENT, <\/span><span style=\"line-height: 1.714285714; font-size: 1rem;\">\u00ab M\u00e9lancolie : aspects litt\u00e9raires et neurobiologiques \u00bb<\/span><\/p>\n<p><strong>2006. <\/strong>Monsieur Jean DANIEL, <a style=\"line-height: 1.714285714; font-size: 1rem;\" title=\"\u00ab Le multiculturalisme \u00bb par Jean Daniel\" href=\"http:\/\/www.smhp.fr\/?page_id=74\"><strong>\u00ab Le Multiculturalisme \u00bb<\/strong><\/a><\/p>\n<p><strong>2005. <\/strong>Monsieur Jean de KERVASDOUE, <a title=\"\u00ab Au nom de quoi soigner? \u00bb par Jean de Kervasdou\u00e9\" href=\"http:\/\/www.smhp.fr\/?page_id=71\"><strong>\u00ab Au nom de quoi soigner ? \u00bb<\/strong><\/a><\/p>\n<p><strong>2004. <\/strong>Monsieur Jean MALAURIE, \u00ab L\u2019appel du Nord \u00bb<\/p>\n<p><strong>2003. <\/strong>Madame Elisabeth BADINTER, \u00abLa Soci\u00e9t\u00e9 Fran\u00e7aise \u00e0 travers le d\u00e9bat sur la prostitution\u00bb<\/p>\n<p><strong>2002.\u00a0<\/strong>Monsieur Maurice MESSMER,\u00a0\u00abTerrorisme et Strat\u00e9gies\u00bb<\/p>\n<p>&nbsp;<\/p>\n","protected":false},"excerpt":{"rendered":"<p>La S\u00e9ance Solennelle de la Soci\u00e9t\u00e9 M\u00e9dicale des H\u00f4pitaux de Paris est anim\u00e9e par une conf\u00e9rence sur un th\u00e8me librement choisi par une personnalit\u00e9.\u00a0Cette r\u00e9union annuelle de la Soci\u00e9t\u00e9 correspond au changement de pr\u00e9sident. Conf\u00e9rences des derni\u00e8res ann\u00e9es : 2016. Monsieur\u00a0Philippe CHARLIER, \u00ab\u00a0Anthropologie m\u00e9dicale: cas historiques\u00a0\u00bb 2015. Monsieur le Ministre Robert BADINTER 2014. Professeur Didier &hellip; <a href=\"http:\/\/www.smhp.fr\/?page_id=65\" class=\"more-link\">Continuer la lecture de <span class=\"screen-reader-text\">Solennelle<\/span> <span class=\"meta-nav\">&rarr;<\/span><\/a><\/p>\n","protected":false},"author":2,"featured_media":0,"parent":0,"menu_order":6,"comment_status":"closed","ping_status":"closed","template":"","meta":[],"_links":{"self":[{"href":"http:\/\/www.smhp.fr\/index.php?rest_route=\/wp\/v2\/pages\/65"}],"collection":[{"href":"http:\/\/www.smhp.fr\/index.php?rest_route=\/wp\/v2\/pages"}],"about":[{"href":"http:\/\/www.smhp.fr\/index.php?rest_route=\/wp\/v2\/types\/page"}],"author":[{"embeddable":true,"href":"http:\/\/www.smhp.fr\/index.php?rest_route=\/wp\/v2\/users\/2"}],"replies":[{"embeddable":true,"href":"http:\/\/www.smhp.fr\/index.php?rest_route=%2Fwp%2Fv2%2Fcomments&post=65"}],"version-history":[{"count":3,"href":"http:\/\/www.smhp.fr\/index.php?rest_route=\/wp\/v2\/pages\/65\/revisions"}],"predecessor-version":[{"id":1193,"href":"http:\/\/www.smhp.fr\/index.php?rest_route=\/wp\/v2\/pages\/65\/revisions\/1193"}],"wp:attachment":[{"href":"http:\/\/www.smhp.fr\/index.php?rest_route=%2Fwp%2Fv2%2Fmedia&parent=65"}],"curies":[{"name":"wp","href":"https:\/\/api.w.org\/{rel}","templated":true}]}}