{"id":63,"date":"2013-11-09T18:09:17","date_gmt":"2013-11-09T17:09:17","guid":{"rendered":"http:\/\/www.smhp.fr\/?page_id=63"},"modified":"2026-03-13T17:08:42","modified_gmt":"2026-03-13T16:08:42","slug":"index-html","status":"publish","type":"page","link":"http:\/\/www.smhp.fr\/","title":{"rendered":"Actualit\u00e9s"},"content":{"rendered":"<header class=\"entry-header\">\n<div class=\"page\" title=\"Page 1\">\n<div class=\"section\">\n<div class=\"layoutArea\">\n<div class=\"column\">\n<div class=\"page\" title=\"Page 1\">\n<div class=\"section\">\n<div class=\"layoutArea\">\n<div class=\"column\">\n<div class=\"page\" title=\"Page 1\">\n<div class=\"section\">\n<div class=\"layoutArea\">\n<div class=\"column\">\n<h4><strong>Prochaine Journ\u00e9e Fran\u00e7aise de M\u00e9decine le vendredi\u00a0\u00a0 <\/strong><strong>12 juin 2026: <\/strong>\u00abGrossesse et M\u00e9decine Interne\u00bb<\/h4>\n<h5>La journ\u00e9e sera coordonn\u00e9e par les Prs Nathalie COSTEDOAT-CHALUMEAU et Vassilis TSATSARIS et se tiendra \u00e0 l\u2019auditorium de l\u2019h\u00f4pital des Diaconesses 14 rue du Sergent Bauchat &#8211; 75012 Paris<\/h5>\n<p>Inscription en contactant Nathalie Foulon: smhpfrance@gmail.com, gratuit pour les internes<\/p>\n<p>\u00a0<\/p>\n<h3><a href=\"https:\/\/docs.google.com\/forms\/d\/e\/1FAIpQLSf8DOC6LQHgq-rym-hp5AR4b_KTbgNFjfKR0MBTaYJ88XTfVA\/viewform?vc=0&amp;c=0&amp;w=1&amp;flr=0\">Quiz \u00ab\u00a0Les Grands Noms\u00a0\u00bb<\/a><\/h3>\n<\/div>\n<\/div>\n<\/div>\n<\/div>\n<\/div>\n<\/div>\n<\/div>\n<\/div>\n<\/div>\n<\/div>\n<\/div>\n<\/div>\n<\/header>\n<p><!--more--><\/p>\n<hr \/>\n<h3><a href=\"http:\/\/www.smhp.fr\/wp-content\/uploads\/2025\/03\/Programme-annuel-2025-SMHP-2.pdf\">Bulletin d&rsquo;adh\u00e9sion 2025<\/a><\/h3>\n<hr \/>\n<h3><a href=\"https:\/\/www.facebook.com\/pg\/smhp.paris.idf\/posts\/\"><span style=\"color: #993300;\">Suivez nous sur facebook !<\/span><\/a><\/h3>\n<hr \/>\n<h3><span style=\"color: #993300;\">Faites une donation \u00e0 la SMHP !<\/span><\/h3>\n<p>Savez-vous que les dons aux organismes reconnus d&rsquo;utilit\u00e9 publique ouvrent droit \u00e0 une r\u00e9duction d&rsquo;imp\u00f4t sur le revenu \u00e9gale \u00e0 <strong>66\u00a0% du montant vers\u00e9 dans la limite de 20 % du revenu imposable?<\/strong><\/p>\n<p>N&rsquo;h\u00e9sitez pas \u00e0 nous contacter (menu Contact ci-dessus).<\/p>\n<p>Voir https:\/\/www.economie.gouv.fr\/particuliers\/reduction-impot-don-associations<\/p>\n\n\n<p><\/p>\n\n\n\n<p><\/p>\n","protected":false},"excerpt":{"rendered":"<p>Prochaine Journ\u00e9e Fran\u00e7aise de M\u00e9decine le vendredi\u00a0\u00a0 12 juin 2026: \u00abGrossesse et M\u00e9decine Interne\u00bb La journ\u00e9e sera coordonn\u00e9e par les Prs Nathalie COSTEDOAT-CHALUMEAU et Vassilis TSATSARIS et se tiendra \u00e0 l\u2019auditorium de l\u2019h\u00f4pital des Diaconesses 14 rue du Sergent Bauchat &#8211; 75012 Paris Inscription en contactant Nathalie Foulon: smhpfrance@gmail.com, gratuit pour les internes \u00a0 Quiz &hellip; <a href=\"http:\/\/www.smhp.fr\/\" class=\"more-link\">Continuer la lecture de <span class=\"screen-reader-text\">Actualit\u00e9s<\/span> <span class=\"meta-nav\">&rarr;<\/span><\/a><\/p>\n","protected":false},"author":2,"featured_media":0,"parent":0,"menu_order":1,"comment_status":"closed","ping_status":"closed","template":"","meta":[],"_links":{"self":[{"href":"http:\/\/www.smhp.fr\/index.php?rest_route=\/wp\/v2\/pages\/63"}],"collection":[{"href":"http:\/\/www.smhp.fr\/index.php?rest_route=\/wp\/v2\/pages"}],"about":[{"href":"http:\/\/www.smhp.fr\/index.php?rest_route=\/wp\/v2\/types\/page"}],"author":[{"embeddable":true,"href":"http:\/\/www.smhp.fr\/index.php?rest_route=\/wp\/v2\/users\/2"}],"replies":[{"embeddable":true,"href":"http:\/\/www.smhp.fr\/index.php?rest_route=%2Fwp%2Fv2%2Fcomments&post=63"}],"version-history":[{"count":199,"href":"http:\/\/www.smhp.fr\/index.php?rest_route=\/wp\/v2\/pages\/63\/revisions"}],"predecessor-version":[{"id":1935,"href":"http:\/\/www.smhp.fr\/index.php?rest_route=\/wp\/v2\/pages\/63\/revisions\/1935"}],"wp:attachment":[{"href":"http:\/\/www.smhp.fr\/index.php?rest_route=%2Fwp%2Fv2%2Fmedia&parent=63"}],"curies":[{"name":"wp","href":"https:\/\/api.w.org\/{rel}","templated":true}]}}