{"id":52,"date":"2013-11-09T16:38:16","date_gmt":"2013-11-09T15:38:16","guid":{"rendered":"http:\/\/www.smhp.fr\/?page_id=52"},"modified":"2023-08-21T10:07:58","modified_gmt":"2023-08-21T09:07:58","slug":"secretaires-generaux","status":"publish","type":"page","link":"http:\/\/www.smhp.fr\/?page_id=52","title":{"rendered":"Secr\u00e9taires g\u00e9n\u00e9raux (depuis 1969)"},"content":{"rendered":"<p>Depuis 2021: Dr Jonathan London et Dr Pierre CHARLES<\/p>\n<p>2020-2021: Dr Martine GAYRAUD et Dr Jonathan LONDON<\/p>\n<p>2009-2019 Dr GAYRAUD et Pr ZIZA<\/p>\n<p>2001-2009 Pr LE JEUNNE<\/p>\n<p>1993-2001 Pr GUILLEVIN<\/p>\n<p>1987-1993 Pr HAAS<\/p>\n<p>1980-1987 Pr ROUFFY<\/p>\n<p>1969-1980 Pr MACREZ<\/p>\n","protected":false},"excerpt":{"rendered":"<p>Depuis 2021: Dr Jonathan London et Dr Pierre CHARLES 2020-2021: Dr Martine GAYRAUD et Dr Jonathan LONDON 2009-2019 Dr GAYRAUD et Pr ZIZA 2001-2009 Pr LE JEUNNE 1993-2001 Pr GUILLEVIN 1987-1993 Pr HAAS 1980-1987 Pr ROUFFY 1969-1980 Pr MACREZ<\/p>\n","protected":false},"author":2,"featured_media":0,"parent":42,"menu_order":5,"comment_status":"closed","ping_status":"closed","template":"","meta":[],"_links":{"self":[{"href":"http:\/\/www.smhp.fr\/index.php?rest_route=\/wp\/v2\/pages\/52"}],"collection":[{"href":"http:\/\/www.smhp.fr\/index.php?rest_route=\/wp\/v2\/pages"}],"about":[{"href":"http:\/\/www.smhp.fr\/index.php?rest_route=\/wp\/v2\/types\/page"}],"author":[{"embeddable":true,"href":"http:\/\/www.smhp.fr\/index.php?rest_route=\/wp\/v2\/users\/2"}],"replies":[{"embeddable":true,"href":"http:\/\/www.smhp.fr\/index.php?rest_route=%2Fwp%2Fv2%2Fcomments&post=52"}],"version-history":[{"count":9,"href":"http:\/\/www.smhp.fr\/index.php?rest_route=\/wp\/v2\/pages\/52\/revisions"}],"predecessor-version":[{"id":1832,"href":"http:\/\/www.smhp.fr\/index.php?rest_route=\/wp\/v2\/pages\/52\/revisions\/1832"}],"up":[{"embeddable":true,"href":"http:\/\/www.smhp.fr\/index.php?rest_route=\/wp\/v2\/pages\/42"}],"wp:attachment":[{"href":"http:\/\/www.smhp.fr\/index.php?rest_route=%2Fwp%2Fv2%2Fmedia&parent=52"}],"curies":[{"name":"wp","href":"https:\/\/api.w.org\/{rel}","templated":true}]}}