{"id":44,"date":"2013-11-09T16:28:43","date_gmt":"2013-11-09T15:28:43","guid":{"rendered":"http:\/\/www.smhp.fr\/?page_id=44"},"modified":"2013-11-11T18:13:48","modified_gmt":"2013-11-11T17:13:48","slug":"nos-statuts","status":"publish","type":"page","link":"http:\/\/www.smhp.fr\/?page_id=44","title":{"rendered":"Nos statuts"},"content":{"rendered":"<p><strong>Association reconnue d\u2019Utilit\u00e9 Publique par d\u00e9cret du 12 d\u00e9cembre 1888<\/strong><\/p>\n<h2>I \u2013 BUT ET COMPOSITION DE L\u2019ASSOCIATION<\/h2>\n<h3>Article 1 :<\/h3>\n<p>La Soci\u00e9t\u00e9 M\u00e9dicale des H\u00f4pitaux de Paris fond\u00e9e en 1849 par les m\u00e9decins des h\u00f4pitaux de<\/p>\n<p>Paris a pour but :<br \/>\n&#8211; l\u2019\u00e9tude multidisciplinaire des progr\u00e8s de la m\u00e9decine (cliniques, th\u00e9rapeutiques, \u00e9pid\u00e9miologiques et prophylactiques) ;<br \/>\n&#8211; la multiplication des contacts entre les membres des diff\u00e9rentes sp\u00e9cialit\u00e9s m\u00e9dicales;<br \/>\n&#8211; la promotion et la diffusion de la recherche clinique ;<br \/>\n&#8211; la contribution de ses membres aux actions d\u2019enseignement.<\/p>\n<p>Sa dur\u00e9e est illimit\u00e9e.<\/p>\n<p>Elle a son si\u00e8ge social \u00e0 Paris.<\/p>\n<h3>Article 2 :<\/h3>\n<p>L\u2019association r\u00e9alise son objet par divers moyens, notamment :<br \/>\n&#8211; par des r\u00e9unions scientifiques, conf\u00e9rences, colloques, congr\u00e8s nationaux ou internationaux ;<br \/>\n&#8211; en r\u00e9unissant aupr\u00e8s d\u2019organismes m\u00e9dicaux et extra-m\u00e9dicaux, publics ou priv\u00e9s, les supports de toute nature jug\u00e9s n\u00e9cessaires ;<br \/>\n&#8211; en organisant, conjointement avec d\u2019autres soci\u00e9t\u00e9s savantes, la pr\u00e9paration des manifestations scientifiques et sociales ;<br \/>\n&#8211; en aidant \u00e0 la r\u00e9alisation de travaux scientifiques pr\u00e9sent\u00e9s dans le cadre de ces r\u00e9unions par des prix, des bourses, des publications ;<br \/>\n&#8211; en facilitant les rencontres entre les partenaires concern\u00e9s ;<br \/>\n&#8211; en assurant la diffusion, par tous les moyens l\u00e9gaux, des informations relatives \u00e0 ces r\u00e9unions scientifiques.<\/p>\n<h3>Article 3 :<\/h3>\n<p>La Soci\u00e9t\u00e9 se compose de membres titulaires, membres associ\u00e9s, membres correspondants, membres honoraires et membres de soutien.<\/p>\n<p>3-1 : Peuvent \u00eatre membres titulaires: les m\u00e9decins des h\u00f4pitaux et\/ou praticiens hospitaliers exer\u00e7ant leur activit\u00e9 dans le cadre des h\u00f4pitaux de Paris (ou des h\u00f4pitaux d\u2019Ile de France rattach\u00e9s aux h\u00f4pitaux de Paris), les praticiens hospitaliers exer\u00e7ant en secteur priv\u00e9 participant au service hospitalier public de la r\u00e9gion de Paris, les m\u00e9decins des h\u00f4pitaux des Arm\u00e9es (de Paris et de l\u2019Ile de France).<\/p>\n<p>3-2 : Peuvent \u00eatre membres associ\u00e9s, non titulaires, les chefs de clinique-assistants des h\u00f4pitaux. Ils sont exempt\u00e9s de cotisation. Ils n\u2019ont pas le droit de vote.<\/p>\n<p>3-3 : Peuvent \u00eatre membres correspondants:<br \/>\n&#8211; Nationaux : les praticiens hospitaliers provinciaux participant au service public, les m\u00e9decins des h\u00f4pitaux des Arm\u00e9es ;<br \/>\n&#8211; Etrangers : les m\u00e9decins hospitaliers de comp\u00e9tence reconnue ;<\/p>\n<p>3-4 : Sont admis comme membres honoraires, ceux des membres titulaires qui ont achev\u00e9 leur temps de service public dans les h\u00f4pitaux et qui en font la demande.<\/p>\n<p>3-5 : Peut \u00eatre membre de soutien, toute personne physique ou morale n\u2019appartenant pas aux cat\u00e9gories pr\u00e9c\u00e9dentes, s\u2019int\u00e9ressant aux activit\u00e9s de la Soci\u00e9t\u00e9, en r\u00e9glant \u00e0 la Soci\u00e9t\u00e9 une cotisation annuelle dont le montant est fix\u00e9 par le conseil d\u2019administration.<\/p>\n<p>La cotisation annuelle pour les membres titulaires et correspondants nationaux et pour les membres \u00e9trangers est fix\u00e9e chaque ann\u00e9e par les membres du conseil d\u2019administration et soumis \u00e0 l\u2019approbation de l\u2019Assembl\u00e9e G\u00e9n\u00e9rale.<\/p>\n<h3>Article 4 :<\/h3>\n<p>La qualit\u00e9 de membre de la Soci\u00e9t\u00e9 se perd :<br \/>\n&#8211; par la d\u00e9mission ;<br \/>\n&#8211; par la radiation prononc\u00e9e pour motifs graves, par l\u2019Assembl\u00e9e G\u00e9n\u00e9rale, \u00e0 la majorit\u00e9 des deux tiers des membres pr\u00e9sents, sur le rapport du Secr\u00e9taire G\u00e9n\u00e9ral. Le membre int\u00e9ress\u00e9 est pr\u00e9alablement appel\u00e9 \u00e0 fournir ses explications ;<br \/>\n&#8211; pour non paiement des cotisations selon les conditions fix\u00e9es par le r\u00e8glement int\u00e9rieur.<\/p>\n<h2>II \u2013 ADMINISTRATION ET FONCTIONNEMENT<\/h2>\n<h3>Article 5 :<\/h3>\n<p>La Soci\u00e9t\u00e9 est administr\u00e9e par un Conseil qui prend pour elle toutes d\u00e9cisions utiles et dont il rend compte (dans le cadre des Statuts et du r\u00e8glement int\u00e9rieur) \u00e0 l\u2019Assembl\u00e9e G\u00e9n\u00e9rale.<\/p>\n<p>Le Conseil d\u2019Administration comporte un nombre de membres multiple de 3, avec un minimum de 15 membres et un maximum de 24 \u00e9lus au scrutin secret pour six ans par l\u2019ensemble des membres de la Soci\u00e9t\u00e9.<\/p>\n<p>En cas de vacances, le conseil pourvoit provisoirement au remplacement de ses membres. Il est proc\u00e9d\u00e9 \u00e0 leur remplacement d\u00e9finitif par la plus prochaine assembl\u00e9e g\u00e9n\u00e9rale. Les pouvoirs des membres ainsi \u00e9lus prennent fin \u00e0 l\u2019\u00e9poque o\u00f9 devrait normalement expirer le mandat des membres remplac\u00e9s.<\/p>\n<p>Il est renouvelable par tiers tous les deux ans. Les membres sortants sont r\u00e9\u00e9ligibles.<\/p>\n<p>Le Conseil d\u2019Administration, \u00e9lit au scrutin secret les membres du Bureau. Celui-ci comporte le Pr\u00e9sident de la Soci\u00e9t\u00e9, le Vice-Pr\u00e9sident, le Secr\u00e9taire G\u00e9n\u00e9ral, un Secr\u00e9taire G\u00e9n\u00e9ral adjoint et le Tr\u00e9sorier.<\/p>\n<p>Le Pr\u00e9sident et le Vice-Pr\u00e9sident sont \u00e9lus pour un an et sont r\u00e9\u00e9ligibles.<\/p>\n<p>Les autres membres du Bureau sont \u00e9lus pour trois ans et peuvent \u00eatre ind\u00e9finiment r\u00e9\u00e9ligibles.<\/p>\n<p>Le Bureau se r\u00e9unit sur convocation du Pr\u00e9sident. Il prend ses d\u00e9cisions \u00e0 la majorit\u00e9 des voix. En cas de partage des voix, la voix du Pr\u00e9sident est pr\u00e9pond\u00e9rante.<\/p>\n<h3>Article 6 :<\/h3>\n<p>Il se r\u00e9unit au moins deux fois par an sur convocation du Pr\u00e9sident. Il peut en outre \u00eatre convoqu\u00e9 sur demande d\u2019au moins un tiers de ses membres.<\/p>\n<p>La pr\u00e9sence d\u2019au moins la moiti\u00e9 des membres est n\u00e9cessaire pour la validit\u00e9 des d\u00e9lib\u00e9rations. Les d\u00e9cisions sont prises \u00e0 la majorit\u00e9 des voix.<\/p>\n<p>Il est tenu proc\u00e8s-verbal des d\u00e9lib\u00e9rations sous signature de Pr\u00e9sident et du Secr\u00e9taire G\u00e9n\u00e9ral.<\/p>\n<p>Les proc\u00e8s-verbaux sont sign\u00e9s par le pr\u00e9sident et le secr\u00e9taire. Ils sont \u00e9tablis sans blancs ni ratures, sur les feuillets num\u00e9rot\u00e9s et conserv\u00e9s au si\u00e8ge de l\u2019association.<\/p>\n<h3>Article 7 :<\/h3>\n<p>Toutes les fonctions de la Soci\u00e9t\u00e9 sont exerc\u00e9es \u00e0 titre b\u00e9n\u00e9vole.<\/p>\n<p>Des remboursements de frais sont seuls possibles. Ils doivent faire l\u2019objet d\u2019une d\u00e9cision expresse du conseil d\u2019administration, statuant hors de la pr\u00e9sence des int\u00e9ress\u00e9s ; des justifications doivent \u00eatre produites qui font l\u2019objet de v\u00e9rification.<\/p>\n<p>Les agents r\u00e9tribu\u00e9s par l\u2019Association peuvent \u00eatre appel\u00e9s par le Pr\u00e9sident \u00e0 assister, avec voix consultative, aux s\u00e9ances de l\u2019Assembl\u00e9e G\u00e9n\u00e9rale et du Conseil d\u2019Administration<\/p>\n<p>La Soci\u00e9t\u00e9 s\u2019adjoint un comit\u00e9 consultatif compos\u00e9 des anciens pr\u00e9sidents. Il est consult\u00e9 par le conseil d\u2019administration sur toutes les questions int\u00e9ressant la vie de la Soci\u00e9t\u00e9.<\/p>\n<h3>Article 8 :<\/h3>\n<p>L\u2019Assembl\u00e9e G\u00e9n\u00e9rale se compose de tous les membres de la Soci\u00e9t\u00e9. Elle est r\u00e9unie au moins une fois par an sur convocation du Pr\u00e9sident et chaque fois qu\u2019elle est convoqu\u00e9e par le conseil d\u2019administration ou sur la demande du quart au moins de ses membres.<\/p>\n<p>Son ordre du jour est fix\u00e9 par le conseil d\u2019administration et comporte le rapport moral du secr\u00e9taire g\u00e9n\u00e9ral, le rapport de gestion du Tr\u00e9sorier sur la situation financi\u00e8re.<\/p>\n<p>Son Bureau est celui du conseil d\u2019administration.<\/p>\n<p>Elle approuve les comptes de l\u2019Exercice clos, vote le budget de l\u2019Exercice suivant, d\u00e9lib\u00e8re sur les questions mises \u00e0 l\u2019ordre du jour et pourvoit, s\u2019il y a lieu, au renouvellement des membres du conseil d\u2019administration.<\/p>\n<p>Les r\u00e9sultats des \u00e9lections au conseil d\u2019administration sont proclam\u00e9s au cours de l\u2019Assembl\u00e9e G\u00e9n\u00e9rale, de m\u00eame que ceux aux postes de membres titulaires ou correspondants.<\/p>\n<p>Le vote a lieu par correspondance, en cas d\u2019emp\u00eachement un pouvoir peut \u00eatre donn\u00e9 \u00e0 un membre de la Soci\u00e9t\u00e9. Les pouvoirs sont limit\u00e9s \u00e0 10 par personne.<\/p>\n<p>Seuls les membres \u00e0 jour de leur cotisation ont droit de vote.<\/p>\n<p>Il est tenu proc\u00e8s-verbal des s\u00e9ances.<\/p>\n<p>Les proc\u00e8s-verbaux sont sign\u00e9s par le pr\u00e9sident et le secr\u00e9taire g\u00e9n\u00e9ral. Ils sont \u00e9tablis sans blanc, ni ratures, sur des feuillets num\u00e9rot\u00e9s et conserv\u00e9s au si\u00e8ge de l\u2019Association.<\/p>\n<p>En cas de partage des voix, celle du pr\u00e9sident est pr\u00e9pond\u00e9rante.<\/p>\n<p>Le rapport annuel et les comptes sont adress\u00e9s chaque ann\u00e9e \u00e0 tous les membres de l\u2019association.<\/p>\n<h3>Article 9 :<\/h3>\n<p>Le Pr\u00e9sident repr\u00e9sente l\u2019association dans tous les actes de la vie civile. Il ordonnance les d\u00e9penses. Le pr\u00e9sident peut d\u00e9l\u00e9guer une partie de ses pouvoirs au secr\u00e9taire g\u00e9n\u00e9ral dans les conditions pr\u00e9vues au r\u00e8glement int\u00e9rieur.<\/p>\n<p>En cas de repr\u00e9sentation en justice, le pr\u00e9sident ne peut \u00eatre remplac\u00e9 que par un mandataire agissant en vertu d\u2019une procuration sp\u00e9ciale.<\/p>\n<p>Les repr\u00e9sentants de l\u2019association doivent jouir du plein exercice de leurs droits civils.<\/p>\n<h3>Article 10 :<\/h3>\n<p>Les d\u00e9lib\u00e9rations du conseil d\u2019administration relatives aux acquisitions, \u00e9changes et ali\u00e9nations d\u2019immeubles n\u00e9cessaires aux buts poursuivis par l\u2019association, constitutions d\u2019hypoth\u00e8ques sur lesdits immeubles, baux exc\u00e9dants neuf ann\u00e9es, ali\u00e9nations de biens rentrant dans la dotation et emprunts doivent \u00eatre approuv\u00e9es par l\u2019assembl\u00e9e g\u00e9n\u00e9rale.<\/p>\n<h3>Article 11 :<\/h3>\n<p>Les d\u00e9lib\u00e9rations du conseil d\u2019administration relatives \u00e0 l\u2019acceptation des dons et legs ne sont valables qu\u2019apr\u00e8s approbation administrative donn\u00e9e dans les conditions pr\u00e9vues par l\u2019article 910 du code civil, l\u2019article 7 de la loi du 4 f\u00e9vrier 1901 et le d\u00e9cret n\u00b0 66-388 du 13 juin 1966 modifi\u00e9s.<\/p>\n<p>Les d\u00e9lib\u00e9rations de l\u2019assembl\u00e9e g\u00e9n\u00e9rale relatives aux ali\u00e9nations de biens mobiliers et immobiliers d\u00e9pendant de la dotation \u00e0 la constitution d\u2019hypoth\u00e8ques et aux emprunts, ne sont valables qu\u2019apr\u00e8s approbation administrative.<\/p>\n<h2>III \u2013 DOTATION, RESSOURCES ANNUELLES<\/h2>\n<h3>Article 12 :<\/h3>\n<p>La dotation comprend :<\/p>\n<p>12.1 Une somme constitu\u00e9e en valeurs plac\u00e9es conform\u00e9ment aux prescriptions de l\u2019article suivant.<\/p>\n<p>12.2 Les immeubles n\u00e9cessaires aux buts recherch\u00e9s par l\u2019association ainsi que des bois, for\u00eats ou terrains \u00e0 boiser.<\/p>\n<p>12.3 Les capitaux provenant des lib\u00e9ralit\u00e9s, \u00e0 moins que l\u2019emploi imm\u00e9diat n\u2019ait \u00e9t\u00e9 autoris\u00e9. 12.4 Le dixi\u00e8me au moins, annuellement capitalis\u00e9, du revenu net des biens de l\u2019association.<\/p>\n<p>12.5 La partie des exc\u00e9dents de ressources qui n\u2019est pas n\u00e9cessaire au fonctionnement de l\u2019association pour l\u2019exercice suivant.<\/p>\n<h3>Article 13 :<\/h3>\n<p>Tous les capitaux mobiliers, y compris ceux de la dotation, sont plac\u00e9s en titres nominatifs, en titres pour lesquels est \u00e9tabli le bordereau de r\u00e9f\u00e9rences nominatives pr\u00e9vu \u00e0 l\u2019article 55 de la loi n\u00b0 87-416 du 17 juin 1987 sur l\u2019\u00e9pargne ou en valeurs admises par la Banque de France en garantie d\u2019avance.<\/p>\n<h3>Article 14 :<\/h3>\n<p>Les ressources de la Soci\u00e9t\u00e9 se composent :<\/p>\n<p>&#8211; 14.1 : du revenu de ses biens \u00e0 l\u2019exception de le fraction pr\u00e9vue au 4\u00b0 de l\u2019article 12 ;<br \/>\n&#8211; 14.2 : des cotisations et souscriptions de ses membres ;<br \/>\n&#8211; 14.3 : des subventions de l\u2019Etat, des r\u00e9gions, des d\u00e9partements, des communes et des \u00e9tablissements publics et priv\u00e9s ;<br \/>\n&#8211; 14.4 : des produits des lib\u00e9ralit\u00e9s dont l\u2019emploi est autoris\u00e9 au cours de l\u2019exercice<br \/>\n&#8211; 14.5 : des ressources cr\u00e9\u00e9es \u00e0 titre exceptionnel et s\u2019il y a lieu, avec l\u2019agr\u00e9ment de l\u2019autorit\u00e9 comp\u00e9tente<br \/>\n&#8211; 14.6 : du produit des ventes et des r\u00e9tributions pour services rendus<\/p>\n<h3>Article 15 :<\/h3>\n<p>Il est tenu une comptabilit\u00e9 faisant appara\u00eetre annuellement un compte de r\u00e9sultat, un bilan et une annexe.<\/p>\n<p>Il est justifi\u00e9 chaque ann\u00e9e aupr\u00e8s du Pr\u00e9fet du d\u00e9partement, du Ministre de l\u2019int\u00e9rieur et du ministre des Affaires Sociales et de la Sant\u00e9, de l\u2019emploi des fonds provenant de toutes les subventions accord\u00e9es au cours de l\u2019exercice \u00e9coul\u00e9.<\/p>\n<h2>IV \u2013 MODIFICATIONS DES STATUTS ET DISSOLUTION<\/h2>\n<h3>Article 16 :<\/h3>\n<p>Les Statuts peuvent \u00eatre modifi\u00e9s par l\u2019assembl\u00e9e g\u00e9n\u00e9rale sur proposition du conseil d\u2019administration, ou de vingt cinq membres au moins, titulaires.<\/p>\n<p>Dans l\u2019un ou l\u2019autre cas, les propositions de modifications sont inscrites \u00e0 l\u2019ordre du jour de la prochaine assembl\u00e9e g\u00e9n\u00e9rale, lequel doit \u00eatre envoy\u00e9 \u00e0 tous les membres de l\u2019assembl\u00e9e au moins 15 jours \u00e0 l\u2019avance.<\/p>\n<p>L\u2019Assembl\u00e9e doit se composer du quart au moins des membres en exercice. Si cette derni\u00e8re condition n\u2019est pas remplie, une nouvelle assembl\u00e9e g\u00e9n\u00e9rale est reconvoqu\u00e9e \u00e0 15 jours au moins d\u2019intervalle, elle peut alors prendre une d\u00e9cision, dans les m\u00eames conditions, quel que soit le nombre des membres pr\u00e9sents ou repr\u00e9sent\u00e9s.<\/p>\n<p>Dans tous les cas, les statuts ne peuvent \u00eatre modifi\u00e9s qu\u2019\u00e0 la majorit\u00e9 des deux tiers des membres pr\u00e9sents.<\/p>\n<h3>Article 17 :<\/h3>\n<p>L\u2019assembl\u00e9e g\u00e9n\u00e9rale appel\u00e9e \u00e0 se prononcer sur la dissolution de l\u2019association et convoqu\u00e9e \u00e0 cet effet, dans les conditions pr\u00e9vues \u00e0 l\u2019article pr\u00e9c\u00e9dent, doit comprendre au moins la moiti\u00e9 plus un des membres en exercice.<\/p>\n<p>Si cette proportion n\u2019est pas atteinte, l\u2019assembl\u00e9e est convoqu\u00e9e de nouveau, mais \u00e0 quinze jours au moins d\u2019intervalle, et cette fois elle peut valablement d\u00e9lib\u00e9rer, quel que soit le nombre des membres pr\u00e9sents ou repr\u00e9sent\u00e9s.<\/p>\n<p>Dans tous les cas, la dissolution ne peut \u00eatre vot\u00e9e qu\u2019\u00e0 la majorit\u00e9 des deux tiers des membres pr\u00e9sents ou repr\u00e9sent\u00e9s.<\/p>\n<h3>Article 18 :<\/h3>\n<p>En cas de dissolution, l\u2019assembl\u00e9e g\u00e9n\u00e9rale d\u00e9signe un ou plusieurs commissaires charg\u00e9s de la liquidation des biens de l\u2019association. Elle attribue l\u2019actif net de l\u2019association \u00e0 un ou plusieurs \u00e9tablissements analogues publics ou reconnus d\u2019utilit\u00e9 publique, ou \u00e0 des \u00e9tablissements vis\u00e9s \u00e0 l\u2019article 6 de la loi du 1er juillet 1901.<\/p>\n<h3>Article 19 :<\/h3>\n<p>Les d\u00e9lib\u00e9rations de l\u2019assembl\u00e9e g\u00e9n\u00e9rale pr\u00e9vues aux articles 16,17 et 18 sont adress\u00e9es sans d\u00e9lai au Ministre de l\u2019int\u00e9rieur et au Ministre des Affaires Sociales et de la Sant\u00e9<\/p>\n<p>Elles ne sont valables qu\u2019apr\u00e8s approbation du Gouvernement.<\/p>\n<h2>V \u2013 SURVEILLANCE ET REGLEMENT INTERIEUR<\/h2>\n<h3>Article 20 :<\/h3>\n<p>Le pr\u00e9sident doit faire conna\u00eetre dans les trois mois \u00e0 la Pr\u00e9fecture de Paris tous les changements survenus dans l\u2019administration ou la direction de l\u2019association.<\/p>\n<p>Les registres de l\u2019association et ses pi\u00e8ces de comptabilit\u00e9 sont pr\u00e9sent\u00e9s sans d\u00e9placement sur toute r\u00e9quisition du Ministre de l\u2019Int\u00e9rieur, du Ministre des Affaires Sociales et de la Sant\u00e9 ou du Pr\u00e9fet de Paris, \u00e0 eux-m\u00eames ou \u00e0 leur d\u00e9l\u00e9gu\u00e9, ou \u00e0 tout fonctionnaire accr\u00e9dit\u00e9 par eux.<\/p>\n<p>Le rapport annuel et les comptes sont adress\u00e9s chaque ann\u00e9e au Pr\u00e9fet de Paris, au Ministre de l\u2019Int\u00e9rieur et au Ministre de la Sant\u00e9 Publique et de la S\u00e9curit\u00e9 Sociale.<\/p>\n<h3>Article 21 :<\/h3>\n<p>Le Ministre de l\u2019Int\u00e9rieur et le Ministre des Affaires Sociales et de la Sant\u00e9 ont le droit de faire visiter par leurs d\u00e9l\u00e9gu\u00e9s les \u00e9tablissements fond\u00e9s par l\u2019association et de se faire rendre compte de leur fonctionnement.<\/p>\n<p>Le r\u00e8glement int\u00e9rieur, pr\u00e9par\u00e9 par le conseil d\u2019administration et adopt\u00e9 par l\u2019Assembl\u00e9e G\u00e9n\u00e9rale doit \u00eatre soumis \u00e0 l\u2019approbation du Pr\u00e9fet de Paris. Il ne peut entrer en vigueur ni \u00eatre modifi\u00e9 qu\u2019apr\u00e8s approbation du Ministre de l\u2019Int\u00e9rieur.<\/p>\n<p>Fait \u00e0 Paris le 22 avril 2004<\/p>\n<table width=\"548\" border=\"0\" cellspacing=\"0\" cellpadding=\"3\">\n<tbody>\n<tr>\n<td><strong>Professeur Claire LE JEUNNE<\/strong><br \/>\nSecr\u00e9taire G\u00e9n\u00e9rale<\/td>\n<td><strong>Professeur Andr\u00e9 PRADALIER<\/strong><br \/>\nPr\u00e9sident<\/td>\n<\/tr>\n<\/tbody>\n<\/table>\n","protected":false},"excerpt":{"rendered":"<p>Association reconnue d\u2019Utilit\u00e9 Publique par d\u00e9cret du 12 d\u00e9cembre 1888 I \u2013 BUT ET COMPOSITION DE L\u2019ASSOCIATION Article 1 : La Soci\u00e9t\u00e9 M\u00e9dicale des H\u00f4pitaux de Paris fond\u00e9e en 1849 par les m\u00e9decins des h\u00f4pitaux de Paris a pour but : &#8211; l\u2019\u00e9tude multidisciplinaire des progr\u00e8s de la m\u00e9decine (cliniques, th\u00e9rapeutiques, \u00e9pid\u00e9miologiques et prophylactiques) ; &hellip; <a href=\"http:\/\/www.smhp.fr\/?page_id=44\" class=\"more-link\">Continuer la lecture de <span class=\"screen-reader-text\">Nos statuts<\/span> <span class=\"meta-nav\">&rarr;<\/span><\/a><\/p>\n","protected":false},"author":2,"featured_media":0,"parent":42,"menu_order":2,"comment_status":"closed","ping_status":"closed","template":"","meta":[],"_links":{"self":[{"href":"http:\/\/www.smhp.fr\/index.php?rest_route=\/wp\/v2\/pages\/44"}],"collection":[{"href":"http:\/\/www.smhp.fr\/index.php?rest_route=\/wp\/v2\/pages"}],"about":[{"href":"http:\/\/www.smhp.fr\/index.php?rest_route=\/wp\/v2\/types\/page"}],"author":[{"embeddable":true,"href":"http:\/\/www.smhp.fr\/index.php?rest_route=\/wp\/v2\/users\/2"}],"replies":[{"embeddable":true,"href":"http:\/\/www.smhp.fr\/index.php?rest_route=%2Fwp%2Fv2%2Fcomments&post=44"}],"version-history":[{"count":1,"href":"http:\/\/www.smhp.fr\/index.php?rest_route=\/wp\/v2\/pages\/44\/revisions"}],"predecessor-version":[{"id":293,"href":"http:\/\/www.smhp.fr\/index.php?rest_route=\/wp\/v2\/pages\/44\/revisions\/293"}],"up":[{"embeddable":true,"href":"http:\/\/www.smhp.fr\/index.php?rest_route=\/wp\/v2\/pages\/42"}],"wp:attachment":[{"href":"http:\/\/www.smhp.fr\/index.php?rest_route=%2Fwp%2Fv2%2Fmedia&parent=44"}],"curies":[{"name":"wp","href":"https:\/\/api.w.org\/{rel}","templated":true}]}}