{"id":42,"date":"2013-11-09T16:25:42","date_gmt":"2013-11-09T15:25:42","guid":{"rendered":"http:\/\/www.smhp.fr\/?page_id=42"},"modified":"2017-11-19T12:02:33","modified_gmt":"2017-11-19T11:02:33","slug":"la-societe","status":"publish","type":"page","link":"http:\/\/www.smhp.fr\/?page_id=42","title":{"rendered":"La Soci\u00e9t\u00e9"},"content":{"rendered":"<p>La Soci\u00e9t\u00e9 M\u00e9dicale des H\u00f4pitaux de Paris a \u00e9t\u00e9 cr\u00e9\u00e9e il y a plus de 150 ans par des m\u00e9decins parisiens qui souhaitaient \u00e9changer et se retrouver. C&rsquo;est historiquement la\u00a0premi\u00e8re soci\u00e9t\u00e9 de formation m\u00e9dicale continue des H\u00f4pitaux. Elle est depuis largement ouverte \u00e0 tous les m\u00e9decins hospitaliers civils et militaires.<\/p>\n<p>Sa mission de FMC (Num\u00e9ro d\u2019enregistrement de Formation M\u00e9dicale Continue : 11752573775)\u00a0est assur\u00e9e par\u00a0l\u2019organisation de 4 journ\u00e9es annuelles: les Journ\u00e9es Fran\u00e7aises de M\u00e9decine. Elle cultive la polyvalence, et les connaissances transversales.<\/p>\n<p>La SMHP cr\u00e9e une ambiance de club permettant aux diff\u00e9rents membres de se retrouver r\u00e9guli\u00e8rement, notamment lors de la s\u00e9ance solennelle.<\/p>\n<p><a href=\"http:\/\/www.smhp.fr\/wp-content\/uploads\/2013\/11\/medaille-smhp.jpg\"><img loading=\"lazy\" class=\"size-full wp-image-536 aligncenter\" src=\"http:\/\/www.smhp.fr\/wp-content\/uploads\/2013\/11\/medaille-smhp.jpg\" alt=\"medaille-smhp\" width=\"500\" height=\"258\" srcset=\"http:\/\/www.smhp.fr\/wp-content\/uploads\/2013\/11\/medaille-smhp.jpg 500w, http:\/\/www.smhp.fr\/wp-content\/uploads\/2013\/11\/medaille-smhp-300x154.jpg 300w\" sizes=\"(max-width: 500px) 100vw, 500px\" \/><\/a><\/p>\n","protected":false},"excerpt":{"rendered":"<p>La Soci\u00e9t\u00e9 M\u00e9dicale des H\u00f4pitaux de Paris a \u00e9t\u00e9 cr\u00e9\u00e9e il y a plus de 150 ans par des m\u00e9decins parisiens qui souhaitaient \u00e9changer et se retrouver. C&rsquo;est historiquement la\u00a0premi\u00e8re soci\u00e9t\u00e9 de formation m\u00e9dicale continue des H\u00f4pitaux. Elle est depuis largement ouverte \u00e0 tous les m\u00e9decins hospitaliers civils et militaires. Sa mission de FMC (Num\u00e9ro &hellip; <a href=\"http:\/\/www.smhp.fr\/?page_id=42\" class=\"more-link\">Continuer la lecture de <span class=\"screen-reader-text\">La Soci\u00e9t\u00e9<\/span> <span class=\"meta-nav\">&rarr;<\/span><\/a><\/p>\n","protected":false},"author":2,"featured_media":0,"parent":0,"menu_order":4,"comment_status":"closed","ping_status":"closed","template":"","meta":[],"_links":{"self":[{"href":"http:\/\/www.smhp.fr\/index.php?rest_route=\/wp\/v2\/pages\/42"}],"collection":[{"href":"http:\/\/www.smhp.fr\/index.php?rest_route=\/wp\/v2\/pages"}],"about":[{"href":"http:\/\/www.smhp.fr\/index.php?rest_route=\/wp\/v2\/types\/page"}],"author":[{"embeddable":true,"href":"http:\/\/www.smhp.fr\/index.php?rest_route=\/wp\/v2\/users\/2"}],"replies":[{"embeddable":true,"href":"http:\/\/www.smhp.fr\/index.php?rest_route=%2Fwp%2Fv2%2Fcomments&post=42"}],"version-history":[{"count":2,"href":"http:\/\/www.smhp.fr\/index.php?rest_route=\/wp\/v2\/pages\/42\/revisions"}],"predecessor-version":[{"id":1333,"href":"http:\/\/www.smhp.fr\/index.php?rest_route=\/wp\/v2\/pages\/42\/revisions\/1333"}],"wp:attachment":[{"href":"http:\/\/www.smhp.fr\/index.php?rest_route=%2Fwp%2Fv2%2Fmedia&parent=42"}],"curies":[{"name":"wp","href":"https:\/\/api.w.org\/{rel}","templated":true}]}}