{"id":362,"date":"2013-11-11T18:08:59","date_gmt":"2013-11-11T17:08:59","guid":{"rendered":"http:\/\/www.smhp.fr\/?page_id=362"},"modified":"2015-04-03T17:10:16","modified_gmt":"2015-04-03T16:10:16","slug":"362-2","status":"publish","type":"page","link":"http:\/\/www.smhp.fr\/?page_id=362","title":{"rendered":"Conseil d&rsquo;administration"},"content":{"rendered":"<p><strong>PRESIDENT<\/strong><\/p>\n<p><strong>Professeur Jean-Pierre ALGAYRES<\/strong><br \/>\nService de M\u00e9decine Interne, H.I.A. du Val de Gr\u00e2ce, 74 Bld de Port Royal, 75005 PARIS<\/p>\n<p><strong>SECRETAIRES GENERAUX<\/strong><\/p>\n<p><strong>Docteur Martine GAYRAUD<\/strong><br \/>\nService de M\u00e9decine Interne, Institut Mutualiste Montsouris, 42 Bd Jourdan, 75014 PARIS<\/p>\n<p><strong>Professeur Associ\u00e9 Jean-Marc ZIZA<\/strong><br \/>\nService de M\u00e9decine Interne, H\u00f4pital La Croix Saint Simon, 125 rue d&rsquo;Avron, 75020 PARIS<\/p>\n<p><strong>TRESORIER<\/strong><\/p>\n<p><strong>Professeur Dominique LECHEVALIER<\/strong><br \/>\nService de Rhumatologie, H.I.A. B\u00e9gin, 69 Av de Paris, 94160 SAINT MANDE<\/p>\n<p><strong>ADMINISTRATEURS<\/strong><\/p>\n<p><strong>Docteur Xavier BACHY<\/strong><br \/>\nService de M\u00e9decine Interne,\u00a0Centre Hospitalier de Marne la Vall\u00e9e, 2-4 Cours de la Gondoire, 77600 JOSSIGNY<\/p>\n<p><strong>Docteur Alice BEREZNE<\/strong><br \/>\nService de M\u00e9decine Interne, H\u00f4pital Cochin, 75014 PARIS<\/p>\n<p><strong>Professeur Thierry\u00a0CARMOI<\/strong><br \/>\nService de M\u00e9decine Interne, H.I.A. du Val de Gr\u00e2ce, 74 Bld de Port Royal, 75005 PARIS<\/p>\n<p><strong>Docteur Catherine CHAPELON-ABRIC<\/strong><br \/>\nService de M\u00e9decine Interne, H\u00f4pital Piti\u00e9-Salp\u00e9tri\u00e8re, 47-83 Bd de l&rsquo;H\u00f4pital, 75013 PARIS<\/p>\n<p><strong>Professeur Boyan CHRISTOFOROV<\/strong><br \/>\nService de M\u00e9decine Interne, H\u00f4pital Cochin, 27 Rue du Fbg Saint-Jacques, 75014 PARIS<\/p>\n<p><strong>Professeur Robin\u00a0DHOTE<\/strong><br \/>\nH\u00f4pital Avicenne, 125 Av de Stalingrad, 93009 BOBIGNY CEDEX<\/p>\n<p><strong>Professeur Lo\u00efc\u00a0GUILLEVIN<\/strong><br \/>\nService de M\u00e9decine Interne, H\u00f4pital Cochin, 75014 Paris<\/p>\n<p><strong>Professeur Claire LE JEUNNE<\/strong><br \/>\nService de M\u00e9decine Interne, H\u00f4tel Dieu, 1 place du Parvis Notre Dame, 75004 PARIS<\/p>\n<p><strong>Docteur Fran\u00e7ois LHOTE<\/strong><br \/>\nService de M\u00e9decine Interne, H\u00f4pital Delafontaine, 2 Rue du Dr Delafontaine, 93205 SAINT-DENIS C\u00e9dex 1<\/p>\n<p><strong>Professeur Andr\u00e9 PRADALIER<\/strong><br \/>\nService de M\u00e9decine Interne, H\u00f4pital Louis Mourier, 178 Rue des Renouillers, 92701 COLOMBES<\/p>\n<p><strong>Professeur Daniel SERENI<\/strong><br \/>\nService de M\u00e9decine Interne, H\u00f4pital Saint-Louis, 1 Av Claude Vellefaux, 75010 PARIS<\/p>\n","protected":false},"excerpt":{"rendered":"<p>PRESIDENT Professeur Jean-Pierre ALGAYRES Service de M\u00e9decine Interne, H.I.A. du Val de Gr\u00e2ce, 74 Bld de Port Royal, 75005 PARIS SECRETAIRES GENERAUX Docteur Martine GAYRAUD Service de M\u00e9decine Interne, Institut Mutualiste Montsouris, 42 Bd Jourdan, 75014 PARIS Professeur Associ\u00e9 Jean-Marc ZIZA Service de M\u00e9decine Interne, H\u00f4pital La Croix Saint Simon, 125 rue d&rsquo;Avron, 75020 PARIS &hellip; <a href=\"http:\/\/www.smhp.fr\/?page_id=362\" class=\"more-link\">Continuer la lecture de <span class=\"screen-reader-text\">Conseil d&rsquo;administration<\/span> <span class=\"meta-nav\">&rarr;<\/span><\/a><\/p>\n","protected":false},"author":2,"featured_media":0,"parent":42,"menu_order":6,"comment_status":"closed","ping_status":"closed","template":"","meta":[],"_links":{"self":[{"href":"http:\/\/www.smhp.fr\/index.php?rest_route=\/wp\/v2\/pages\/362"}],"collection":[{"href":"http:\/\/www.smhp.fr\/index.php?rest_route=\/wp\/v2\/pages"}],"about":[{"href":"http:\/\/www.smhp.fr\/index.php?rest_route=\/wp\/v2\/types\/page"}],"author":[{"embeddable":true,"href":"http:\/\/www.smhp.fr\/index.php?rest_route=\/wp\/v2\/users\/2"}],"replies":[{"embeddable":true,"href":"http:\/\/www.smhp.fr\/index.php?rest_route=%2Fwp%2Fv2%2Fcomments&post=362"}],"version-history":[{"count":16,"href":"http:\/\/www.smhp.fr\/index.php?rest_route=\/wp\/v2\/pages\/362\/revisions"}],"predecessor-version":[{"id":1079,"href":"http:\/\/www.smhp.fr\/index.php?rest_route=\/wp\/v2\/pages\/362\/revisions\/1079"}],"up":[{"embeddable":true,"href":"http:\/\/www.smhp.fr\/index.php?rest_route=\/wp\/v2\/pages\/42"}],"wp:attachment":[{"href":"http:\/\/www.smhp.fr\/index.php?rest_route=%2Fwp%2Fv2%2Fmedia&parent=362"}],"curies":[{"name":"wp","href":"https:\/\/api.w.org\/{rel}","templated":true}]}}