{"id":313,"date":"2013-11-11T14:40:12","date_gmt":"2013-11-11T13:40:12","guid":{"rendered":"http:\/\/www.smhp.fr\/?page_id=313"},"modified":"2014-01-19T11:39:13","modified_gmt":"2014-01-19T10:39:13","slug":"jfm-79-douleurs","status":"publish","type":"page","link":"http:\/\/www.smhp.fr\/?page_id=313","title":{"rendered":"JFM 79. La m\u00e9decine de la douleur"},"content":{"rendered":"<p><strong>Organisateurs Serge Perrot et Nadine Attal<\/strong><\/p>\n<p>Sous la pre\u0301sidence du Professeur Jean CABANE<br \/>\nSecre\u0301taires Ge\u0301ne\u0301raux : Martine GAYRAUD et Jean-Marc ZIZA<br \/>\nVendredi 18 Octobre 2013<\/p>\n<p><strong><a href=\"http:\/\/www.smhp.fr\/wp-content\/uploads\/2013\/11\/79-Prospectus.pdf\" target=\"_blank\"><strong>Prospectus<\/strong><\/a><\/strong><\/p>\n<p><strong><a href=\"http:\/\/www.smhp.fr\/wp-content\/uploads\/2014\/01\/79brochure.pdf\" target=\"_blank\">Brochure<\/a>\u00a0des r\u00e9sum\u00e9s<\/strong><\/p>\n<p><strong>MATIN\u00c9E<\/strong><\/p>\n<p><strong>Mode\u0301ration se\u0301ance : Nadine Attal<\/strong><\/p>\n<p><strong>Neurobiologie de la douleur : implications pour le de\u0301veloppement de nouveaux analge\u0301siques.<\/strong><br \/>\nDidier Bouhassira, Ambroise Pare\u0301, Boulogne<\/p>\n<p><strong>Ge\u0301ne\u0301tique et ge\u0301nomique de la douleur.<\/strong><br \/>\nMichel Pohl, Pitie\u0301-Salpe\u0301trie\u0300re, Paris<\/p>\n<p><strong>Apport des recommandations dans la prise en charge de la douleur : exemple des douleurs neuropathiques.<\/strong><br \/>\nNadine Attal, Ambroise Pare\u0301, Boulogne<\/p>\n<p><strong>Peut-on pre\u0301venir la douleur chronique ?<\/strong><br \/>\nDominique Fletcher, Raymond Poincare\u0301, Garches<\/p>\n<p><strong>Mode\u0301ration se\u0301ance : Alain Serrie<\/strong><\/p>\n<p><strong>La douleur chez l\u2019enfant : quelles spe\u0301cificite\u0301s ? Exemple de la migraine.<\/strong><br \/>\nDaniel Annequin, Trousseau, Paris<\/p>\n<p><strong>Peut-on traiter les ce\u0301phale\u0301es chroniques quotidiennes?<\/strong><br \/>\nClaire Le Jeunne, Ho\u0302tel Dieu-Cochin, Paris<\/p>\n<p><strong>APRES-MIDI<\/strong><\/p>\n<p><strong>Mode\u0301ration se\u0301ance : Serge Perrot<\/strong><\/p>\n<p><strong>Controverse \u00ab Faut-il ou non utiliser de la morphine dans les douleurs non cance\u0301reuses ? \u00bb<\/strong><br \/>\nSerge Perrot et Elisabeth Collin, Ho\u0302tel Dieu- Cochin et Pitie\u0301-Salpe\u0301trie\u0300re, Paris<\/p>\n<p><strong>Prendre en compte la diversite\u0301 culturelle dans la prise en charge de la douleur chronique.<\/strong><br \/>\nSerge Bouznah, Cochin, Paris<\/p>\n<p><strong>The\u0301rapies cognitivo-comportementales dans la douleur chronique.<\/strong><br \/>\nFranc\u0327oise Laroche, Saint Antoine, Paris<\/p>\n<p><strong>Organiser la filie\u0300re de soins pour les patients douloureux : de l\u2019HAS a\u0300 l\u2019ARS.<\/strong><br \/>\nAlain Serrie, Lariboisie\u0300re, Paris<\/p>\n<p><strong>Conclusions<\/strong><br \/>\nSerge Perrot<\/p>\n","protected":false},"excerpt":{"rendered":"<p>Organisateurs Serge Perrot et Nadine Attal Sous la pre\u0301sidence du Professeur Jean CABANE Secre\u0301taires Ge\u0301ne\u0301raux : Martine GAYRAUD et Jean-Marc ZIZA Vendredi 18 Octobre 2013 Prospectus Brochure\u00a0des r\u00e9sum\u00e9s MATIN\u00c9E Mode\u0301ration se\u0301ance : Nadine Attal Neurobiologie de la douleur : implications pour le de\u0301veloppement de nouveaux analge\u0301siques. Didier Bouhassira, Ambroise Pare\u0301, Boulogne Ge\u0301ne\u0301tique et ge\u0301nomique de &hellip; <a href=\"http:\/\/www.smhp.fr\/?page_id=313\" class=\"more-link\">Continuer la lecture de <span class=\"screen-reader-text\">JFM 79. La m\u00e9decine de la douleur<\/span> <span class=\"meta-nav\">&rarr;<\/span><\/a><\/p>\n","protected":false},"author":2,"featured_media":0,"parent":283,"menu_order":0,"comment_status":"closed","ping_status":"closed","template":"","meta":[],"_links":{"self":[{"href":"http:\/\/www.smhp.fr\/index.php?rest_route=\/wp\/v2\/pages\/313"}],"collection":[{"href":"http:\/\/www.smhp.fr\/index.php?rest_route=\/wp\/v2\/pages"}],"about":[{"href":"http:\/\/www.smhp.fr\/index.php?rest_route=\/wp\/v2\/types\/page"}],"author":[{"embeddable":true,"href":"http:\/\/www.smhp.fr\/index.php?rest_route=\/wp\/v2\/users\/2"}],"replies":[{"embeddable":true,"href":"http:\/\/www.smhp.fr\/index.php?rest_route=%2Fwp%2Fv2%2Fcomments&post=313"}],"version-history":[{"count":9,"href":"http:\/\/www.smhp.fr\/index.php?rest_route=\/wp\/v2\/pages\/313\/revisions"}],"predecessor-version":[{"id":776,"href":"http:\/\/www.smhp.fr\/index.php?rest_route=\/wp\/v2\/pages\/313\/revisions\/776"}],"up":[{"embeddable":true,"href":"http:\/\/www.smhp.fr\/index.php?rest_route=\/wp\/v2\/pages\/283"}],"wp:attachment":[{"href":"http:\/\/www.smhp.fr\/index.php?rest_route=%2Fwp%2Fv2%2Fmedia&parent=313"}],"curies":[{"name":"wp","href":"https:\/\/api.w.org\/{rel}","templated":true}]}}