{"id":20,"date":"2013-11-09T14:36:37","date_gmt":"2013-11-09T13:36:37","guid":{"rendered":"http:\/\/www.smhp.fr\/?page_id=20"},"modified":"2014-01-19T11:25:57","modified_gmt":"2014-01-19T10:25:57","slug":"rein-et-medecine-interne","status":"publish","type":"page","link":"http:\/\/www.smhp.fr\/?page_id=20","title":{"rendered":"JFM 73. Rein et m\u00e9decine interne"},"content":{"rendered":"<p><strong>Organisateurs: Pr Pierre RONCO et Dr Emmanuelle PLAISIER<\/strong><br \/>\nSous la pr\u00e9sidence\u00a0du Professeur Jean CABANE<br \/>\nSecr\u00e9taires G\u00e9n\u00e9raux \u00a0Martine GAYRAUD et Jean-Marc ZIZA<br \/>\n16 mars 2012<\/p>\n<p><strong>Les textes de cette journ\u00e9e ont \u00e9t\u00e9 publi\u00e9s dans La presse m\u00e9dicale : Volume 41, Issue 3, Part 1, Pages e77-e100, 221-334 (March 2012)<\/strong><\/p>\n<p><strong>M A T I N \u00c9 E<\/strong><br \/>\n<a href=\"http:\/\/www.smhp.fr\/wp-content\/uploads\/2013\/11\/73-ronco-enjeux-web.pdf\" target=\"_blank\"><strong>Introduction :\u00a0Maladies r\u00e9nales : les nouveaux enjeux<\/strong><\/a><br \/>\nPierre Ronco, H\u00f4pital Tenon, Paris<\/p>\n<p><a href=\"http:\/\/www.smhp.fr\/wp-content\/uploads\/2013\/11\/73-vanhille-web.pdf\" target=\"_blank\"><strong>Le rein dans les vascularites<\/strong><\/a><br \/>\nPhilippe Vanhille, CH de Valenciennes<\/p>\n<p><a href=\"http:\/\/www.smhp.fr\/wp-content\/uploads\/2013\/11\/73-cacoub-web.pdf\" target=\"_blank\"><strong>Rein et cryoglobulin\u00e9mies mixtes :\u00a0quel traitement en 2012 ?<\/strong><\/a><br \/>\nPatrice Cacoub, H\u00f4pital Piti\u00e9-Salp\u00e9tri\u00e8re,\u00a0Paris<\/p>\n<p><a href=\"http:\/\/www.smhp.fr\/wp-content\/uploads\/2013\/11\/73-karras-web.pdf\" target=\"_blank\"><strong>Le rein dans le lupus<\/strong><\/a><br \/>\nAlexandre Karras, HEGP, Paris<\/p>\n<p><a href=\"http:\/\/www.smhp.fr\/wp-content\/uploads\/2013\/11\/73-plaisier-web.pdf\" target=\"_blank\"><strong>Le rein dans l\u2019infection VIH<\/strong><\/a><br \/>\nEmmanuelle Plaisier, H\u00f4pital Tenon, Paris<\/p>\n<p><a href=\"http:\/\/www.smhp.fr\/wp-content\/uploads\/2013\/11\/73-bridoux-web.pdf\" target=\"_blank\"><strong>Atteintes r\u00e9nales des dysglobulin\u00e9mies :\u00a0avanc\u00e9es diagnostiques et th\u00e9rapeutiques<\/strong><\/a><br \/>\nFrank Bridoux, CHU La Mileterie, Poitiers<\/p>\n<p><strong>A P R \u00c8 S \u2013 M I D I<\/strong><\/p>\n<p><a href=\"http:\/\/www.smhp.fr\/wp-content\/uploads\/2013\/11\/73-ronco-GEM-web.pdf\"><strong>GEM idiopathiques et secondaires :\u00a0des myst\u00e8res \u00e9lucid\u00e9s<\/strong><\/a><br \/>\nPierre Ronco, H\u00f4pital Tenon, Paris<\/p>\n<p><a href=\"http:\/\/www.smhp.fr\/wp-content\/uploads\/2013\/11\/73-boffa-web.pdf\" target=\"_blank\"><strong>N\u00e9phropathies vasculaires : un nouveau\u00a0regard sur une maladie syst\u00e9mique<\/strong><\/a><br \/>\nJean-Jacques Boffa, H\u00f4pital Tenon, Paris<\/p>\n<p><a href=\"http:\/\/www.smhp.fr\/wp-content\/uploads\/2013\/11\/73-belenfant-web.pdf\" target=\"_blank\"><strong>Maladie R\u00e9nale Chronique :\u00a0quelle prise en charge en 2012 ?<\/strong><\/a><br \/>\nXavier Belenfant, CHI Andr\u00e9 Gr\u00e9goire,\u00a0Montreuil<\/p>\n<p><a href=\"http:\/\/www.smhp.fr\/wp-content\/uploads\/2013\/11\/73-legendre-web.pdf\" target=\"_blank\"><strong>Le rein greff\u00e9 :\u00a0une victime des maladies syst\u00e9miques<\/strong><\/a><br \/>\nChristophe Legendre, H\u00f4pital NeckerEnfants malades, Paris<\/p>\n<p><strong>Conclusion<\/strong><\/p>\n","protected":false},"excerpt":{"rendered":"<p>Organisateurs: Pr Pierre RONCO et Dr Emmanuelle PLAISIER Sous la pr\u00e9sidence\u00a0du Professeur Jean CABANE Secr\u00e9taires G\u00e9n\u00e9raux \u00a0Martine GAYRAUD et Jean-Marc ZIZA 16 mars 2012 Les textes de cette journ\u00e9e ont \u00e9t\u00e9 publi\u00e9s dans La presse m\u00e9dicale : Volume 41, Issue 3, Part 1, Pages e77-e100, 221-334 (March 2012) M A T I N \u00c9 E &hellip; <a href=\"http:\/\/www.smhp.fr\/?page_id=20\" class=\"more-link\">Continuer la lecture de <span class=\"screen-reader-text\">JFM 73. Rein et m\u00e9decine interne<\/span> <span class=\"meta-nav\">&rarr;<\/span><\/a><\/p>\n","protected":false},"author":2,"featured_media":0,"parent":281,"menu_order":0,"comment_status":"closed","ping_status":"closed","template":"page-templates\/full-width.php","meta":[],"_links":{"self":[{"href":"http:\/\/www.smhp.fr\/index.php?rest_route=\/wp\/v2\/pages\/20"}],"collection":[{"href":"http:\/\/www.smhp.fr\/index.php?rest_route=\/wp\/v2\/pages"}],"about":[{"href":"http:\/\/www.smhp.fr\/index.php?rest_route=\/wp\/v2\/types\/page"}],"author":[{"embeddable":true,"href":"http:\/\/www.smhp.fr\/index.php?rest_route=\/wp\/v2\/users\/2"}],"replies":[{"embeddable":true,"href":"http:\/\/www.smhp.fr\/index.php?rest_route=%2Fwp%2Fv2%2Fcomments&post=20"}],"version-history":[{"count":1,"href":"http:\/\/www.smhp.fr\/index.php?rest_route=\/wp\/v2\/pages\/20\/revisions"}],"predecessor-version":[{"id":177,"href":"http:\/\/www.smhp.fr\/index.php?rest_route=\/wp\/v2\/pages\/20\/revisions\/177"}],"up":[{"embeddable":true,"href":"http:\/\/www.smhp.fr\/index.php?rest_route=\/wp\/v2\/pages\/281"}],"wp:attachment":[{"href":"http:\/\/www.smhp.fr\/index.php?rest_route=%2Fwp%2Fv2%2Fmedia&parent=20"}],"curies":[{"name":"wp","href":"https:\/\/api.w.org\/{rel}","templated":true}]}}