{"id":1730,"date":"2022-04-26T08:17:40","date_gmt":"2022-04-26T07:17:40","guid":{"rendered":"http:\/\/www.smhp.fr\/?page_id=1730"},"modified":"2022-04-26T08:20:45","modified_gmt":"2022-04-26T07:20:45","slug":"111-actualites-dans-les-pneumopathies-interstitielles-diffuses","status":"publish","type":"page","link":"http:\/\/www.smhp.fr\/?page_id=1730","title":{"rendered":"JFM 111. Actualit\u00e9s dans les pneumopathies interstitielles diffuses"},"content":{"rendered":"\n<p>Sous la pr\u00e9sidence de Lo\u00efc GUILLEVIN<\/p>\n\n\n\n<p>Secr\u00e9taires G\u00e9n\u00e9raux : Pierre CHARLES et Jonathan LONDON<\/p>\n\n\n\n<p>Organisateur : Bruno CRESTANI<\/p>\n\n\n\n<p>Vendredi 13 Mai 2022 8 H 45 &#8211; 17 h 00<\/p>\n\n\n\n<p>R\u00e9union par visioconf\u00e9rence<\/p>\n\n\n\n<p><a href=\"http:\/\/www.smhp.fr\/wp-content\/uploads\/2022\/04\/111-programme.pdf\" target=\"_blank\" rel=\"noreferrer noopener\">Programme<\/a><\/p>\n","protected":false},"excerpt":{"rendered":"<p>Sous la pr\u00e9sidence de Lo\u00efc GUILLEVIN Secr\u00e9taires G\u00e9n\u00e9raux : Pierre CHARLES et Jonathan LONDON Organisateur : Bruno CRESTANI Vendredi 13 Mai 2022 8 H 45 &#8211; 17 h 00 R\u00e9union par visioconf\u00e9rence Programme<\/p>\n","protected":false},"author":2,"featured_media":0,"parent":1715,"menu_order":3,"comment_status":"closed","ping_status":"closed","template":"","meta":[],"_links":{"self":[{"href":"http:\/\/www.smhp.fr\/index.php?rest_route=\/wp\/v2\/pages\/1730"}],"collection":[{"href":"http:\/\/www.smhp.fr\/index.php?rest_route=\/wp\/v2\/pages"}],"about":[{"href":"http:\/\/www.smhp.fr\/index.php?rest_route=\/wp\/v2\/types\/page"}],"author":[{"embeddable":true,"href":"http:\/\/www.smhp.fr\/index.php?rest_route=\/wp\/v2\/users\/2"}],"replies":[{"embeddable":true,"href":"http:\/\/www.smhp.fr\/index.php?rest_route=%2Fwp%2Fv2%2Fcomments&post=1730"}],"version-history":[{"count":2,"href":"http:\/\/www.smhp.fr\/index.php?rest_route=\/wp\/v2\/pages\/1730\/revisions"}],"predecessor-version":[{"id":1733,"href":"http:\/\/www.smhp.fr\/index.php?rest_route=\/wp\/v2\/pages\/1730\/revisions\/1733"}],"up":[{"embeddable":true,"href":"http:\/\/www.smhp.fr\/index.php?rest_route=\/wp\/v2\/pages\/1715"}],"wp:attachment":[{"href":"http:\/\/www.smhp.fr\/index.php?rest_route=%2Fwp%2Fv2%2Fmedia&parent=1730"}],"curies":[{"name":"wp","href":"https:\/\/api.w.org\/{rel}","templated":true}]}}