{"id":1700,"date":"2021-05-27T15:08:41","date_gmt":"2021-05-27T14:08:41","guid":{"rendered":"http:\/\/www.smhp.fr\/?page_id=1700"},"modified":"2021-06-05T09:37:06","modified_gmt":"2021-06-05T08:37:06","slug":"jfm-107-mici-et-autres-pathologies-du-tube-digestif","status":"publish","type":"page","link":"http:\/\/www.smhp.fr\/?page_id=1700","title":{"rendered":"JFM 107. MICI et autres pathologies du tube digestif"},"content":{"rendered":"\n<p>Journ\u00e9e organis\u00e9e par Pr Philippe MARTEAU, H\u00f4pital Tenon, Paris<\/p>\n\n\n\n<p><a href=\"http:\/\/www.smhp.fr\/wp-content\/uploads\/2021\/05\/107programme.pdf\" target=\"_blank\" rel=\"noreferrer noopener\">Programme<\/a><\/p>\n","protected":false},"excerpt":{"rendered":"<p>Journ\u00e9e organis\u00e9e par Pr Philippe MARTEAU, H\u00f4pital Tenon, Paris Programme<\/p>\n","protected":false},"author":2,"featured_media":0,"parent":1666,"menu_order":2,"comment_status":"closed","ping_status":"closed","template":"","meta":[],"_links":{"self":[{"href":"http:\/\/www.smhp.fr\/index.php?rest_route=\/wp\/v2\/pages\/1700"}],"collection":[{"href":"http:\/\/www.smhp.fr\/index.php?rest_route=\/wp\/v2\/pages"}],"about":[{"href":"http:\/\/www.smhp.fr\/index.php?rest_route=\/wp\/v2\/types\/page"}],"author":[{"embeddable":true,"href":"http:\/\/www.smhp.fr\/index.php?rest_route=\/wp\/v2\/users\/2"}],"replies":[{"embeddable":true,"href":"http:\/\/www.smhp.fr\/index.php?rest_route=%2Fwp%2Fv2%2Fcomments&post=1700"}],"version-history":[{"count":3,"href":"http:\/\/www.smhp.fr\/index.php?rest_route=\/wp\/v2\/pages\/1700\/revisions"}],"predecessor-version":[{"id":1711,"href":"http:\/\/www.smhp.fr\/index.php?rest_route=\/wp\/v2\/pages\/1700\/revisions\/1711"}],"up":[{"embeddable":true,"href":"http:\/\/www.smhp.fr\/index.php?rest_route=\/wp\/v2\/pages\/1666"}],"wp:attachment":[{"href":"http:\/\/www.smhp.fr\/index.php?rest_route=%2Fwp%2Fv2%2Fmedia&parent=1700"}],"curies":[{"name":"wp","href":"https:\/\/api.w.org\/{rel}","templated":true}]}}