{"id":1552,"date":"2019-09-28T21:20:33","date_gmt":"2019-09-28T20:20:33","guid":{"rendered":"http:\/\/www.smhp.fr\/?page_id=1552"},"modified":"2019-09-28T22:04:55","modified_gmt":"2019-09-28T21:04:55","slug":"jfm-104-les-bacteries-dans-tous-leurs-etats","status":"publish","type":"page","link":"http:\/\/www.smhp.fr\/?page_id=1552","title":{"rendered":"JFM 104. Les bact\u00e9ries dans tous leurs \u00e9tats"},"content":{"rendered":"\n<p> Organis\u00e9e par <strong>Jean-Luc MAINARDI<\/strong><\/p>\n\n\n\n<p>Sous la pr\u00e9sidence de Lo\u00efc Guillevin<br>Secr\u00e9taires G\u00e9n\u00e9raux : Martine GAYRAUD et Jonathan LONDON<br><br><strong>Vendredi 17 janvier 2020, <\/strong>8 h 45 &#8211; 17 h 15, Amphith\u00e9\u00e2tre ROUVILLOIS, Ecole du Val-de-Gr\u00e2ce, Place Laveran &#8211; 75005 Paris<\/p>\n\n\n\n<p><strong>Programme<\/strong><\/p>\n\n\n\n<p><strong><em>MATINEE: Mod\u00e9rateur Jean-Luc <\/em><\/strong><strong><em>Mainardi<\/em><\/strong><em> <\/em><\/p>\n\n\n\n<p>09h00&nbsp;&nbsp;&nbsp;&nbsp;&nbsp; Accueil des participant<strong>s<\/strong><\/p>\n\n\n\n<p><strong>09h15&nbsp;&nbsp;&nbsp;&nbsp;&nbsp; M\u00e9thodes rapides de diagnostic microbiologique : approche syndromique, d\u00e9tection de la r\u00e9sistance aux antibiotiques:<\/strong><em>S. Bonacorsi &#8211; H\u00f4pital Robert Debr\u00e9 (AP HP), Paris<\/em><\/p>\n\n\n\n<p><strong><em>09h45\u00a0\u00a0\u00a0\u00a0\u00a0 Mycobact\u00e9ries et immunod\u00e9prim\u00e9s<\/em><\/strong><em>: E. Catherinot &#8211; H\u00f4pital Foch, Suresnes<\/em> <\/p>\n\n\n\n<p><strong><em>10h15&nbsp;&nbsp;&nbsp;&nbsp; Quoi de <\/em><\/strong><strong><em>neuf<\/em><\/strong><strong><em> sur les infections du <\/em><\/strong><strong><em>syst\u00e8me<\/em><\/strong><strong><em> <\/em><\/strong><strong><em>nerveux<\/em><\/strong><strong><em> central<\/em><\/strong><em>: JP. Stahl &#8211; Centre Hospitalier Universitaire, Grenoble<\/em> <\/p>\n\n\n\n<p><strong>10h45&nbsp; <\/strong><em>&nbsp;&nbsp;&nbsp;<\/em><strong><em>Pause-caf\u00e9<\/em><\/strong><\/p>\n\n\n\n<p><strong>11h00 <em>\u00a0\u00a0\u00a0\u00a0<\/em><\/strong><strong><em>Actualit\u00e9s<\/em><\/strong><strong><em> sur la <\/em><\/strong><strong><em>prise<\/em><\/strong><strong><em> <\/em><\/strong><strong><em>en<\/em><\/strong><strong><em> charge <\/em><\/strong><strong><em>m\u00e9dico-chirurgicale<\/em><\/strong><strong><em> des \u00a0 infections sur <\/em><\/strong><strong><em>proth\u00e8ses<\/em><\/strong><strong><em> <\/em><\/strong><strong><em>articulaires<\/em><\/strong><strong><em> <\/em><\/strong><strong><em> <\/em><\/strong>: <em>V. Zeller &#8211; H\u00f4pital de la Croix Saint-Simon, Paris<\/em><\/p>\n\n\n\n<p><strong>12h00&nbsp;&nbsp;&nbsp;&nbsp; Conf\u00e9rence du Pr Marc Gentilini<\/strong><\/p>\n\n\n\n<p><strong>13h00&nbsp;&nbsp;&nbsp;&nbsp; Cocktail<\/strong><\/p>\n\n\n\n<p><strong><em>APRES-MIDI: Mod\u00e9rateur<\/em><\/strong><strong><em> <\/em><\/strong><strong><em>Jean-Marc <\/em><\/strong><strong><em>Ziza<\/em><\/strong><strong><em> <\/em><\/strong><\/p>\n\n\n\n<p><strong>14h00\u00a0\u00a0\u00a0\u00a0 Actualit\u00e9s sur la prise en charge m\u00e9dico-chirurgicale des\u00a0\u00a0 \u00a0 endocardites infectieuses:<\/strong><em>D. Lebeaux, P. Achouch &#8211; H\u00f4pital Georges Pompidou (AP HP), Paris<\/em><\/p>\n\n\n\n<p><strong>14h45\u00a0\u00a0\u00a0\u00a0 Isolement des patients porteurs de bact\u00e9ries multi-\u00a0 r\u00e9sistantes et hautement r\u00e9sistantes : un consensus est-il possible ?<\/strong><em>: J. Ch. Lucet &#8211; H\u00f4pital Bichat (AP HP), Paris<\/em><\/p>\n\n\n\n<p><strong>15h15\u00a0\u00a0\u00a0\u00a0 Nouveaut\u00e9s th\u00e9rapeutiques pour le traitement des bact\u00e9ries multi-r\u00e9sistantes<\/strong><em>: A. Lefort &#8211; H\u00f4pital Beaujon (AP HP), Paris<\/em><\/p>\n\n\n\n<p><strong>15h45&nbsp;&nbsp;&nbsp;&nbsp; Peut-on raccourcir la dur\u00e9e de l\u2019antibioth\u00e9rapie ?<\/strong><em>: A. Dinh &#8211; H\u00f4pital Raymond Poincar\u00e9 (AP HP), Garches<\/em><\/p>\n\n\n\n<p><strong>16h15&nbsp;&nbsp;&nbsp;&nbsp; Conclusion :<\/strong><em>Jean-Luc Mainardi <\/em><\/p>\n","protected":false},"excerpt":{"rendered":"<p>Organis\u00e9e par Jean-Luc MAINARDI Sous la pr\u00e9sidence de Lo\u00efc GuillevinSecr\u00e9taires G\u00e9n\u00e9raux : Martine GAYRAUD et Jonathan LONDON Vendredi 17 janvier 2020, 8 h 45 &#8211; 17 h 15, Amphith\u00e9\u00e2tre ROUVILLOIS, Ecole du Val-de-Gr\u00e2ce, Place Laveran &#8211; 75005 Paris Programme MATINEE: Mod\u00e9rateur Jean-Luc Mainardi 09h00&nbsp;&nbsp;&nbsp;&nbsp;&nbsp; Accueil des participants 09h15&nbsp;&nbsp;&nbsp;&nbsp;&nbsp; M\u00e9thodes rapides de diagnostic microbiologique : approche &hellip; <a href=\"http:\/\/www.smhp.fr\/?page_id=1552\" class=\"more-link\">Continuer la lecture de <span class=\"screen-reader-text\">JFM 104. Les bact\u00e9ries dans tous leurs \u00e9tats<\/span> <span class=\"meta-nav\">&rarr;<\/span><\/a><\/p>\n","protected":false},"author":2,"featured_media":0,"parent":1554,"menu_order":1,"comment_status":"closed","ping_status":"closed","template":"","meta":[],"_links":{"self":[{"href":"http:\/\/www.smhp.fr\/index.php?rest_route=\/wp\/v2\/pages\/1552"}],"collection":[{"href":"http:\/\/www.smhp.fr\/index.php?rest_route=\/wp\/v2\/pages"}],"about":[{"href":"http:\/\/www.smhp.fr\/index.php?rest_route=\/wp\/v2\/types\/page"}],"author":[{"embeddable":true,"href":"http:\/\/www.smhp.fr\/index.php?rest_route=\/wp\/v2\/users\/2"}],"replies":[{"embeddable":true,"href":"http:\/\/www.smhp.fr\/index.php?rest_route=%2Fwp%2Fv2%2Fcomments&post=1552"}],"version-history":[{"count":5,"href":"http:\/\/www.smhp.fr\/index.php?rest_route=\/wp\/v2\/pages\/1552\/revisions"}],"predecessor-version":[{"id":1567,"href":"http:\/\/www.smhp.fr\/index.php?rest_route=\/wp\/v2\/pages\/1552\/revisions\/1567"}],"up":[{"embeddable":true,"href":"http:\/\/www.smhp.fr\/index.php?rest_route=\/wp\/v2\/pages\/1554"}],"wp:attachment":[{"href":"http:\/\/www.smhp.fr\/index.php?rest_route=%2Fwp%2Fv2%2Fmedia&parent=1552"}],"curies":[{"name":"wp","href":"https:\/\/api.w.org\/{rel}","templated":true}]}}