{"id":1472,"date":"2019-09-10T09:45:05","date_gmt":"2019-09-10T08:45:05","guid":{"rendered":"http:\/\/www.smhp.fr\/?page_id=1472"},"modified":"2019-09-10T10:38:58","modified_gmt":"2019-09-10T09:38:58","slug":"jfm-103-developpements-modernes-et-nouvelles-orientations-en-geriatrie","status":"publish","type":"page","link":"http:\/\/www.smhp.fr\/?page_id=1472","title":{"rendered":"JFM 103. D\u00e9veloppements modernes et nouvelles orientations en g\u00e9riatrie"},"content":{"rendered":"\n<p> <\/p>\n\n\n\n<p>Organis\u00e9e par <strong>Marc VERNY<\/strong><\/p>\n\n\n\n<p><strong>Vendredi 27 septembre 2019, de 8 h 45 \u00e0 17 h 15<\/strong> <\/p>\n\n\n\n<p><em>Amphith\u00e9\u00e2tre BAUDENS, Ecole du Val-de-Gr\u00e2ce, Place Laveran &#8211; 75005 Paris<\/em><\/p>\n\n\n\n<p><\/p>\n\n\n\n<p><strong><a href=\"http:\/\/www.smhp.fr\/wp-content\/uploads\/2019\/09\/103prospectus.pdf\">Prospectus de la journ\u00e9e<\/a><\/strong><\/p>\n\n\n\n<p><\/p>\n\n\n\n<p><strong>09h00 &#8211; Accueil des participants <\/strong><\/p>\n\n\n\n<p><\/p>\n\n\n\n<p><strong>MATIN &#8211; Mod\u00e9rateur <\/strong><em>Marc Verny<\/em><\/p>\n\n\n\n<p><strong>09h15 &#8211; Introduction : positionnement \u00e9pid\u00e9miologique. <\/strong><em>M. Verny &#8211; H\u00f4pital la Piti\u00e9-Salp\u00eatri\u00e8re (AP HP), Paris <\/em><\/p>\n\n\n\n<p><strong>09h30 &#8211; L\u2019immuno-s\u00e9nescence : des donn\u00e9es fondamentales \u00e0 la pratique clinique. <\/strong><em>H. Vallet &#8211; H\u00f4pital la Piti\u00e9-Salp\u00eatri\u00e8re (AP HP), Paris<\/em><\/p>\n\n\n\n<p><strong>10H30 &#8211; Sommeil et m\u00e9moire. <\/strong><em>A. Gales &#8211; H\u00f4pital la Piti\u00e9-Salp\u00eatri\u00e8re (AP HP), Paris <\/em><\/p>\n\n\n\n<p><strong>10h00 &#8211; Muscle, nutrition et activit\u00e9 physique : comment maintenir la fonction ? <\/strong><em>A. Raynaud Simon &#8211; H\u00f4pital Bichat (AP HP), Paris <\/em><\/p>\n\n\n\n<p><strong>11h00 &#8211; Pause-caf\u00e9<\/strong><\/p>\n\n\n\n<p><strong> 11h30 &#8211; Prise en charge g\u00e9riatrique de l\u2019insuffisance cardiaque. <\/strong><em>M. Pepin &#8211; H\u00f4pital Ambroise Par\u00e9 (AP HP), Paris <\/em><\/p>\n\n\n\n<p><strong>12h00 &#8211; Place des proc\u00e9dures interventionnelles (TAVI, occlusion auricule&#8230;) en cardiologie pour les patients \u00e2g\u00e9s. <\/strong><em>J.Ph Collet &#8211; H\u00f4pital la Piti\u00e9-Salp\u00eatri\u00e8re (AP HP), Paris <\/em><\/p>\n\n\n\n<p><\/p>\n\n\n\n<p><strong><em>Apr\u00e8s-midi &#8211; Mod\u00e9rateur Jean-Marc Ziza<\/em><\/strong><\/p>\n\n\n\n<p><strong>14h15 &#8211; Mod\u00e8le de la prise en charge p\u00e9riop\u00e9ratoire g\u00e9riatrique. <\/strong><em>J. Boddaert &#8211; H\u00f4pital la Piti\u00e9-Salp\u00eatri\u00e8re (AP HP), Paris <\/em><\/p>\n\n\n\n<p><strong>14h45 &#8211; Mod\u00e8le de la prise en charge en onco-g\u00e9riatrie <\/strong><em>T.Cudennec &#8211; H\u00f4pital Ambroise Par\u00e9 (AP HP), Paris <\/em><\/p>\n\n\n\n<p><strong>15h15 &#8211; Maladie \u00e0 corps de Lewy : de la phase initiale \u00e0 la phase d\u2019\u00e9tat, une maladie trompeuse. <\/strong><em>M. Verny &#8211; H\u00f4pital la Piti\u00e9-Salp\u00eatri\u00e8re (AP HP), Paris <\/em><\/p>\n\n\n\n<p><strong>15h45 &#8211; Apports de la pharmaco-\u00e9pid\u00e9miologie en g\u00e9riatrie. <\/strong><em>L. Zerah &#8211; H\u00f4pital la Piti\u00e9-Salp\u00eatri\u00e8re (AP HP), Paris <\/em><\/p>\n\n\n\n<p><strong>16h15 &#8211; Conclusion. <\/strong><em>M. Verny &#8211; H\u00f4pital la Piti\u00e9-Salp\u00eatri\u00e8re (AP HP), Paris <\/em><\/p>\n","protected":false},"excerpt":{"rendered":"<p>Organis\u00e9e par Marc VERNY Vendredi 27 septembre 2019, de 8 h 45 \u00e0 17 h 15 Amphith\u00e9\u00e2tre BAUDENS, Ecole du Val-de-Gr\u00e2ce, Place Laveran &#8211; 75005 Paris Prospectus de la journ\u00e9e 09h00 &#8211; Accueil des participants MATIN &#8211; Mod\u00e9rateur Marc Verny 09h15 &#8211; Introduction : positionnement \u00e9pid\u00e9miologique. M. Verny &#8211; H\u00f4pital la Piti\u00e9-Salp\u00eatri\u00e8re (AP HP), Paris &hellip; <a href=\"http:\/\/www.smhp.fr\/?page_id=1472\" class=\"more-link\">Continuer la lecture de <span class=\"screen-reader-text\">JFM 103. D\u00e9veloppements modernes et nouvelles orientations en g\u00e9riatrie<\/span> <span class=\"meta-nav\">&rarr;<\/span><\/a><\/p>\n","protected":false},"author":2,"featured_media":0,"parent":1414,"menu_order":4,"comment_status":"closed","ping_status":"closed","template":"","meta":[],"_links":{"self":[{"href":"http:\/\/www.smhp.fr\/index.php?rest_route=\/wp\/v2\/pages\/1472"}],"collection":[{"href":"http:\/\/www.smhp.fr\/index.php?rest_route=\/wp\/v2\/pages"}],"about":[{"href":"http:\/\/www.smhp.fr\/index.php?rest_route=\/wp\/v2\/types\/page"}],"author":[{"embeddable":true,"href":"http:\/\/www.smhp.fr\/index.php?rest_route=\/wp\/v2\/users\/2"}],"replies":[{"embeddable":true,"href":"http:\/\/www.smhp.fr\/index.php?rest_route=%2Fwp%2Fv2%2Fcomments&post=1472"}],"version-history":[{"count":8,"href":"http:\/\/www.smhp.fr\/index.php?rest_route=\/wp\/v2\/pages\/1472\/revisions"}],"predecessor-version":[{"id":1545,"href":"http:\/\/www.smhp.fr\/index.php?rest_route=\/wp\/v2\/pages\/1472\/revisions\/1545"}],"up":[{"embeddable":true,"href":"http:\/\/www.smhp.fr\/index.php?rest_route=\/wp\/v2\/pages\/1414"}],"wp:attachment":[{"href":"http:\/\/www.smhp.fr\/index.php?rest_route=%2Fwp%2Fv2%2Fmedia&parent=1472"}],"curies":[{"name":"wp","href":"https:\/\/api.w.org\/{rel}","templated":true}]}}