{"id":1448,"date":"2019-02-27T21:50:00","date_gmt":"2019-02-27T20:50:00","guid":{"rendered":"http:\/\/www.smhp.fr\/?page_id=1448"},"modified":"2019-09-10T10:14:49","modified_gmt":"2019-09-10T09:14:49","slug":"jfm-101-oeil-et-medecine-interne","status":"publish","type":"page","link":"http:\/\/www.smhp.fr\/?page_id=1448","title":{"rendered":"JFM 101. \u0152il et m\u00e9decine interne"},"content":{"rendered":"\n<p><strong> Organis\u00e9e par Antoine Br\u00e9zin<\/strong><\/p>\n\n\n\n<p>Vendredi 22 mars 2019. Amphith\u00e9\u00e2tre BAUDENS. Ecole du Val-de-Gr\u00e2ce, Place Laveran &#8211; 75005 Paris<\/p>\n\n\n\n<p><strong><a href=\"http:\/\/www.smhp.fr\/wp-content\/uploads\/2019\/02\/101prospectus.pdf\" target=\"_blank\" rel=\"noreferrer noopener\" aria-label=\"Prospectus (s\u2019ouvre dans un nouvel onglet)\">Prospectus<\/a><\/strong> de la journ\u00e9e<a href=\"http:\/\/www.smhp.fr\/wp-content\/uploads\/2019\/02\/101prospectus.pdf\"><strong> <\/strong><\/a> <\/p>\n\n\n\n<p><em><strong>MATINEE : Mod\u00e9rateur Antoine Br\u00e9zin <\/strong><\/em><\/p>\n\n\n\n<p><strong>09h00. Accueil des participants<\/strong><\/p>\n\n\n\n<p><strong>09h30. Orbitopathies inflammatoires.&nbsp;<\/strong><em>Olivier Galatoire, Paris <\/em><\/p>\n\n\n\n<p><strong>10h00. Scl\u00e9rites. <\/strong><em>Eric Gabison, Paris &#8211; Ga\u00eblle Clavel, Paris. <\/em><\/p>\n\n\n\n<p><strong>10h30. Neuropathies optiques : quelle d\u00e9marche diagnostique et th\u00e9rapeutique ? <\/strong><em>Catherine Vignal, Paris &#8211; Romain Deschamps, Paris <\/em><\/p>\n\n\n\n<p>11h00. Pause-caf\u00e9<strong> <\/strong><\/p>\n\n\n\n<p><strong>11h30. Uv\u00e9ites : standardiser l\u2019\u00e9valuation et les objectifs th\u00e9rapeutiques. <\/strong><em>Antoine Br\u00e9zin, Paris <\/em><\/p>\n\n\n\n<p><strong>12h00. \u0152il et spondylarthrites. <\/strong><em>Dominique Monnet, Paris &#8211; Corinne Miceli, Paris<\/em><\/p>\n\n\n\n<p><\/p>\n\n\n\n<p><\/p>\n\n\n\n<p><strong><em>APRES-MIDI : Mod\u00e9rateur Lo\u00efc Guillevin<\/em> <\/strong><\/p>\n\n\n\n<p><strong>14h00. Tuberculose, syphilis et autres infections bact\u00e9riennes : manifestations oculaires.&nbsp;<\/strong><em>Florence Hoogewoud, Paris &#8211; Matthieu Groh, Paris<\/em><\/p>\n\n\n\n<p><strong>14h30. \u0152il et infections virales. <\/strong><em>Marc Labetoulle, Le Kremlin-Bic\u00eatre <\/em><\/p>\n\n\n\n<p><strong>15h00. Traitement des uv\u00e9ites &#8211; Les donn\u00e9es fond\u00e9es sur des preuves.&nbsp;<\/strong><em>Benjamin Terrier, Paris<\/em><\/p>\n\n\n\n<p><strong>15h30. Surveillance des traitements par hydroxychloroquine. <\/strong><em>Elodie Bousquet, Paris &#8211; Nathalie Costedoat-Chalumeau, Paris<\/em><\/p>\n\n\n\n<p><strong>16h00. Comment est organis\u00e9e la coop\u00e9ration interniste- ophtalmologiste en France ? R\u00e9sultats de l\u2019\u00e9tude ENUV. <\/strong>David Saadoun<em>, Paris<\/em><\/p>\n\n\n\n<p><strong>16h30. <em>Table ronde : Cas cliniques comment\u00e9s.&nbsp;<\/em><\/strong><em>Participants multiples <\/em><\/p>\n","protected":false},"excerpt":{"rendered":"<p>Organis\u00e9e par Antoine Br\u00e9zin Vendredi 22 mars 2019. Amphith\u00e9\u00e2tre BAUDENS. Ecole du Val-de-Gr\u00e2ce, Place Laveran &#8211; 75005 Paris Prospectus de la journ\u00e9e MATINEE : Mod\u00e9rateur Antoine Br\u00e9zin 09h00. Accueil des participants 09h30. Orbitopathies inflammatoires.&nbsp;Olivier Galatoire, Paris 10h00. Scl\u00e9rites. Eric Gabison, Paris &#8211; Ga\u00eblle Clavel, Paris. 10h30. Neuropathies optiques : quelle d\u00e9marche diagnostique et th\u00e9rapeutique ? &hellip; <a href=\"http:\/\/www.smhp.fr\/?page_id=1448\" class=\"more-link\">Continuer la lecture de <span class=\"screen-reader-text\">JFM 101. \u0152il et m\u00e9decine interne<\/span> <span class=\"meta-nav\">&rarr;<\/span><\/a><\/p>\n","protected":false},"author":2,"featured_media":0,"parent":1414,"menu_order":2,"comment_status":"closed","ping_status":"closed","template":"","meta":[],"_links":{"self":[{"href":"http:\/\/www.smhp.fr\/index.php?rest_route=\/wp\/v2\/pages\/1448"}],"collection":[{"href":"http:\/\/www.smhp.fr\/index.php?rest_route=\/wp\/v2\/pages"}],"about":[{"href":"http:\/\/www.smhp.fr\/index.php?rest_route=\/wp\/v2\/types\/page"}],"author":[{"embeddable":true,"href":"http:\/\/www.smhp.fr\/index.php?rest_route=\/wp\/v2\/users\/2"}],"replies":[{"embeddable":true,"href":"http:\/\/www.smhp.fr\/index.php?rest_route=%2Fwp%2Fv2%2Fcomments&post=1448"}],"version-history":[{"count":11,"href":"http:\/\/www.smhp.fr\/index.php?rest_route=\/wp\/v2\/pages\/1448\/revisions"}],"predecessor-version":[{"id":1530,"href":"http:\/\/www.smhp.fr\/index.php?rest_route=\/wp\/v2\/pages\/1448\/revisions\/1530"}],"up":[{"embeddable":true,"href":"http:\/\/www.smhp.fr\/index.php?rest_route=\/wp\/v2\/pages\/1414"}],"wp:attachment":[{"href":"http:\/\/www.smhp.fr\/index.php?rest_route=%2Fwp%2Fv2%2Fmedia&parent=1448"}],"curies":[{"name":"wp","href":"https:\/\/api.w.org\/{rel}","templated":true}]}}