{"id":1416,"date":"2018-12-02T16:41:50","date_gmt":"2018-12-02T15:41:50","guid":{"rendered":"http:\/\/www.smhp.fr\/?page_id=1416"},"modified":"2018-12-20T22:06:15","modified_gmt":"2018-12-20T21:06:15","slug":"jfm100-le-medicament-dans-tous-ces-etats","status":"publish","type":"page","link":"http:\/\/www.smhp.fr\/?page_id=1416","title":{"rendered":"JFM 100. Le m\u00e9dicament dans tous ses \u00e9tats"},"content":{"rendered":"<p><strong>Journ\u00e9e organis\u00e9e par Claire Le Jeunne et Jean-Franc\u0327ois Bergmann<\/strong><br \/>\nVendredi 18 janvier 2019 8 h 45 &#8211; 17 h 15<\/p>\n<p><a href=\"http:\/\/www.smhp.fr\/wp-content\/uploads\/2018\/12\/100prospectus.pdf\" target=\"_blank\" rel=\"noopener\"><strong>Prospectus<\/strong><\/a> de la journ\u00e9e<\/p>\n<p>MATINE\u0301E<br \/>\nMode\u0301ratrice : Claire Le Jeunne<\/p>\n<p>08h45. Accueil des participants<br \/>\n09h00. Introduction. Claire Le Jeunne, Paris<br \/>\n09h15. Maladies ge\u0301ne\u0301tiques: the\u0301rapie cible\u0301e des maladies ge\u0301ne\u0301tiques. Alain Fischer, Colle\u0300ge de France, Paris<br \/>\n09h45. Maladies infectieuses: le revers des antibiotiques; l\u2019antibio-re\u0301sistance. Bruno Fantin, Paris<br \/>\n10H15. Maladies infectieuses: l\u2019e\u0301pope\u0301e du VIH. Philippe Morlat, Bordeaux<br \/>\n10h45. Pause-cafe\u0301<br \/>\n11h00. Oncologie: immunothe\u0301rapie. Brigitte Dreno, Nantes<br \/>\n11h30. Oncologie: the\u0301rapies cible\u0301es. Jean Tredaniel, Paris<\/p>\n<p>12h00. Visite du Muse\u0301e du Val-de-Gra\u0302ce et cocktail de de\u0301but d\u2019anne\u0301e.<\/p>\n<p>APRE\u0300S-MIDI<br \/>\nMode\u0301rateur : Jean-Franc\u0327ois Bergmann<br \/>\n14h30. Immunologie: histoire des anticorps monoclonaux. Jean-Luc Teillaud, CNRS<br \/>\n15h00. Immunologie: maladies auto-immunes &#8211; place du Rituximab. Loi\u0308c Guillevin, Paris<br \/>\n15h30. Maladies vasculaires: l\u2019hypertension arte\u0301rielle pulmonaire. Marc Humbert, Bice\u0302tre<br \/>\n16h00. Un succe\u0300s: traitement de l\u2019insuffisance cardiaque: 40 ans de progre\u0300s. Alain Cohen Solal, Paris<br \/>\n16h20. Un e\u0301chec: la maladie d\u2019Alzheimer. Claire Paquet, Paris<br \/>\n16h40. Un espoir: les maladies fibrosantes (poumon, rein, peau). Luc Mouthon, Paris<br \/>\n17h00. Conclusion: Jean-Franc\u0327ois Bergmann<\/p>\n","protected":false},"excerpt":{"rendered":"<p>Journ\u00e9e organis\u00e9e par Claire Le Jeunne et Jean-Franc\u0327ois Bergmann Vendredi 18 janvier 2019 8 h 45 &#8211; 17 h 15 Prospectus de la journ\u00e9e MATINE\u0301E Mode\u0301ratrice : Claire Le Jeunne 08h45. Accueil des participants 09h00. Introduction. Claire Le Jeunne, Paris 09h15. Maladies ge\u0301ne\u0301tiques: the\u0301rapie cible\u0301e des maladies ge\u0301ne\u0301tiques. Alain Fischer, Colle\u0300ge de France, Paris 09h45. &hellip; <a href=\"http:\/\/www.smhp.fr\/?page_id=1416\" class=\"more-link\">Continuer la lecture de <span class=\"screen-reader-text\">JFM 100. Le m\u00e9dicament dans tous ses \u00e9tats<\/span> <span class=\"meta-nav\">&rarr;<\/span><\/a><\/p>\n","protected":false},"author":2,"featured_media":0,"parent":1414,"menu_order":1,"comment_status":"closed","ping_status":"closed","template":"","meta":[],"_links":{"self":[{"href":"http:\/\/www.smhp.fr\/index.php?rest_route=\/wp\/v2\/pages\/1416"}],"collection":[{"href":"http:\/\/www.smhp.fr\/index.php?rest_route=\/wp\/v2\/pages"}],"about":[{"href":"http:\/\/www.smhp.fr\/index.php?rest_route=\/wp\/v2\/types\/page"}],"author":[{"embeddable":true,"href":"http:\/\/www.smhp.fr\/index.php?rest_route=\/wp\/v2\/users\/2"}],"replies":[{"embeddable":true,"href":"http:\/\/www.smhp.fr\/index.php?rest_route=%2Fwp%2Fv2%2Fcomments&post=1416"}],"version-history":[{"count":8,"href":"http:\/\/www.smhp.fr\/index.php?rest_route=\/wp\/v2\/pages\/1416\/revisions"}],"predecessor-version":[{"id":1440,"href":"http:\/\/www.smhp.fr\/index.php?rest_route=\/wp\/v2\/pages\/1416\/revisions\/1440"}],"up":[{"embeddable":true,"href":"http:\/\/www.smhp.fr\/index.php?rest_route=\/wp\/v2\/pages\/1414"}],"wp:attachment":[{"href":"http:\/\/www.smhp.fr\/index.php?rest_route=%2Fwp%2Fv2%2Fmedia&parent=1416"}],"curies":[{"name":"wp","href":"https:\/\/api.w.org\/{rel}","templated":true}]}}