{"id":1386,"date":"2018-04-20T20:45:52","date_gmt":"2018-04-20T19:45:52","guid":{"rendered":"http:\/\/www.smhp.fr\/?page_id=1386"},"modified":"2018-04-20T20:56:22","modified_gmt":"2018-04-20T19:56:22","slug":"jfm98-psychiatrie-et-medecine-interne","status":"publish","type":"page","link":"http:\/\/www.smhp.fr\/?page_id=1386","title":{"rendered":"JFM 98. Psychiatrie et m\u00e9decine interne"},"content":{"rendered":"<p>Journ\u00e9e organis\u00e9e par Marion LEBOYER et Olivier FAIN<br \/>\nVendredi 25 mai 2018, 9h30 \u2013 17h15<br \/>\nAmphith\u00e9\u00e2tre BAUDENS, Ecole du Val-de-Gr\u00e2ce, Place Laveran &#8211; 75005 Paris<\/p>\n<p><a href=\"http:\/\/www.smhp.fr\/wp-content\/uploads\/2018\/04\/98prospectus.pdf\" target=\"_blank\" rel=\"noopener\">Prospectus<\/a> de la journ\u00e9e<\/p>\n<p>MATIN\u00c9E<br \/>\nMod\u00e9ration Marion Leboyer<br \/>\n09h00 Accueil des participants<br \/>\n09h30 Immunologie et psychiatrie. Marion Leboyer, Cr\u00e9teil<br \/>\n10h00 Comorbidit\u00e9s m\u00e9dicales et psychiatrie: importance de la psychiatrie de liaison. C\u00e9dric Lemogne, Paris<br \/>\n10h30 Syndrome m\u00e9tabolique, troubles bipolaires et schizophr\u00e9nie. Oph\u00e9lia Godin, Paris<br \/>\n11h00 Pause-caf\u00e9<br \/>\n11h30 Signatures inflammatoires des maladies psychiatriques. Nicolas Glaichenhaus, Nice<br \/>\n12h00 Psychoses auto-immunes \u00e0 anticorps anti-NMDA. J\u00e9r\u00f4me Honnorat, Lyon<\/p>\n<p>APR\u00c8S-MIDI<br \/>\nMod\u00e9ration Olivier Fain<br \/>\n14h00 Troubles somatoformes. Pascal Cathebras, Saint-Etienne<br \/>\n14h30 Manifestations psychiatriques d\u2019origine iatrog\u00e8ne. Florian Naudet, Rennes<br \/>\n15h00 Pr\u00e9sentation psychiatrique des maladies infectieuses. St\u00e9phane Jaur\u00e9guiberry, Paris<br \/>\n15h30 D\u00e9terminants immuno-g\u00e9n\u00e9tiques en psychiatrie. Ryad Tamouza, Cr\u00e9teil<br \/>\n16h00 Microbiote, probiotique et psychiatrie. Jo\u00ebl Dor\u00e9, Jouy-en-Josas<br \/>\n16h30 Table ronde et conclusion. Pascal Cathebras, Olivier Fain, J\u00e9r\u00f4me Honnorat, Marion Leboyer, C\u00e9dric Lemogne<\/p>\n","protected":false},"excerpt":{"rendered":"<p>Journ\u00e9e organis\u00e9e par Marion LEBOYER et Olivier FAIN Vendredi 25 mai 2018, 9h30 \u2013 17h15 Amphith\u00e9\u00e2tre BAUDENS, Ecole du Val-de-Gr\u00e2ce, Place Laveran &#8211; 75005 Paris Prospectus de la journ\u00e9e MATIN\u00c9E Mod\u00e9ration Marion Leboyer 09h00 Accueil des participants 09h30 Immunologie et psychiatrie. Marion Leboyer, Cr\u00e9teil 10h00 Comorbidit\u00e9s m\u00e9dicales et psychiatrie: importance de la psychiatrie de liaison. &hellip; <a href=\"http:\/\/www.smhp.fr\/?page_id=1386\" class=\"more-link\">Continuer la lecture de <span class=\"screen-reader-text\">JFM 98. Psychiatrie et m\u00e9decine interne<\/span> <span class=\"meta-nav\">&rarr;<\/span><\/a><\/p>\n","protected":false},"author":2,"featured_media":0,"parent":1329,"menu_order":3,"comment_status":"closed","ping_status":"closed","template":"","meta":[],"_links":{"self":[{"href":"http:\/\/www.smhp.fr\/index.php?rest_route=\/wp\/v2\/pages\/1386"}],"collection":[{"href":"http:\/\/www.smhp.fr\/index.php?rest_route=\/wp\/v2\/pages"}],"about":[{"href":"http:\/\/www.smhp.fr\/index.php?rest_route=\/wp\/v2\/types\/page"}],"author":[{"embeddable":true,"href":"http:\/\/www.smhp.fr\/index.php?rest_route=\/wp\/v2\/users\/2"}],"replies":[{"embeddable":true,"href":"http:\/\/www.smhp.fr\/index.php?rest_route=%2Fwp%2Fv2%2Fcomments&post=1386"}],"version-history":[{"count":6,"href":"http:\/\/www.smhp.fr\/index.php?rest_route=\/wp\/v2\/pages\/1386\/revisions"}],"predecessor-version":[{"id":1392,"href":"http:\/\/www.smhp.fr\/index.php?rest_route=\/wp\/v2\/pages\/1386\/revisions\/1392"}],"up":[{"embeddable":true,"href":"http:\/\/www.smhp.fr\/index.php?rest_route=\/wp\/v2\/pages\/1329"}],"wp:attachment":[{"href":"http:\/\/www.smhp.fr\/index.php?rest_route=%2Fwp%2Fv2%2Fmedia&parent=1386"}],"curies":[{"name":"wp","href":"https:\/\/api.w.org\/{rel}","templated":true}]}}