{"id":1363,"date":"2018-03-11T19:25:59","date_gmt":"2018-03-11T18:25:59","guid":{"rendered":"http:\/\/www.smhp.fr\/?page_id=1363"},"modified":"2018-12-02T16:49:56","modified_gmt":"2018-12-02T15:49:56","slug":"jfm97-thromboses","status":"publish","type":"page","link":"http:\/\/www.smhp.fr\/?page_id=1363","title":{"rendered":"JFM 97. Actualit\u00e9s diagnostiques et th\u00e9rapeutiques des thromboses veineuses de localisation atypique"},"content":{"rendered":"<p>Journ\u00e9e organis\u00e9e par le Pr. Guy Meyer (HEGP)<br \/>\nVendredi 23 mars 2018 de 8h30 \u00e0 17h, \u00e0 l\u2019\u00c9cole du Val-de-Gr\u00e2ce, Paris<\/p>\n<p><a href=\"http:\/\/www.smhp.fr\/wp-content\/uploads\/2018\/03\/97programme.pdf\" target=\"_blank\" rel=\"noopener\"><strong>Programme<\/strong><\/a> de la journ\u00e9e<\/p>\n<p>8h30: Accueil des participants<br \/>\n9h00: Thomboses intra-cardiaques: Guy Meyer, Paris<br \/>\n9h30: Thromboses c\u00e9r\u00e9brales: Guillaume Turc, Paris<br \/>\n10h00: Thromboses digestives: Aur\u00e9lie Plessier, Clichy<br \/>\n10h30: Pause<br \/>\n11h00: Thromboses des membres sup\u00e9rieurs: Emmanuel Messas, Paris<br \/>\n11h30: O\u00f9 en est-on de l\u2019\u00e9valuation des AOD dans les thromboses de localisation atypique? Patrick Mismetti, Saint-Etienne<\/p>\n<p>14h00: Thromboses m\u00e9dicamenteuses: Karine Lacut, Brest<br \/>\n14h30: Jusqu\u2019o\u00f9 aller dans le bilan de thrombose? Pierre Morange, Marseille<br \/>\n15h00: Thromboses veineuses superficielles: Marie Antoinette Sevestre, Amiens<br \/>\n15h30: Thrombose et grossesse: C\u00e9line Chauleur, Saint Etienne<br \/>\n16h00: EP de d\u00e9couverte fortuite, faut-il les traiter? Isabelle Mah\u00e9, Colombes<br \/>\n16h30: Conclusion<\/p>\n<p>Avec la participation du laboratoire Bayer <img src=\"http:\/\/www.smhp.fr\/wp-content\/uploads\/2018\/03\/logoBayer.jpg\" \/><\/p>\n","protected":false},"excerpt":{"rendered":"<p>Journ\u00e9e organis\u00e9e par le Pr. Guy Meyer (HEGP) Vendredi 23 mars 2018 de 8h30 \u00e0 17h, \u00e0 l\u2019\u00c9cole du Val-de-Gr\u00e2ce, Paris Programme de la journ\u00e9e 8h30: Accueil des participants 9h00: Thomboses intra-cardiaques: Guy Meyer, Paris 9h30: Thromboses c\u00e9r\u00e9brales: Guillaume Turc, Paris 10h00: Thromboses digestives: Aur\u00e9lie Plessier, Clichy 10h30: Pause 11h00: Thromboses des membres sup\u00e9rieurs: Emmanuel &hellip; <a href=\"http:\/\/www.smhp.fr\/?page_id=1363\" class=\"more-link\">Continuer la lecture de <span class=\"screen-reader-text\">JFM 97. Actualit\u00e9s diagnostiques et th\u00e9rapeutiques des thromboses veineuses de localisation atypique<\/span> <span class=\"meta-nav\">&rarr;<\/span><\/a><\/p>\n","protected":false},"author":2,"featured_media":0,"parent":1329,"menu_order":2,"comment_status":"closed","ping_status":"closed","template":"","meta":[],"_links":{"self":[{"href":"http:\/\/www.smhp.fr\/index.php?rest_route=\/wp\/v2\/pages\/1363"}],"collection":[{"href":"http:\/\/www.smhp.fr\/index.php?rest_route=\/wp\/v2\/pages"}],"about":[{"href":"http:\/\/www.smhp.fr\/index.php?rest_route=\/wp\/v2\/types\/page"}],"author":[{"embeddable":true,"href":"http:\/\/www.smhp.fr\/index.php?rest_route=\/wp\/v2\/users\/2"}],"replies":[{"embeddable":true,"href":"http:\/\/www.smhp.fr\/index.php?rest_route=%2Fwp%2Fv2%2Fcomments&post=1363"}],"version-history":[{"count":12,"href":"http:\/\/www.smhp.fr\/index.php?rest_route=\/wp\/v2\/pages\/1363\/revisions"}],"predecessor-version":[{"id":1422,"href":"http:\/\/www.smhp.fr\/index.php?rest_route=\/wp\/v2\/pages\/1363\/revisions\/1422"}],"up":[{"embeddable":true,"href":"http:\/\/www.smhp.fr\/index.php?rest_route=\/wp\/v2\/pages\/1329"}],"wp:attachment":[{"href":"http:\/\/www.smhp.fr\/index.php?rest_route=%2Fwp%2Fv2%2Fmedia&parent=1363"}],"curies":[{"name":"wp","href":"https:\/\/api.w.org\/{rel}","templated":true}]}}