{"id":1344,"date":"2017-11-19T12:25:52","date_gmt":"2017-11-19T11:25:52","guid":{"rendered":"http:\/\/www.smhp.fr\/?page_id=1344"},"modified":"2018-12-02T16:48:56","modified_gmt":"2018-12-02T15:48:56","slug":"jfm-96-diagnostics-difficiles-en-medecine-interne","status":"publish","type":"page","link":"http:\/\/www.smhp.fr\/?page_id=1344","title":{"rendered":"JFM 96. Diagnostics difficiles en m\u00e9decine interne"},"content":{"rendered":"<p>Journ\u00e9e organis\u00e9e par Pierre Godeau<\/p>\n<p><a href=\"http:\/\/www.smhp.fr\/wp-content\/uploads\/2017\/11\/96prospectus.pdf\" target=\"_blank\" rel=\"noopener\"><strong>Prospectus de la journ\u00e9e<\/strong><\/a><\/p>\n<p>&nbsp;<\/p>\n","protected":false},"excerpt":{"rendered":"<p>Journ\u00e9e organis\u00e9e par Pierre Godeau Prospectus de la journ\u00e9e &nbsp;<\/p>\n","protected":false},"author":2,"featured_media":0,"parent":1329,"menu_order":1,"comment_status":"closed","ping_status":"closed","template":"","meta":[],"_links":{"self":[{"href":"http:\/\/www.smhp.fr\/index.php?rest_route=\/wp\/v2\/pages\/1344"}],"collection":[{"href":"http:\/\/www.smhp.fr\/index.php?rest_route=\/wp\/v2\/pages"}],"about":[{"href":"http:\/\/www.smhp.fr\/index.php?rest_route=\/wp\/v2\/types\/page"}],"author":[{"embeddable":true,"href":"http:\/\/www.smhp.fr\/index.php?rest_route=\/wp\/v2\/users\/2"}],"replies":[{"embeddable":true,"href":"http:\/\/www.smhp.fr\/index.php?rest_route=%2Fwp%2Fv2%2Fcomments&post=1344"}],"version-history":[{"count":3,"href":"http:\/\/www.smhp.fr\/index.php?rest_route=\/wp\/v2\/pages\/1344\/revisions"}],"predecessor-version":[{"id":1421,"href":"http:\/\/www.smhp.fr\/index.php?rest_route=\/wp\/v2\/pages\/1344\/revisions\/1421"}],"up":[{"embeddable":true,"href":"http:\/\/www.smhp.fr\/index.php?rest_route=\/wp\/v2\/pages\/1329"}],"wp:attachment":[{"href":"http:\/\/www.smhp.fr\/index.php?rest_route=%2Fwp%2Fv2%2Fmedia&parent=1344"}],"curies":[{"name":"wp","href":"https:\/\/api.w.org\/{rel}","templated":true}]}}