{"id":1312,"date":"2017-04-22T17:06:28","date_gmt":"2017-04-22T16:06:28","guid":{"rendered":"http:\/\/www.smhp.fr\/?page_id=1312"},"modified":"2017-09-13T18:29:34","modified_gmt":"2017-09-13T17:29:34","slug":"jfm-95-hematologie-et-medecine-interne","status":"publish","type":"page","link":"http:\/\/www.smhp.fr\/?page_id=1312","title":{"rendered":"JFM 95. H\u00e9matologie et m\u00e9decine interne"},"content":{"rendered":"<p>Vendredi 29 septembre 2017<\/p>\n<p><strong>Organisateurs:<\/strong> Jean-Val\u00e8re MALFUSON et Jean-Pierre ALGAYRES<\/p>\n<p>Sous la pr\u00e9sidence du Pr Claire Le Jeunne<br \/>\nSecr\u00e9taires G\u00e9n\u00e9raux : Martine GAYRAUD et Jean-Marc ZIZA<br \/>\nVendredi 19 mai 2017<\/p>\n<p>Avec la participation des laboratoires Alexion, Novodisk et Lundbeck<\/p>\n<p><strong>Programme<\/strong><\/p>\n<p><strong>Matin\u00e9e<\/strong>: Mod\u00e9rateurs; JP Vernant et JP de Jaureguiberry<\/p>\n<p>9 heures : Lymphop\u00e9nies de l\u2019adulte<br \/>\nLuc Mouthon (Cochin)<\/p>\n<p>9 heures 30 : Manifestations syst\u00e9miques et auto-immunes des syndromes my\u00e9lodysplasiques<br \/>\nOlivier Fain (Saint-Antoine)<\/p>\n<p>10 heures : H\u00e9moglobinurie paroxystique nocturne<br \/>\nFlore Sicre de Fontbrune (Saint Louis)<\/p>\n<p>10 heures 30 : Pause Caf\u00e9<\/p>\n<p>11 heures : H\u00e9mophilie A acquise<br \/>\nHerv\u00e9 Levesque (Rouen)<\/p>\n<p>11 heures 30 : Leuc\u00e9mie \u00e0 tricholeucocytes<br \/>\nJean-Val\u00e8re Malfuson (Percy)<\/p>\n<p><strong>Apr\u00e8s-midi:<\/strong> Mod\u00e9rateur; Eric Raffoux<\/p>\n<p>14 heures : Gammapathie monoclonale de signification ind\u00e9termin\u00e9e et my\u00e9lome multiple non symptomatique : quoi de neuf en 2017 ?<br \/>\nJohanna Konopacki (Percy)<\/p>\n<p>14 heures 30 : Amylose AL : actualit\u00e9s sur le diagnostic et le traitement<br \/>\nArnaud Jaccard (Limoges)<\/p>\n<p>15 heures : POEMS syndrome<br \/>\nSylvain Choquet (Piti\u00e9-Salp\u00e9tri\u00e8re)<\/p>\n<p>15 heures 30: Maladie de Kikuchi<br \/>\nGuillaume Dumas (Saint-Antoine)<\/p>\n<p>16 heures 00 ou 15 : Maladie de Castleman<br \/>\nEric Oksenhendler (Saint-Louis)<\/p>\n","protected":false},"excerpt":{"rendered":"<p>Vendredi 29 septembre 2017 Organisateurs: Jean-Val\u00e8re MALFUSON et Jean-Pierre ALGAYRES Sous la pr\u00e9sidence du Pr Claire Le Jeunne Secr\u00e9taires G\u00e9n\u00e9raux : Martine GAYRAUD et Jean-Marc ZIZA Vendredi 19 mai 2017 Avec la participation des laboratoires Alexion, Novodisk et Lundbeck Programme Matin\u00e9e: Mod\u00e9rateurs; JP Vernant et JP de Jaureguiberry 9 heures : Lymphop\u00e9nies de l\u2019adulte Luc &hellip; <a href=\"http:\/\/www.smhp.fr\/?page_id=1312\" class=\"more-link\">Continuer la lecture de <span class=\"screen-reader-text\">JFM 95. H\u00e9matologie et m\u00e9decine interne<\/span> <span class=\"meta-nav\">&rarr;<\/span><\/a><\/p>\n","protected":false},"author":2,"featured_media":0,"parent":1246,"menu_order":4,"comment_status":"closed","ping_status":"closed","template":"","meta":[],"_links":{"self":[{"href":"http:\/\/www.smhp.fr\/index.php?rest_route=\/wp\/v2\/pages\/1312"}],"collection":[{"href":"http:\/\/www.smhp.fr\/index.php?rest_route=\/wp\/v2\/pages"}],"about":[{"href":"http:\/\/www.smhp.fr\/index.php?rest_route=\/wp\/v2\/types\/page"}],"author":[{"embeddable":true,"href":"http:\/\/www.smhp.fr\/index.php?rest_route=\/wp\/v2\/users\/2"}],"replies":[{"embeddable":true,"href":"http:\/\/www.smhp.fr\/index.php?rest_route=%2Fwp%2Fv2%2Fcomments&post=1312"}],"version-history":[{"count":7,"href":"http:\/\/www.smhp.fr\/index.php?rest_route=\/wp\/v2\/pages\/1312\/revisions"}],"predecessor-version":[{"id":1324,"href":"http:\/\/www.smhp.fr\/index.php?rest_route=\/wp\/v2\/pages\/1312\/revisions\/1324"}],"up":[{"embeddable":true,"href":"http:\/\/www.smhp.fr\/index.php?rest_route=\/wp\/v2\/pages\/1246"}],"wp:attachment":[{"href":"http:\/\/www.smhp.fr\/index.php?rest_route=%2Fwp%2Fv2%2Fmedia&parent=1312"}],"curies":[{"name":"wp","href":"https:\/\/api.w.org\/{rel}","templated":true}]}}