{"id":1305,"date":"2017-04-22T16:39:07","date_gmt":"2017-04-22T15:39:07","guid":{"rendered":"http:\/\/www.smhp.fr\/?page_id=1305"},"modified":"2017-04-22T16:46:03","modified_gmt":"2017-04-22T15:46:03","slug":"alcoolisme","status":"publish","type":"page","link":"http:\/\/www.smhp.fr\/?page_id=1305","title":{"rendered":"JFM 94. Alcoolisme"},"content":{"rendered":"<p><strong>Organisateurs : Pr. Alain Devaux<\/strong><\/p>\n<p>Sous la pr\u00e9sidence du Pr Claire Le Jeunne<br \/>\nSecr\u00e9taires G\u00e9n\u00e9raux : Martine GAYRAUD et Jean-Marc ZIZA<br \/>\nVendredi 19 mai 2017<\/p>\n<p>Avec la participation des laboratoires<\/p>\n<p><a href=\"http:\/\/www.smhp.fr\/wp-content\/uploads\/2017\/04\/94prospectus.pdf\" target=\"_blank\">Programme de la journ\u00e9e<\/a><\/p>\n<p>MATINE\u0301E: Mode\u0301rateur Jean-Marc Ziza<\/p>\n<p>8h30 Accueil des participants<\/p>\n<p>9h00 Aspects e\u0301pide\u0301miologiques de l\u2019alcoolode\u0301pendance<br \/>\nXavier Laqueille, Sainte Anne, Paris<\/p>\n<p>9h30 Aspects ge\u0301ne\u0301tiques de l\u2019alcoolode\u0301pendance<br \/>\nNicolas Ramoz, Sainte Anne, Paris<\/p>\n<p>10h00 Neurobiologie de l\u2019alcoolode\u0301pendance<br \/>\nMickae\u0308l Naassila, Amiens<\/p>\n<p>10h30 Pause-Cafe\u0301<\/p>\n<p>11h00 Actualite\u0301s des troubles he\u0301patiques lie\u0301s a\u0300 l\u2019alcool<br \/>\nEric Nguyen-Khac, Amiens<\/p>\n<p>11h30 De\u0301pistage et prise en charge des troubles cognitifs lie\u0301s a\u0300 l\u2019alcool<br \/>\nFranc\u0327ois Vabret, Caen<\/p>\n<p>A P R E\u0300 S-M I D I: Mode\u0301ratrice Martine Gayraud<\/p>\n<p>14h00 Comorbidite\u0301s psychiatriques de l\u2019alcoolode\u0301pendance<br \/>\nAlain Dervaux, Amiens<\/p>\n<p>14h30 Alcool et Neurologie<br \/>\nMaurice Dematteis, Grenoble<\/p>\n<p>15h00 Alcool et Urgences<br \/>\nGeorges Brousse, Clermont-Ferrand<\/p>\n<p>15h30 Traitements me\u0301dicamenteux et psychothe\u0301rapiques de l\u2019alcoolode\u0301pendance.<br \/>\nOlivier Cottencin, Lille<\/p>\n<p>16h00 Conclusion<\/p>\n","protected":false},"excerpt":{"rendered":"<p>Organisateurs : Pr. Alain Devaux Sous la pr\u00e9sidence du Pr Claire Le Jeunne Secr\u00e9taires G\u00e9n\u00e9raux : Martine GAYRAUD et Jean-Marc ZIZA Vendredi 19 mai 2017 Avec la participation des laboratoires Programme de la journ\u00e9e MATINE\u0301E: Mode\u0301rateur Jean-Marc Ziza 8h30 Accueil des participants 9h00 Aspects e\u0301pide\u0301miologiques de l\u2019alcoolode\u0301pendance Xavier Laqueille, Sainte Anne, Paris 9h30 Aspects ge\u0301ne\u0301tiques &hellip; <a href=\"http:\/\/www.smhp.fr\/?page_id=1305\" class=\"more-link\">Continuer la lecture de <span class=\"screen-reader-text\">JFM 94. Alcoolisme<\/span> <span class=\"meta-nav\">&rarr;<\/span><\/a><\/p>\n","protected":false},"author":2,"featured_media":0,"parent":1246,"menu_order":3,"comment_status":"closed","ping_status":"closed","template":"","meta":[],"_links":{"self":[{"href":"http:\/\/www.smhp.fr\/index.php?rest_route=\/wp\/v2\/pages\/1305"}],"collection":[{"href":"http:\/\/www.smhp.fr\/index.php?rest_route=\/wp\/v2\/pages"}],"about":[{"href":"http:\/\/www.smhp.fr\/index.php?rest_route=\/wp\/v2\/types\/page"}],"author":[{"embeddable":true,"href":"http:\/\/www.smhp.fr\/index.php?rest_route=\/wp\/v2\/users\/2"}],"replies":[{"embeddable":true,"href":"http:\/\/www.smhp.fr\/index.php?rest_route=%2Fwp%2Fv2%2Fcomments&post=1305"}],"version-history":[{"count":4,"href":"http:\/\/www.smhp.fr\/index.php?rest_route=\/wp\/v2\/pages\/1305\/revisions"}],"predecessor-version":[{"id":1310,"href":"http:\/\/www.smhp.fr\/index.php?rest_route=\/wp\/v2\/pages\/1305\/revisions\/1310"}],"up":[{"embeddable":true,"href":"http:\/\/www.smhp.fr\/index.php?rest_route=\/wp\/v2\/pages\/1246"}],"wp:attachment":[{"href":"http:\/\/www.smhp.fr\/index.php?rest_route=%2Fwp%2Fv2%2Fmedia&parent=1305"}],"curies":[{"name":"wp","href":"https:\/\/api.w.org\/{rel}","templated":true}]}}