{"id":127,"date":"2013-11-10T08:04:33","date_gmt":"2013-11-10T07:04:33","guid":{"rendered":"http:\/\/www.smhp.fr\/?page_id=127"},"modified":"2014-04-13T09:55:30","modified_gmt":"2014-04-13T08:55:30","slug":"jfm64-pathologie-infectieuse-et-tropicale","status":"publish","type":"page","link":"http:\/\/www.smhp.fr\/?page_id=127","title":{"rendered":"JFM 64. Pathologie infectieuse et tropicale: les nouveaux risques"},"content":{"rendered":"<p><strong>Organisateurs :\u00a0Prs Thierry DEBORD et Fran\u00e7ois BRICAIRE<\/strong><br \/>\nVendredi 15 janvier 2010<\/p>\n<p><a href=\"http:\/\/www.smhp.fr\/wp-content\/uploads\/2014\/04\/64prospectus.pdf\" target=\"_blank\"><strong>Prospectus<\/strong><\/a><\/p>\n<p><strong>Introduction : Extension de la r\u00e9sistance aux antiinfectieux<\/strong><br \/>\nPr Thierry Debord, HIA B\u00e9gin, Saint Mand\u00e9<\/p>\n<p><strong><a href=\"http:\/\/www.smhp.fr\/wp-content\/uploads\/2013\/11\/64-Cavallo-web.pdf\" target=\"_blank\">Les BMR s\u2019expriment \u00e0 l\u2019h\u00f4pital et en ville<\/a><\/strong><br \/>\nPr JD Cavalo, HIA B\u00e9gin, Saint Mand\u00e9<\/p>\n<p><strong><a href=\"http:\/\/www.smhp.fr\/wp-content\/uploads\/2013\/11\/64-Jarlier-web.pdf\" target=\"_blank\">BK r\u00e9sistants<\/a><\/strong><br \/>\nPr Vincent Jarlier, Piti\u00e9-Salp\u00e9tri\u00e8re, Paris<\/p>\n<p><strong>Les antibiotiques sont aujourd\u2019hui menac\u00e9s : absence d\u2019innovation, disparition des anciens<\/strong><br \/>\nDr Fran\u00e7ois Tr\u00e9moli\u00e8res, Mantes la Jolie<\/p>\n<p><strong><a href=\"http:\/\/www.smhp.fr\/wp-content\/uploads\/2013\/11\/64-Robert-web.pdf\" target=\"_blank\">\u00c9tat actuel de la r\u00e9sistance bact\u00e9rienne aux antibiotiques en France<\/a><\/strong><br \/>\nDr J\u00e9r\u00f4me Robert, Piti\u00e9-Salp\u00e9tri\u00e8re, Paris<\/p>\n<p><strong>R\u00e9sistance aux antigrippaux<\/strong><br \/>\nPr Bruno Lina, Lyon<\/p>\n<p><strong><a href=\"http:\/\/www.smhp.fr\/wp-content\/uploads\/2013\/11\/64-lebras-et-Danis-web.pdf\" target=\"_blank\">Avanc\u00e9es dans les r\u00e9sistances du paludisme<\/a><\/strong><br \/>\nPr Jacques Le Bras, Bichat et Pr Martin Danis, La Piti\u00e9-Salp\u00e9tri\u00e8re, Paris<\/p>\n<p><strong>S\u00e9ance solennelle<\/strong><br \/>\nConf\u00e9rence du Pr Philippe JEAMMET, Universit\u00e9 Paris V<\/p>\n<p><strong><a href=\"http:\/\/www.smhp.fr\/wp-content\/uploads\/2013\/11\/64-Bricaire-emergence-web.pdf\" target=\"_blank\">Introduction : L\u2019\u00e9mergence<\/a><\/strong><br \/>\nPr Fran\u00e7ois Bricaire, H\u00f4pital Salp\u00eatri\u00e8re, Paris<\/p>\n<p><strong>Notion d\u2019\u00e9mergence<\/strong><br \/>\nPr Antoine Flahaut, EHESP, Rennes<\/p>\n<p><strong>Les infections virales \u00e9mergentes dans le monde<\/strong><br \/>\nSt\u00e9phane Jaureguiberry, Paris<\/p>\n<p><strong><a href=\"http:\/\/www.smhp.fr\/wp-content\/uploads\/2013\/11\/64-Bricaire-Grippe-web.pdf\" target=\"_blank\">Les pand\u00e9mies grippales<\/a><\/strong><br \/>\nPr Fran\u00e7ois Bricaire, H\u00f4pital Salp\u00eatri\u00e8re, Paris<\/p>\n<p><strong><a href=\"http:\/\/www.smhp.fr\/wp-content\/uploads\/2013\/11\/64-Debord-2-web.pdf\" target=\"_blank\">Moyens de lutte contre les risques \u00e9pid\u00e9miques<\/a><\/strong><br \/>\nPr Thierry Debord, HIA B\u00e9gin, Saint Mand\u00e9<\/p>\n<p><strong>Conclusion<\/strong><br \/>\nPr Thierry Debord, HIA B\u00e9gin, Saint Mand\u00e9<br \/>\nPr Fran\u00e7ois Bricaire, H\u00f4pital Salp\u00eatri\u00e8re, Paris<\/p>\n","protected":false},"excerpt":{"rendered":"<p>Organisateurs :\u00a0Prs Thierry DEBORD et Fran\u00e7ois BRICAIRE Vendredi 15 janvier 2010 Prospectus Introduction : Extension de la r\u00e9sistance aux antiinfectieux Pr Thierry Debord, HIA B\u00e9gin, Saint Mand\u00e9 Les BMR s\u2019expriment \u00e0 l\u2019h\u00f4pital et en ville Pr JD Cavalo, HIA B\u00e9gin, Saint Mand\u00e9 BK r\u00e9sistants Pr Vincent Jarlier, Piti\u00e9-Salp\u00e9tri\u00e8re, Paris Les antibiotiques sont aujourd\u2019hui menac\u00e9s : &hellip; <a href=\"http:\/\/www.smhp.fr\/?page_id=127\" class=\"more-link\">Continuer la lecture de <span class=\"screen-reader-text\">JFM 64. Pathologie infectieuse et tropicale: les nouveaux risques<\/span> <span class=\"meta-nav\">&rarr;<\/span><\/a><\/p>\n","protected":false},"author":2,"featured_media":0,"parent":277,"menu_order":0,"comment_status":"closed","ping_status":"closed","template":"page-templates\/full-width.php","meta":[],"_links":{"self":[{"href":"http:\/\/www.smhp.fr\/index.php?rest_route=\/wp\/v2\/pages\/127"}],"collection":[{"href":"http:\/\/www.smhp.fr\/index.php?rest_route=\/wp\/v2\/pages"}],"about":[{"href":"http:\/\/www.smhp.fr\/index.php?rest_route=\/wp\/v2\/types\/page"}],"author":[{"embeddable":true,"href":"http:\/\/www.smhp.fr\/index.php?rest_route=\/wp\/v2\/users\/2"}],"replies":[{"embeddable":true,"href":"http:\/\/www.smhp.fr\/index.php?rest_route=%2Fwp%2Fv2%2Fcomments&post=127"}],"version-history":[{"count":1,"href":"http:\/\/www.smhp.fr\/index.php?rest_route=\/wp\/v2\/pages\/127\/revisions"}],"predecessor-version":[{"id":169,"href":"http:\/\/www.smhp.fr\/index.php?rest_route=\/wp\/v2\/pages\/127\/revisions\/169"}],"up":[{"embeddable":true,"href":"http:\/\/www.smhp.fr\/index.php?rest_route=\/wp\/v2\/pages\/277"}],"wp:attachment":[{"href":"http:\/\/www.smhp.fr\/index.php?rest_route=%2Fwp%2Fv2%2Fmedia&parent=127"}],"curies":[{"name":"wp","href":"https:\/\/api.w.org\/{rel}","templated":true}]}}