{"id":1251,"date":"2016-11-12T14:35:49","date_gmt":"2016-11-12T13:35:49","guid":{"rendered":"http:\/\/www.smhp.fr\/?page_id=1251"},"modified":"2017-04-22T16:46:52","modified_gmt":"2017-04-22T15:46:52","slug":"jfm-93-polyarthrite-rhumatoide-et-sjogren","status":"publish","type":"page","link":"http:\/\/www.smhp.fr\/?page_id=1251","title":{"rendered":"JFM 93. Polyarthrite rhumato\u00efde et Sj\u00f6gren"},"content":{"rendered":"<p><strong>Organisateurs : Pr. Alain Saraux et Raphaelle Seror<\/strong><\/p>\n<p>Sous la pr\u00e9sidence du\u00a0Pr Claire Le Jeunne<br \/>\nSecr\u00e9taires G\u00e9n\u00e9raux : Martine GAYRAUD et Jean-Marc ZIZA<br \/>\nVendredi 17 mars 2017<\/p>\n<p>Avec la participation des laboratoires Roche, UCB, Abbvie et BMS<\/p>\n<p><strong><a href=\"http:\/\/www.smhp.fr\/wp-content\/uploads\/2017\/02\/93prospectus.pdf\" target=\"_blank\">Prospectus<\/a><\/strong><\/p>\n<p><strong>Polyarthrite Rhumato\u00efde<\/strong><br \/>\nMod\u00e9rateur : Jean-Marc Ziza<\/p>\n<p>9h30 Quand l&rsquo;\u00e9voquer? La pr\u00e9-PR : de l&rsquo;auto-immunit\u00e9 \u00e0 la maladie.<br \/>\nPhilippe Dieud\u00e9, Bichat, Paris<\/p>\n<p>10h00 Comment confirmer le diagnostic ? Place de l&rsquo;imagerie dans le diagnostic et le suivi de la PR.<br \/>\nViolaine Foltz, Piti\u00e9-Salp\u00e9tri\u00e8re, Paris<\/p>\n<p>10h30 Apport de l&rsquo;\u00e9ducation th\u00e9rapeutique dans la PR.<br \/>\nCatherine Beauvais, Saint-Antoine, Paris<\/p>\n<p>11h00 Pause-Caf\u00e9<\/p>\n<p>11h30 Strat\u00e9gies th\u00e9rapeutiques : r\u00e9mission, diminution et espacement.<br \/>\nFlorian Bailly, Piti\u00e9-Salp\u00e9tri\u00e8re, Paris<\/p>\n<p>12h00 Les petites mol\u00e9cules : m\u00e9canisme d&rsquo;action et place dans l&rsquo;arsenal th\u00e9rapeutique.<br \/>\nAlain Saraux, Brest<\/p>\n<p>12h30 \u00e0 14h30: D\u00e9jeuner<\/p>\n<p><strong>Syndrome de Sj\u00f6gren<\/strong><\/p>\n<p>14h30 : avanc\u00e9es dans le domaine diagnostic : \u00e9chographie \/ nouveaux crit\u00e8res: Val\u00e9rie Devauchelle<\/p>\n<p>15h : \u00e9valuation au quotidien\u00a0:<br \/>\nV\u00e9ronique Leguern<\/p>\n<p>15h30 : lymphome:<br \/>\nGaetane\u00a0Nocturne<\/p>\n<p>16h :\u00a0Physiopathologie et traitements de demain:<br \/>\nXavier\u00a0Mariette<\/p>\n","protected":false},"excerpt":{"rendered":"<p>Organisateurs : Pr. Alain Saraux et Raphaelle Seror Sous la pr\u00e9sidence du\u00a0Pr Claire Le Jeunne Secr\u00e9taires G\u00e9n\u00e9raux : Martine GAYRAUD et Jean-Marc ZIZA Vendredi 17 mars 2017 Avec la participation des laboratoires Roche, UCB, Abbvie et BMS Prospectus Polyarthrite Rhumato\u00efde Mod\u00e9rateur : Jean-Marc Ziza 9h30 Quand l&rsquo;\u00e9voquer? La pr\u00e9-PR : de l&rsquo;auto-immunit\u00e9 \u00e0 la maladie. &hellip; <a href=\"http:\/\/www.smhp.fr\/?page_id=1251\" class=\"more-link\">Continuer la lecture de <span class=\"screen-reader-text\">JFM 93. Polyarthrite rhumato\u00efde et Sj\u00f6gren<\/span> <span class=\"meta-nav\">&rarr;<\/span><\/a><\/p>\n","protected":false},"author":2,"featured_media":0,"parent":1246,"menu_order":2,"comment_status":"closed","ping_status":"closed","template":"","meta":[],"_links":{"self":[{"href":"http:\/\/www.smhp.fr\/index.php?rest_route=\/wp\/v2\/pages\/1251"}],"collection":[{"href":"http:\/\/www.smhp.fr\/index.php?rest_route=\/wp\/v2\/pages"}],"about":[{"href":"http:\/\/www.smhp.fr\/index.php?rest_route=\/wp\/v2\/types\/page"}],"author":[{"embeddable":true,"href":"http:\/\/www.smhp.fr\/index.php?rest_route=\/wp\/v2\/users\/2"}],"replies":[{"embeddable":true,"href":"http:\/\/www.smhp.fr\/index.php?rest_route=%2Fwp%2Fv2%2Fcomments&post=1251"}],"version-history":[{"count":9,"href":"http:\/\/www.smhp.fr\/index.php?rest_route=\/wp\/v2\/pages\/1251\/revisions"}],"predecessor-version":[{"id":1311,"href":"http:\/\/www.smhp.fr\/index.php?rest_route=\/wp\/v2\/pages\/1251\/revisions\/1311"}],"up":[{"embeddable":true,"href":"http:\/\/www.smhp.fr\/index.php?rest_route=\/wp\/v2\/pages\/1246"}],"wp:attachment":[{"href":"http:\/\/www.smhp.fr\/index.php?rest_route=%2Fwp%2Fv2%2Fmedia&parent=1251"}],"curies":[{"name":"wp","href":"https:\/\/api.w.org\/{rel}","templated":true}]}}