{"id":125,"date":"2013-11-10T08:02:23","date_gmt":"2013-11-10T07:02:23","guid":{"rendered":"http:\/\/www.smhp.fr\/?page_id=125"},"modified":"2014-04-13T09:59:32","modified_gmt":"2014-04-13T08:59:32","slug":"jfm67-hepatologie","status":"publish","type":"page","link":"http:\/\/www.smhp.fr\/?page_id=125","title":{"rendered":"JFM 67. H\u00e9patologie"},"content":{"rendered":"<p><strong>Organisateur Professeur Stanislas POL<\/strong><br \/>\nSous la pr\u00e9sidence du Professeur Thierry DEBORD, Secr\u00e9taires G\u00e9n\u00e9raux : Martine GAYRAUD et Jean-Marc ZIZA<\/p>\n<p><strong>H\u00e9patopathies auto-immunes<\/strong><br \/>\nPr O. Chazouill\u00e8res, H\u00f4pital St Antoine, Paris<\/p>\n<p><strong>H\u00e9patopathies et maladies syst\u00e9miques<\/strong><br \/>\nDr V. Mallet, H\u00f4pital Cochin, Paris<\/p>\n<p><strong>Auto-immunit\u00e9 et h\u00e9patites virales<\/strong><br \/>\nPr P. Cacoub, H\u00f4pital Piti\u00e9 Salp\u00e9tri\u00e8re, Paris<\/p>\n<p><a href=\"http:\/\/www.smhp.fr\/wp-content\/uploads\/2013\/11\/67-plessier-web.pdf\" target=\"_blank\"><strong>H\u00e9patopathies vasculaires<\/strong><\/a><br \/>\nDr A. Plessier, H\u00f4pital Beaujon, Paris<\/p>\n<p><a href=\"http:\/\/www.smhp.fr\/wp-content\/uploads\/2013\/11\/67-Trabut-web.pdf\" target=\"_blank\"><strong>H\u00e9patites alcooliques aigu\u00ebs<\/strong><\/a><br \/>\nDr J.-B. Trabut, H\u00f4pital Cochin, Paris<\/p>\n<p><a href=\"http:\/\/www.smhp.fr\/wp-content\/uploads\/2013\/11\/67-SERFATY-web.pdf\" target=\"_blank\"><strong>St\u00e9atopathies non alcooliques (NASH)<\/strong><\/a><br \/>\nDr L. Serfaty, H\u00f4pital Saint Antoine, Paris<\/p>\n<p><strong>Nouveaut\u00e9s dans l\u2019imagerie des h\u00e9patopathies<\/strong><br \/>\nPr J.-M. Correas, H\u00f4pital Necker, Paris<\/p>\n<p><a href=\"http:\/\/www.smhp.fr\/wp-content\/uploads\/2013\/11\/67-POL-web.pdf\" target=\"_blank\"><strong>Nouveaut\u00e9s dans la prise en charge de l\u2019infection virale B<\/strong><\/a><br \/>\nPr S. Pol, H\u00f4pital Cochin, Paris<\/p>\n<p><a href=\"http:\/\/www.smhp.fr\/wp-content\/uploads\/2013\/11\/67-Deledinghen-web.pdf\" target=\"_blank\"><strong>Place des tests non invasifs de fibrose dans la prise en charge des h\u00e9patopathies<\/strong><\/a><br \/>\nPr V. De-Ledinghen, CHRU Bordeaux<\/p>\n<p><a href=\"http:\/\/www.smhp.fr\/wp-content\/uploads\/2013\/11\/67-Trinchet-web.pdf\" target=\"_blank\"><strong>Cirrhose et carcinome h\u00e9patocellulaire<\/strong><\/a><br \/>\nPr J.-C. Trinchet, H\u00f4pital Jean Verdier, Bondy<\/p>\n<p><a href=\"http:\/\/www.smhp.fr\/wp-content\/uploads\/2013\/11\/67-JAURY-web.pdf\" target=\"_blank\"><strong>Place du m\u00e9decin g\u00e9n\u00e9raliste dans la prise en charge des h\u00e9patopathies<\/strong><\/a><br \/>\nPr Ph. Jaury, Universit\u00e9 Paris Descartes<\/p>\n<p><strong>Conclusion<\/strong><\/p>\n","protected":false},"excerpt":{"rendered":"<p>Organisateur Professeur Stanislas POL Sous la pr\u00e9sidence du Professeur Thierry DEBORD, Secr\u00e9taires G\u00e9n\u00e9raux : Martine GAYRAUD et Jean-Marc ZIZA H\u00e9patopathies auto-immunes Pr O. Chazouill\u00e8res, H\u00f4pital St Antoine, Paris H\u00e9patopathies et maladies syst\u00e9miques Dr V. Mallet, H\u00f4pital Cochin, Paris Auto-immunit\u00e9 et h\u00e9patites virales Pr P. Cacoub, H\u00f4pital Piti\u00e9 Salp\u00e9tri\u00e8re, Paris H\u00e9patopathies vasculaires Dr A. Plessier, H\u00f4pital &hellip; <a href=\"http:\/\/www.smhp.fr\/?page_id=125\" class=\"more-link\">Continuer la lecture de <span class=\"screen-reader-text\">JFM 67. H\u00e9patologie<\/span> <span class=\"meta-nav\">&rarr;<\/span><\/a><\/p>\n","protected":false},"author":2,"featured_media":0,"parent":277,"menu_order":0,"comment_status":"closed","ping_status":"closed","template":"page-templates\/full-width.php","meta":[],"_links":{"self":[{"href":"http:\/\/www.smhp.fr\/index.php?rest_route=\/wp\/v2\/pages\/125"}],"collection":[{"href":"http:\/\/www.smhp.fr\/index.php?rest_route=\/wp\/v2\/pages"}],"about":[{"href":"http:\/\/www.smhp.fr\/index.php?rest_route=\/wp\/v2\/types\/page"}],"author":[{"embeddable":true,"href":"http:\/\/www.smhp.fr\/index.php?rest_route=\/wp\/v2\/users\/2"}],"replies":[{"embeddable":true,"href":"http:\/\/www.smhp.fr\/index.php?rest_route=%2Fwp%2Fv2%2Fcomments&post=125"}],"version-history":[{"count":1,"href":"http:\/\/www.smhp.fr\/index.php?rest_route=\/wp\/v2\/pages\/125\/revisions"}],"predecessor-version":[{"id":171,"href":"http:\/\/www.smhp.fr\/index.php?rest_route=\/wp\/v2\/pages\/125\/revisions\/171"}],"up":[{"embeddable":true,"href":"http:\/\/www.smhp.fr\/index.php?rest_route=\/wp\/v2\/pages\/277"}],"wp:attachment":[{"href":"http:\/\/www.smhp.fr\/index.php?rest_route=%2Fwp%2Fv2%2Fmedia&parent=125"}],"curies":[{"name":"wp","href":"https:\/\/api.w.org\/{rel}","templated":true}]}}