{"id":123,"date":"2013-11-10T07:59:16","date_gmt":"2013-11-10T06:59:16","guid":{"rendered":"http:\/\/www.smhp.fr\/?page_id=123"},"modified":"2014-01-19T11:32:47","modified_gmt":"2014-01-19T10:32:47","slug":"jfm71-coeur-et-medecine-interne","status":"publish","type":"page","link":"http:\/\/www.smhp.fr\/?page_id=123","title":{"rendered":"JFM 71. Coeur et m\u00e9decine interne"},"content":{"rendered":"<p>Organisateurs:\u00a0<strong>Pr Ariel COHEN et Dr Catherine CHAPELON-ABRIC<\/strong><br \/>\nSous la pr\u00e9sidence du Professeur Thierry DEBORD<br \/>\nSecr\u00e9taires G\u00e9n\u00e9raux : Martine GAYRAUD et Jean-Marc ZIZA<br \/>\nVendredi 30 Septembre 2011<\/p>\n<p><a href=\"http:\/\/www.smhp.fr\/wp-content\/uploads\/2014\/01\/71brochure.pdf\" target=\"_blank\"><strong><a href=\"http:\/\/www.smhp.fr\/wp-content\/uploads\/2013\/11\/71-Prospectus.pdf\" target=\"_blank\"><strong>Prospectus<\/strong><\/a><\/strong><\/a><\/p>\n<p><a href=\"http:\/\/www.smhp.fr\/wp-content\/uploads\/2014\/01\/71brochure.pdf\" target=\"_blank\"><strong>Brochure des r\u00e9sum\u00e9s<\/strong><\/a><\/p>\n<p><strong>MATIN\u00c9E<\/strong><\/p>\n<p><strong>Inflammation, AINS et risques cardiovasculaires<\/strong><br \/>\nFrancis Berenbaum, Saint-Antoine, Paris<\/p>\n<p><strong>Toxicit\u00e9 cardiaque des m\u00e9dicaments<\/strong><br \/>\nJacques Weissenburger, Saint-Antoine, Paris<\/p>\n<p><strong>Insuffisance cardiaque \u00e0 fraction<\/strong>\u00a0<strong>d\u2019\u00e9jection normale<\/strong><br \/>\nPierre-Vladimir Ennezat, Lille<\/p>\n<p><strong>Comment explorer une dysfonction cardiaque ?<\/strong><br \/>\nAriel Cohen, Saint-Antoine, Paris<\/p>\n<p><a href=\"http:\/\/www.smhp.fr\/wp-content\/uploads\/2013\/11\/71-blacher-web.pdf\" target=\"_blank\"><strong>Hypertension art\u00e9rielle : polypill aujourd\u2019hui ou demain ?<\/strong><\/a><br \/>\nJacques Blacher, H\u00f4tel-Dieu, Paris<\/p>\n<p><a href=\"http:\/\/www.smhp.fr\/wp-content\/uploads\/2013\/11\/71-BOCCARA-web.pdf\" target=\"_blank\"><strong>Atteintes cardiovasculaires du VIH : influence du virus et des traitements<\/strong><\/a><br \/>\nFranck Boccara, Saint-Antoine, Paris<\/p>\n<p><strong>APR\u00c8S-MIDI<\/strong><\/p>\n<p><a href=\"http:\/\/www.smhp.fr\/wp-content\/uploads\/2013\/11\/71-trochu-web.pdf\" target=\"_blank\"><strong>Myocardites aig\u00fces<\/strong><\/a><br \/>\nJean-No\u00ebl Trochu, CHU, Nantes<\/p>\n<p><a href=\"http:\/\/www.smhp.fr\/wp-content\/uploads\/2013\/11\/71-gu\u00e9ret-web.pdf\" target=\"_blank\"><strong>Comment explorer une douleur thoracique ?<\/strong><\/a><br \/>\nPascal Gueret, Henri-Mondor, Cr\u00e9teil<\/p>\n<p><a href=\"http:\/\/www.smhp.fr\/wp-content\/uploads\/2013\/11\/71-assayag-web.pdf\" target=\"_blank\"><strong>Traitements \u00e0 vis\u00e9e cardiovasculaire : jusqu\u2019o\u00f9 aller chez le sujet \u00e2g\u00e9 ?<\/strong><\/a><br \/>\nPatrick Assayag, Kremlin Bic\u00eatre<\/p>\n<p><a href=\"http:\/\/www.smhp.fr\/wp-content\/uploads\/2013\/11\/71-Chapelon-web.pdf\" target=\"_blank\"><strong>Points forts de l\u2019European Society of Cardiology (Paris, ao\u00fbt 2011) et leurs implications pour les internistes<\/strong><\/a><br \/>\nCatherine Chapelon-Abric, Piti\u00e9-salp\u00e9tri\u00e8re, Paris<\/p>\n<p><strong>Conclusions<\/strong><\/p>\n","protected":false},"excerpt":{"rendered":"<p>Organisateurs:\u00a0Pr Ariel COHEN et Dr Catherine CHAPELON-ABRIC Sous la pr\u00e9sidence du Professeur Thierry DEBORD Secr\u00e9taires G\u00e9n\u00e9raux : Martine GAYRAUD et Jean-Marc ZIZA Vendredi 30 Septembre 2011 Prospectus Brochure des r\u00e9sum\u00e9s MATIN\u00c9E Inflammation, AINS et risques cardiovasculaires Francis Berenbaum, Saint-Antoine, Paris Toxicit\u00e9 cardiaque des m\u00e9dicaments Jacques Weissenburger, Saint-Antoine, Paris Insuffisance cardiaque \u00e0 fraction\u00a0d\u2019\u00e9jection normale Pierre-Vladimir Ennezat, &hellip; <a href=\"http:\/\/www.smhp.fr\/?page_id=123\" class=\"more-link\">Continuer la lecture de <span class=\"screen-reader-text\">JFM 71. Coeur et m\u00e9decine interne<\/span> <span class=\"meta-nav\">&rarr;<\/span><\/a><\/p>\n","protected":false},"author":2,"featured_media":0,"parent":279,"menu_order":0,"comment_status":"closed","ping_status":"closed","template":"page-templates\/full-width.php","meta":[],"_links":{"self":[{"href":"http:\/\/www.smhp.fr\/index.php?rest_route=\/wp\/v2\/pages\/123"}],"collection":[{"href":"http:\/\/www.smhp.fr\/index.php?rest_route=\/wp\/v2\/pages"}],"about":[{"href":"http:\/\/www.smhp.fr\/index.php?rest_route=\/wp\/v2\/types\/page"}],"author":[{"embeddable":true,"href":"http:\/\/www.smhp.fr\/index.php?rest_route=\/wp\/v2\/users\/2"}],"replies":[{"embeddable":true,"href":"http:\/\/www.smhp.fr\/index.php?rest_route=%2Fwp%2Fv2%2Fcomments&post=123"}],"version-history":[{"count":1,"href":"http:\/\/www.smhp.fr\/index.php?rest_route=\/wp\/v2\/pages\/123\/revisions"}],"predecessor-version":[{"id":174,"href":"http:\/\/www.smhp.fr\/index.php?rest_route=\/wp\/v2\/pages\/123\/revisions\/174"}],"up":[{"embeddable":true,"href":"http:\/\/www.smhp.fr\/index.php?rest_route=\/wp\/v2\/pages\/279"}],"wp:attachment":[{"href":"http:\/\/www.smhp.fr\/index.php?rest_route=%2Fwp%2Fv2%2Fmedia&parent=123"}],"curies":[{"name":"wp","href":"https:\/\/api.w.org\/{rel}","templated":true}]}}