{"id":1169,"date":"2016-01-03T12:11:16","date_gmt":"2016-01-03T11:11:16","guid":{"rendered":"http:\/\/www.smhp.fr\/?page_id=1169"},"modified":"2016-04-16T08:45:51","modified_gmt":"2016-04-16T07:45:51","slug":"sclerodermies","status":"publish","type":"page","link":"http:\/\/www.smhp.fr\/?page_id=1169","title":{"rendered":"JFM 90. Scl\u00e9rodermies"},"content":{"rendered":"<p>Organis\u00e9e par Luc MOUTHON<\/p>\n<p>VENDREDI 20 MAI 2016<br \/>\nAmphith\u00e9\u00e2tre Albouker H\u00f4pital Cochin 27, rue du Fg Saint-Jacques &#8211; 75014 Paris<\/p>\n<p>Avec la pr\u00e9sence du laboratoire Act\u00e9lion<\/p>\n<p><a href=\"http:\/\/www.smhp.fr\/wp-content\/uploads\/2014\/06\/logoactelion.png\" rel=\"attachment wp-att-963\"><img loading=\"lazy\" class=\"alignnone size-full wp-image-963\" src=\"http:\/\/www.smhp.fr\/wp-content\/uploads\/2014\/06\/logoactelion.png\" alt=\"logoactelion\" width=\"143\" height=\"59\" \/><\/a><\/p>\n<p><a href=\"http:\/\/www.smhp.fr\/wp-content\/uploads\/2016\/04\/90prospectus.pdf\" target=\"_blank\">Prospectus<\/a><\/p>\n<p><strong>Programme<\/strong><\/p>\n<p>MATINEE<br \/>\nMod\u00e9rateurs :\u00a0Patrick Jego et Luc Mouthon<\/p>\n<p>9h00 Accueil des participants<\/p>\n<p>9h30 Physiopathologie.\u00a0Luc Mouthon, Cochin, Paris<\/p>\n<p>10h00 Ulc\u00e8res digitaux.\u00a0Eric Hachulla, Claude Huriez, Lille<\/p>\n<p>10h30 Crise r\u00e9nale scl\u00e9rodermique.\u00a0Alice B\u00e9rezn\u00e9, Cochin, Paris<\/p>\n<p>11h00 Pause-Caf\u00e9<\/p>\n<p>11h30 Pneumopathie infiltrante diffuse.\u00a0Davis Launay, Claude Huriez, Lille<\/p>\n<p>12h00 Atteintes digestives.\u00a0Isabelle Marie, Bois Guillaume, Rouen<\/p>\n<p>APRES-MIDI<br \/>\nMod\u00e9rateurs :\u00a0Elisabeth Diot et Christian Agard<\/p>\n<p>14h00 Atteintes ost\u00e9oarticulaires.\u00a0Yannick Allanore, Cochin, Paris<\/p>\n<p>14h30 Hypertension art\u00e9rielle pulmonaire.\u00a0Olivier Sitbon, Bic\u00eatre, Kremlin Bic\u00eatre<\/p>\n<p>15h00 Scl\u00e9rodermie syst\u00e9mique et r\u00e9animation m\u00e9dicale.\u00a0Fr\u00e9d\u00e9ric Pene, Cochin, Paris<\/p>\n<p>15h20 Traitement pharmacologique.\u00a0Christian Agard, H\u00f4tel Dieu, Nantes<\/p>\n<p>15h50 Greffe de cellules souches h\u00e9matopo\u00ef\u00e9tiques.\u00a0Dominique Farge-Bancel, Saint-Louis, Paris<\/p>\n<p>16h10 Traitement non pharmacologique.\u00a0Serge Poiraudeau, Cochin, Paris<\/p>\n<p>16h30 Conclusions<\/p>\n","protected":false},"excerpt":{"rendered":"<p>Organis\u00e9e par Luc MOUTHON VENDREDI 20 MAI 2016 Amphith\u00e9\u00e2tre Albouker H\u00f4pital Cochin 27, rue du Fg Saint-Jacques &#8211; 75014 Paris Avec la pr\u00e9sence du laboratoire Act\u00e9lion Prospectus Programme MATINEE Mod\u00e9rateurs :\u00a0Patrick Jego et Luc Mouthon 9h00 Accueil des participants 9h30 Physiopathologie.\u00a0Luc Mouthon, Cochin, Paris 10h00 Ulc\u00e8res digitaux.\u00a0Eric Hachulla, Claude Huriez, Lille 10h30 Crise r\u00e9nale scl\u00e9rodermique.\u00a0Alice &hellip; <a href=\"http:\/\/www.smhp.fr\/?page_id=1169\" class=\"more-link\">Continuer la lecture de <span class=\"screen-reader-text\">JFM 90. Scl\u00e9rodermies<\/span> <span class=\"meta-nav\">&rarr;<\/span><\/a><\/p>\n","protected":false},"author":2,"featured_media":0,"parent":1135,"menu_order":3,"comment_status":"closed","ping_status":"closed","template":"","meta":[],"_links":{"self":[{"href":"http:\/\/www.smhp.fr\/index.php?rest_route=\/wp\/v2\/pages\/1169"}],"collection":[{"href":"http:\/\/www.smhp.fr\/index.php?rest_route=\/wp\/v2\/pages"}],"about":[{"href":"http:\/\/www.smhp.fr\/index.php?rest_route=\/wp\/v2\/types\/page"}],"author":[{"embeddable":true,"href":"http:\/\/www.smhp.fr\/index.php?rest_route=\/wp\/v2\/users\/2"}],"replies":[{"embeddable":true,"href":"http:\/\/www.smhp.fr\/index.php?rest_route=%2Fwp%2Fv2%2Fcomments&post=1169"}],"version-history":[{"count":8,"href":"http:\/\/www.smhp.fr\/index.php?rest_route=\/wp\/v2\/pages\/1169\/revisions"}],"predecessor-version":[{"id":1215,"href":"http:\/\/www.smhp.fr\/index.php?rest_route=\/wp\/v2\/pages\/1169\/revisions\/1215"}],"up":[{"embeddable":true,"href":"http:\/\/www.smhp.fr\/index.php?rest_route=\/wp\/v2\/pages\/1135"}],"wp:attachment":[{"href":"http:\/\/www.smhp.fr\/index.php?rest_route=%2Fwp%2Fv2%2Fmedia&parent=1169"}],"curies":[{"name":"wp","href":"https:\/\/api.w.org\/{rel}","templated":true}]}}