{"id":1166,"date":"2016-01-03T12:09:11","date_gmt":"2016-01-03T11:09:11","guid":{"rendered":"http:\/\/www.smhp.fr\/?page_id=1166"},"modified":"2016-04-16T09:16:03","modified_gmt":"2016-04-16T08:16:03","slug":"allergies-innovations-2016","status":"publish","type":"page","link":"http:\/\/www.smhp.fr\/?page_id=1166","title":{"rendered":"JFM 89. Allergies &#8211; innovations 2016"},"content":{"rendered":"<p>Organis\u00e9e par\u00a0Pierre SCHEINMANN et Andr\u00e9 PRADALIER<\/p>\n<p>VENDREDI 18 MARS 2016<br \/>\n\u00c9cole du Val de Gr\u00e2ce &#8211; Amphith\u00e9\u00e2tre Baudens<\/p>\n<p>Avec la participation du Laboratoire Stallergenes<\/p>\n<p><strong><a href=\"http:\/\/www.smhp.fr\/wp-content\/uploads\/2016\/04\/89prospectus.pdf\" target=\"_blank\">Prospectus de la journ\u00e9e<\/a><\/strong><\/p>\n<p><strong>Programme<\/strong><\/p>\n<p>Epid\u00e9miologie de l\u2019allergie<br \/>\nIsabella Annesi-Maesano, Facult\u00e9 Saint-Antoine, Paris 6<\/p>\n<p>M\u00e9canismes physiopathologiques de l\u2019allergie<br \/>\nMarc Da\u00ebron, Pasteur, Paris<\/p>\n<p>M\u00e9canismes de l\u2019immunoth\u00e9rapie sp\u00e9cifique<br \/>\nPhilippe Moingeon, Laboratoire Stallergenes, Antony<\/p>\n<p>Indications th\u00e9rapeutiques de l\u2019Immunoth\u00e9rapie sp\u00e9cifique<br \/>\nNhan Pham Thi, Pasteur, Paris<\/p>\n<p>Hypersensibilit\u00e9m\u00e9dicamenteuse<br \/>\nClaude Ponvert, Necker, Paris<\/p>\n<p>Urticaire chronique<br \/>\nSmail Hadj-Rabia, Necker, Paris<\/p>\n<p>De la bronchiolite du nourrisson \u00e0 l\u2019asthme de l\u2019adulte<br \/>\nJocelyne Just, Flore Amat, Armand Trousseau, Paris<\/p>\n<p>Asthme s\u00e9v\u00e8re de l\u2019adulte. Recommandations internationales<br \/>\nGilles Garcia, Bic\u00eatre, Kremlin-Bic\u00eatre<\/p>\n<p>Diff\u00e9rents syndromes de l\u2019allergie alimentaire de l\u2019enfant<br \/>\nDelphine de Boissieu, Necker, Paris<\/p>\n<p>Abords th\u00e9rapeutiques de l\u2019allergie alimentaire<br \/>\nGuillaume Lezmi, Necker, Paris<\/p>\n<p>Conclusions<\/p>\n","protected":false},"excerpt":{"rendered":"<p>Organis\u00e9e par\u00a0Pierre SCHEINMANN et Andr\u00e9 PRADALIER VENDREDI 18 MARS 2016 \u00c9cole du Val de Gr\u00e2ce &#8211; Amphith\u00e9\u00e2tre Baudens Avec la participation du Laboratoire Stallergenes Prospectus de la journ\u00e9e Programme Epid\u00e9miologie de l\u2019allergie Isabella Annesi-Maesano, Facult\u00e9 Saint-Antoine, Paris 6 M\u00e9canismes physiopathologiques de l\u2019allergie Marc Da\u00ebron, Pasteur, Paris M\u00e9canismes de l\u2019immunoth\u00e9rapie sp\u00e9cifique Philippe Moingeon, Laboratoire Stallergenes, Antony &hellip; <a href=\"http:\/\/www.smhp.fr\/?page_id=1166\" class=\"more-link\">Continuer la lecture de <span class=\"screen-reader-text\">JFM 89. Allergies &#8211; innovations 2016<\/span> <span class=\"meta-nav\">&rarr;<\/span><\/a><\/p>\n","protected":false},"author":2,"featured_media":0,"parent":1135,"menu_order":2,"comment_status":"closed","ping_status":"closed","template":"","meta":[],"_links":{"self":[{"href":"http:\/\/www.smhp.fr\/index.php?rest_route=\/wp\/v2\/pages\/1166"}],"collection":[{"href":"http:\/\/www.smhp.fr\/index.php?rest_route=\/wp\/v2\/pages"}],"about":[{"href":"http:\/\/www.smhp.fr\/index.php?rest_route=\/wp\/v2\/types\/page"}],"author":[{"embeddable":true,"href":"http:\/\/www.smhp.fr\/index.php?rest_route=\/wp\/v2\/users\/2"}],"replies":[{"embeddable":true,"href":"http:\/\/www.smhp.fr\/index.php?rest_route=%2Fwp%2Fv2%2Fcomments&post=1166"}],"version-history":[{"count":10,"href":"http:\/\/www.smhp.fr\/index.php?rest_route=\/wp\/v2\/pages\/1166\/revisions"}],"predecessor-version":[{"id":1224,"href":"http:\/\/www.smhp.fr\/index.php?rest_route=\/wp\/v2\/pages\/1166\/revisions\/1224"}],"up":[{"embeddable":true,"href":"http:\/\/www.smhp.fr\/index.php?rest_route=\/wp\/v2\/pages\/1135"}],"wp:attachment":[{"href":"http:\/\/www.smhp.fr\/index.php?rest_route=%2Fwp%2Fv2%2Fmedia&parent=1166"}],"curies":[{"name":"wp","href":"https:\/\/api.w.org\/{rel}","templated":true}]}}