{"id":1137,"date":"2015-11-18T18:51:04","date_gmt":"2015-11-18T17:51:04","guid":{"rendered":"http:\/\/www.smhp.fr\/?page_id=1137"},"modified":"2016-01-23T16:24:45","modified_gmt":"2016-01-23T15:24:45","slug":"jfm-88-lupus-systemique-et-sapl","status":"publish","type":"page","link":"http:\/\/www.smhp.fr\/?page_id=1137","title":{"rendered":"JFM 88. Lupus syst\u00e9mique et SAPL"},"content":{"rendered":"<p>Journ\u00e9e organis\u00e9e par Nathalie Costedoat-Chalumeau et Jean-Charles Piette<\/p>\n<p>Vendredi 15 janvier 2016, de 9 h 00 \u00e0 17 h 00<br \/>\nAmphith\u00e9\u00e2tre ROUVILLOIS, Ecole du Val de Gr\u00e2ce, Place Laveran &#8211; 75005 Paris<br \/>\nSous la pr\u00e9sidence du Professeur Jean-Pierre ALGAYRES<br \/>\nSecr\u00e9taires G\u00e9n\u00e9raux : Martine GAYRAUD et Jean-Marc ZIZA<\/p>\n<p>Avec le soutien du laboratoire Glaxo Smith Kline<\/p>\n<p><a href=\"http:\/\/www.smhp.fr\/wp-content\/uploads\/2015\/12\/GSKlogo.jpg\"><img loading=\"lazy\" class=\"alignnone size-full wp-image-1147\" src=\"http:\/\/www.smhp.fr\/wp-content\/uploads\/2015\/12\/GSKlogo.jpg\" alt=\"GSKlogo\" width=\"292\" height=\"251\" \/><\/a><\/p>\n<p><strong><a href=\"http:\/\/www.smhp.fr\/wp-content\/uploads\/2015\/11\/88prospectus.pdf\" target=\"_blank\">Prospectus<\/a><\/strong><\/p>\n<p>Programme<\/p>\n<p>MATINEE: mod\u00e9rateur: Jean-Marc Ziza<\/p>\n<p><strong>Actualit\u00e9s sur les n\u00e9phropathies lupiques (hors traitement)<\/strong><br \/>\nFr\u00e9d\u00e9ric Houssiau, Louvain, Belgique<\/p>\n<p><strong>Actualit\u00e9s sur le traitement des atteintes r\u00e9nales du lupus<\/strong><br \/>\nEric Daugas, Bichat, Paris<\/p>\n<p><strong>Lupus neurologique<\/strong><br \/>\nJean Sibilia, Hautepierre, Strasbourg<\/p>\n<p><strong>La peau du lupus : principales atteintes et prise en charge<\/strong><br \/>\nCamille Franc\u00e8s, Tenon, Paris<\/p>\n<p><strong>Actualit\u00e9s sur grossesse et lupus<\/strong><br \/>\nV\u00e9ronique Le Guern, Cochin, Paris<\/p>\n<p>Conf\u00e9rence solennelle:<br \/>\n<strong>Anthropologie m\u00e9dicale: cas historiques<\/strong>, par Monsieur\u00a0Philippe CHARLIER<\/p>\n<p>APRES-MIDI: mod\u00e9ratrice\u00a0Martine Gayraud<\/p>\n<p><strong>Physiopathologie de la vasculopathie associ\u00e9e au SAPL<\/strong><br \/>\nGuillaume Canaud, Necker, Paris<\/p>\n<p><strong><a href=\"http:\/\/www.smhp.fr\/wp-content\/uploads\/2016\/01\/88piette.pdf\" target=\"_blank\">Prise en charge du SAPL : nouveaut\u00e9s, invariants et questions r\u00e9siduelles<\/a><\/strong><br \/>\nJean-Charles Piette, Piti\u00e9-Salp\u00eatri\u00e8re, Paris<\/p>\n<p><strong>Quelle place pour les bioth\u00e9rapies dans la vraie vie ?<\/strong><br \/>\nFr\u00e9d\u00e9ric Houssiau, Louvain, Belgique<\/p>\n<p><strong>Evaluation et prise en charge de la non- adh\u00e9sion au traitement dans le lupus<\/strong><br \/>\nNathalie Costedoat-Chalumeau, Cochin, Paris<\/p>\n","protected":false},"excerpt":{"rendered":"<p>Journ\u00e9e organis\u00e9e par Nathalie Costedoat-Chalumeau et Jean-Charles Piette Vendredi 15 janvier 2016, de 9 h 00 \u00e0 17 h 00 Amphith\u00e9\u00e2tre ROUVILLOIS, Ecole du Val de Gr\u00e2ce, Place Laveran &#8211; 75005 Paris Sous la pr\u00e9sidence du Professeur Jean-Pierre ALGAYRES Secr\u00e9taires G\u00e9n\u00e9raux : Martine GAYRAUD et Jean-Marc ZIZA Avec le soutien du laboratoire Glaxo Smith Kline &hellip; <a href=\"http:\/\/www.smhp.fr\/?page_id=1137\" class=\"more-link\">Continuer la lecture de <span class=\"screen-reader-text\">JFM 88. Lupus syst\u00e9mique et SAPL<\/span> <span class=\"meta-nav\">&rarr;<\/span><\/a><\/p>\n","protected":false},"author":2,"featured_media":0,"parent":1135,"menu_order":1,"comment_status":"closed","ping_status":"closed","template":"","meta":[],"_links":{"self":[{"href":"http:\/\/www.smhp.fr\/index.php?rest_route=\/wp\/v2\/pages\/1137"}],"collection":[{"href":"http:\/\/www.smhp.fr\/index.php?rest_route=\/wp\/v2\/pages"}],"about":[{"href":"http:\/\/www.smhp.fr\/index.php?rest_route=\/wp\/v2\/types\/page"}],"author":[{"embeddable":true,"href":"http:\/\/www.smhp.fr\/index.php?rest_route=\/wp\/v2\/users\/2"}],"replies":[{"embeddable":true,"href":"http:\/\/www.smhp.fr\/index.php?rest_route=%2Fwp%2Fv2%2Fcomments&post=1137"}],"version-history":[{"count":12,"href":"http:\/\/www.smhp.fr\/index.php?rest_route=\/wp\/v2\/pages\/1137\/revisions"}],"predecessor-version":[{"id":1194,"href":"http:\/\/www.smhp.fr\/index.php?rest_route=\/wp\/v2\/pages\/1137\/revisions\/1194"}],"up":[{"embeddable":true,"href":"http:\/\/www.smhp.fr\/index.php?rest_route=\/wp\/v2\/pages\/1135"}],"wp:attachment":[{"href":"http:\/\/www.smhp.fr\/index.php?rest_route=%2Fwp%2Fv2%2Fmedia&parent=1137"}],"curies":[{"name":"wp","href":"https:\/\/api.w.org\/{rel}","templated":true}]}}