{"id":1110,"date":"2015-07-26T14:41:42","date_gmt":"2015-07-26T13:41:42","guid":{"rendered":"http:\/\/www.smhp.fr\/?page_id=1110"},"modified":"2015-11-18T18:40:27","modified_gmt":"2015-11-18T17:40:27","slug":"jfm-87-pathologie-liee-aux-eosinophiles","status":"publish","type":"page","link":"http:\/\/www.smhp.fr\/?page_id=1110","title":{"rendered":"JFM 87. Pathologie li\u00e9e aux \u00e9osinophiles"},"content":{"rendered":"<p><strong>Organisateur: Jean-Emmanuel KAHN<\/strong><\/p>\n<p>Sous la pr\u00e9sidence du Professeur Jean-Pierre ALGAYRES<br \/>\nSecr\u00e9taires G\u00e9n\u00e9raux : Martine GAYRAUD et Jean-Marc ZIZA<\/p>\n<p>Avec la participation du laboratoire Novartis oncologie<br \/>\n<a href=\"http:\/\/www.smhp.fr\/wp-content\/uploads\/2013\/12\/novartis-oncologie.jpg\"><img loading=\"lazy\" class=\"alignnone size-medium wp-image-727\" src=\"http:\/\/www.smhp.fr\/wp-content\/uploads\/2013\/12\/novartis-oncologie-300x97.jpg\" alt=\"novartis-oncologie\" width=\"300\" height=\"97\" srcset=\"http:\/\/www.smhp.fr\/wp-content\/uploads\/2013\/12\/novartis-oncologie-300x97.jpg 300w, http:\/\/www.smhp.fr\/wp-content\/uploads\/2013\/12\/novartis-oncologie.jpg 464w\" sizes=\"(max-width: 300px) 100vw, 300px\" \/><\/a><\/p>\n<p><a href=\"http:\/\/www.smhp.fr\/wp-content\/uploads\/2015\/07\/87prospectus.pdf\" target=\"_blank\"><strong>Programme<\/strong><\/a><\/p>\n<p>MATINEE<br \/>\nMod\u00e9rateurs:\u00a0Lionel Prin et Fran\u00e7ois Lhote<\/p>\n<p>Introduction : Evolution du concept de maladies \u00e0 \u00e9osinophiles<br \/>\nJean-Emmanuel Kahn, Foch, Suresnes<\/p>\n<p>R\u00f4les b\u00e9n\u00e9fiques et d\u00e9l\u00e9t\u00e8res des \u00e9osinophilies en situations hom\u00e9ostatiques et pathologiques<br \/>\nMonique Capron, CHRU, Lille<\/p>\n<p>EGPA: Maladie \u00e0 ANCA ou a \u00e9osinophiles ?<br \/>\nBenjamin Terrier, Cochin, Paris<\/p>\n<p>Dermatoses \u00e9osinophiliques<br \/>\nDelphine Staumont Salle, CHRU, Lille<\/p>\n<p>Maladies pulmonaires hyper\u00e9osinophiliques<br \/>\nJean-Fran\u00e7ois Cordier, CHU, Lyon<\/p>\n<p>APRES-MIDI<br \/>\nMod\u00e9rateurs :\u00a0Olivier Bl\u00e9try et Boyan Christoforov<\/p>\n<p>Quelle attitude en pratique devant une hyper\u00e9osinophilie<br \/>\nF\u00e9lix Ackermann, Foch, Suresnes<\/p>\n<p>Les hyper\u00e9osinophilies d\u2019origine parasitaire<br \/>\nThierry Carmoi, Val de Gr\u00e2ce, Paris<\/p>\n<p>Eosinophilies clonales et leuc\u00e9mies chroniques \u00e0 \u00e9osinophiles<br \/>\nJean-Emmanuel Kahn, Foch, Suresnes<\/p>\n<p>Eosinophilie et lymphoprolif\u00e9ration T<br \/>\nGuillaume Lef\u00e8vre, CHRU, Lille<\/p>\n<p>Th\u00e9rapeutiques anti-\u00e9osinophiles<br \/>\nFlorence Roufosse, Erasme, Bruxelles<\/p>\n","protected":false},"excerpt":{"rendered":"<p>Organisateur: Jean-Emmanuel KAHN Sous la pr\u00e9sidence du Professeur Jean-Pierre ALGAYRES Secr\u00e9taires G\u00e9n\u00e9raux : Martine GAYRAUD et Jean-Marc ZIZA Avec la participation du laboratoire Novartis oncologie Programme MATINEE Mod\u00e9rateurs:\u00a0Lionel Prin et Fran\u00e7ois Lhote Introduction : Evolution du concept de maladies \u00e0 \u00e9osinophiles Jean-Emmanuel Kahn, Foch, Suresnes R\u00f4les b\u00e9n\u00e9fiques et d\u00e9l\u00e9t\u00e8res des \u00e9osinophilies en situations hom\u00e9ostatiques et &hellip; <a href=\"http:\/\/www.smhp.fr\/?page_id=1110\" class=\"more-link\">Continuer la lecture de <span class=\"screen-reader-text\">JFM 87. Pathologie li\u00e9e aux \u00e9osinophiles<\/span> <span class=\"meta-nav\">&rarr;<\/span><\/a><\/p>\n","protected":false},"author":2,"featured_media":0,"parent":1021,"menu_order":4,"comment_status":"closed","ping_status":"closed","template":"","meta":[],"_links":{"self":[{"href":"http:\/\/www.smhp.fr\/index.php?rest_route=\/wp\/v2\/pages\/1110"}],"collection":[{"href":"http:\/\/www.smhp.fr\/index.php?rest_route=\/wp\/v2\/pages"}],"about":[{"href":"http:\/\/www.smhp.fr\/index.php?rest_route=\/wp\/v2\/types\/page"}],"author":[{"embeddable":true,"href":"http:\/\/www.smhp.fr\/index.php?rest_route=\/wp\/v2\/users\/2"}],"replies":[{"embeddable":true,"href":"http:\/\/www.smhp.fr\/index.php?rest_route=%2Fwp%2Fv2%2Fcomments&post=1110"}],"version-history":[{"count":5,"href":"http:\/\/www.smhp.fr\/index.php?rest_route=\/wp\/v2\/pages\/1110\/revisions"}],"predecessor-version":[{"id":1134,"href":"http:\/\/www.smhp.fr\/index.php?rest_route=\/wp\/v2\/pages\/1110\/revisions\/1134"}],"up":[{"embeddable":true,"href":"http:\/\/www.smhp.fr\/index.php?rest_route=\/wp\/v2\/pages\/1021"}],"wp:attachment":[{"href":"http:\/\/www.smhp.fr\/index.php?rest_route=%2Fwp%2Fv2%2Fmedia&parent=1110"}],"curies":[{"name":"wp","href":"https:\/\/api.w.org\/{rel}","templated":true}]}}