{"id":1086,"date":"2015-04-24T17:09:57","date_gmt":"2015-04-24T16:09:57","guid":{"rendered":"http:\/\/www.smhp.fr\/?page_id=1086"},"modified":"2015-07-26T14:54:59","modified_gmt":"2015-07-26T13:54:59","slug":"jfm-86-pathologies-musculaires-en-medecine-interne","status":"publish","type":"page","link":"http:\/\/www.smhp.fr\/?page_id=1086","title":{"rendered":"JFM 86. Pathologies musculaires en m\u00e9decine interne"},"content":{"rendered":"<p><strong>Organisateur: Olivier BENVENISTE<\/strong><\/p>\n<p>Sous la pr\u00e9sidence du Professeur Jean-Pierre ALGAYRES<br \/>\nSecr\u00e9taires G\u00e9n\u00e9raux : Martine GAYRAUD et Jean-Marc ZIZA<\/p>\n<p>Avec le soutien\u00a0du laboratoire<br \/>\n<a href=\"http:\/\/www.smhp.fr\/wp-content\/uploads\/2015\/05\/logo-genzyme.jpg\"><img loading=\"lazy\" class=\"alignnone size-medium wp-image-1101\" src=\"http:\/\/www.smhp.fr\/wp-content\/uploads\/2015\/05\/logo-genzyme-300x226.jpg\" alt=\"logo genzyme\" width=\"300\" height=\"226\" srcset=\"http:\/\/www.smhp.fr\/wp-content\/uploads\/2015\/05\/logo-genzyme-300x226.jpg 300w, http:\/\/www.smhp.fr\/wp-content\/uploads\/2015\/05\/logo-genzyme.jpg 303w\" sizes=\"(max-width: 300px) 100vw, 300px\" \/><\/a><\/p>\n<p><a href=\"http:\/\/www.smhp.fr\/wp-content\/uploads\/2015\/05\/86prospectus.pdf\" target=\"_blank\"><strong>Programme<\/strong><\/a><\/p>\n<p>MATINEE<br \/>\nMod\u00e9rateur : Olivier Benveniste<\/p>\n<p><a href=\"http:\/\/www.smhp.fr\/wp-content\/uploads\/2015\/07\/86le-panse.pdf\" target=\"_blank\"><strong>Myasth\u00e9nie gravis : physiopathologie et nouveaux auto-anticorps<\/strong><\/a><br \/>\nRozen Le Pance, UPMC, Paris<\/p>\n<p><strong>La myasth\u00e9nie pour les internistes<\/strong><br \/>\nBruno Eymard, Piti\u00e9-Salp\u00eatri\u00e8re, Paris<\/p>\n<p><strong>Classification des myosites par les auto-anticorps<\/strong><br \/>\nYves Allenbach, Piti\u00e9-Salp\u00eatri\u00e8re, Paris<\/p>\n<p><strong>Maladie de Pompe<\/strong><br \/>\nPascal Lafor\u00eat, Piti\u00e9-Salp\u00eatri\u00e8re, Paris<\/p>\n<p><strong>Manifestations pulmonaires\u00a0des myopathies inflammatoires<\/strong><br \/>\nBaptiste Hervier, Piti\u00e9-Salp\u00eatri\u00e8re, Paris<\/p>\n<p>APRES-MIDI<br \/>\nMod\u00e9rateur: Pascal Lafor\u00eat<\/p>\n<p><strong><a href=\"http:\/\/www.smhp.fr\/wp-content\/uploads\/2015\/07\/86wahbi.pdf\" target=\"_blank\">Manifestations cardiaques des myopathies<\/a><\/strong><br \/>\nKarim Wahbi, Cochin, Paris<\/p>\n<p><strong>Apports de l\u2019histologie musculaire au cours des myopathies inflammatoires<\/strong><br \/>\nJ\u00e9r\u00f4me Authier, Henri Mondor, Cr\u00e9teil<\/p>\n<p><strong>Maladies mitochondriales, maladies de syst\u00e8me<\/strong><br \/>\nAnthony B\u00e9hin, Piti\u00e9-Salp\u00eatri\u00e8re, Paris<\/p>\n<p><strong>Myosites \u00e0 Inclusions<\/strong><br \/>\nOlivier Benveniste, Piti\u00e9-Salp\u00eatri\u00e8re, Paris<\/p>\n<p>Conclusions<\/p>\n","protected":false},"excerpt":{"rendered":"<p>Organisateur: Olivier BENVENISTE Sous la pr\u00e9sidence du Professeur Jean-Pierre ALGAYRES Secr\u00e9taires G\u00e9n\u00e9raux : Martine GAYRAUD et Jean-Marc ZIZA Avec le soutien\u00a0du laboratoire Programme MATINEE Mod\u00e9rateur : Olivier Benveniste Myasth\u00e9nie gravis : physiopathologie et nouveaux auto-anticorps Rozen Le Pance, UPMC, Paris La myasth\u00e9nie pour les internistes Bruno Eymard, Piti\u00e9-Salp\u00eatri\u00e8re, Paris Classification des myosites par les auto-anticorps &hellip; <a href=\"http:\/\/www.smhp.fr\/?page_id=1086\" class=\"more-link\">Continuer la lecture de <span class=\"screen-reader-text\">JFM 86. Pathologies musculaires en m\u00e9decine interne<\/span> <span class=\"meta-nav\">&rarr;<\/span><\/a><\/p>\n","protected":false},"author":2,"featured_media":0,"parent":1021,"menu_order":3,"comment_status":"closed","ping_status":"closed","template":"","meta":[],"_links":{"self":[{"href":"http:\/\/www.smhp.fr\/index.php?rest_route=\/wp\/v2\/pages\/1086"}],"collection":[{"href":"http:\/\/www.smhp.fr\/index.php?rest_route=\/wp\/v2\/pages"}],"about":[{"href":"http:\/\/www.smhp.fr\/index.php?rest_route=\/wp\/v2\/types\/page"}],"author":[{"embeddable":true,"href":"http:\/\/www.smhp.fr\/index.php?rest_route=\/wp\/v2\/users\/2"}],"replies":[{"embeddable":true,"href":"http:\/\/www.smhp.fr\/index.php?rest_route=%2Fwp%2Fv2%2Fcomments&post=1086"}],"version-history":[{"count":12,"href":"http:\/\/www.smhp.fr\/index.php?rest_route=\/wp\/v2\/pages\/1086\/revisions"}],"predecessor-version":[{"id":1118,"href":"http:\/\/www.smhp.fr\/index.php?rest_route=\/wp\/v2\/pages\/1086\/revisions\/1118"}],"up":[{"embeddable":true,"href":"http:\/\/www.smhp.fr\/index.php?rest_route=\/wp\/v2\/pages\/1021"}],"wp:attachment":[{"href":"http:\/\/www.smhp.fr\/index.php?rest_route=%2Fwp%2Fv2%2Fmedia&parent=1086"}],"curies":[{"name":"wp","href":"https:\/\/api.w.org\/{rel}","templated":true}]}}