{"id":108,"date":"2013-11-10T07:38:46","date_gmt":"2013-11-10T06:38:46","guid":{"rendered":"http:\/\/www.smhp.fr\/?page_id=108"},"modified":"2013-11-12T14:42:40","modified_gmt":"2013-11-12T13:42:40","slug":"jfm68","status":"publish","type":"page","link":"http:\/\/www.smhp.fr\/?page_id=108","title":{"rendered":"JFM 68. Le diab\u00e8te, quels enjeux?"},"content":{"rendered":"<p><strong>Organisateurs : Prs Christian BOITARD et Etienne LARGER<\/strong><br \/>\nSous la pr\u00e9sidence du Professeur Thierry DEBORD<br \/>\nSecr\u00e9taires G\u00e9n\u00e9raux : Martine GAYRAUD et Jean-Marc ZIZA<br \/>\nVendredi 14 janvier 2011<\/p>\n<p><strong>DIAB\u00c8TE DE TYPE 1<\/strong><\/p>\n<p><strong>Le diab\u00e8te : les nouveaux enjeux<\/strong><br \/>\nPr Christian Boitard, H\u00f4tel Dieu, Paris<\/p>\n<p><a href=\"http:\/\/www.smhp.fr\/wp-content\/uploads\/2013\/11\/68-Mallone-web.pdf\" target=\"_blank\"><strong>Immunologie du diab\u00e8te de type 1, outils diagnostiques<\/strong><\/a><br \/>\nDr Roberto Mallone, INSERM U 986, Saint Vincent de Paul, Paris<\/p>\n<p><strong><a href=\"http:\/\/www.smhp.fr\/wp-content\/uploads\/2013\/11\/68-carel-web.pdf\" target=\"_blank\">Pr\u00e9vention du diab\u00e8te de type 1<\/a><\/strong><br \/>\nPr Jean-Claude Carel, Robert Debr\u00e9, Paris<\/p>\n<p><strong>AUTRES DIAB\u00c8TES ET N\u00c9PHROPATHIES<\/strong><\/p>\n<p><strong>Autres diab\u00e8tes, quand y penser?<\/strong><br \/>\nPr Jos\u00e9 Timsit,Cochin Paris<\/p>\n<p><strong>N\u00e9phropathie Diab\u00e9tique<\/strong><br \/>\nPr Ronan Roussel, Bichat, Paris<\/p>\n<p><strong>DIAB\u00c8TE DE TYPE 2<\/strong><\/p>\n<p><strong>Nouveaux marqueurs pour le type 2<\/strong><br \/>\nPr Fabrice Bonnet, CHU de Rennes<\/p>\n<p><strong>Glucagon et diab\u00e8te<\/strong><br \/>\nPr Jean Girard, INSERM Cochin, Paris<\/p>\n<p><strong>ASPECTS TH\u00c9RAPEUTIQUES<\/strong><\/p>\n<p><a href=\"http:\/\/www.smhp.fr\/wp-content\/uploads\/2013\/11\/68-Ktorza-web.pdf\" target=\"_blank\"><strong>Perspectives th\u00e9rapeutiques<\/strong><\/a><br \/>\nPr Alain Ktorza, Institut Servier<\/p>\n<p><a href=\"http:\/\/www.smhp.fr\/wp-content\/uploads\/2013\/11\/68-Renard-1-web.pdf\" target=\"_blank\"><strong>Pompes autoasservies, quel avenir, \u00e0 quel terme \u2013 partie 1<\/strong><\/a><br \/>\n<a href=\"http:\/\/www.smhp.fr\/wp-content\/uploads\/2013\/11\/68-Renard-2-web.pdf\" target=\"_blank\"><strong>Pompes autoasservies, quel avenir, \u00e0 quel terme \u2013 partie 2<\/strong><\/a><br \/>\nPr Eric Renard, CHU Montpellier<\/p>\n<p><strong>Diagnostic \u00e9ducatif<\/strong><br \/>\nDr Fabienne Elgrably, H\u00f4tel Dieu, Paris<\/p>\n<p><a href=\"http:\/\/www.smhp.fr\/wp-content\/uploads\/2013\/11\/68-Larget-web.pdf\" target=\"_blank\"><strong>Strat\u00e9gie th\u00e9rapeutique<\/strong><\/a><br \/>\nPr Etienne Larger, H\u00f4tel Dieu, Paris<\/p>\n<p><a href=\"http:\/\/www.smhp.fr\/wp-content\/uploads\/2013\/11\/68-Prospectus-14.01.11-web.pdf\" target=\"_blank\"><strong>Prospectus <\/strong><\/a>de la journ\u00e9e<\/p>\n","protected":false},"excerpt":{"rendered":"<p>Organisateurs : Prs Christian BOITARD et Etienne LARGER Sous la pr\u00e9sidence du Professeur Thierry DEBORD Secr\u00e9taires G\u00e9n\u00e9raux : Martine GAYRAUD et Jean-Marc ZIZA Vendredi 14 janvier 2011 DIAB\u00c8TE DE TYPE 1 Le diab\u00e8te : les nouveaux enjeux Pr Christian Boitard, H\u00f4tel Dieu, Paris Immunologie du diab\u00e8te de type 1, outils diagnostiques Dr Roberto Mallone, INSERM &hellip; <a href=\"http:\/\/www.smhp.fr\/?page_id=108\" class=\"more-link\">Continuer la lecture de <span class=\"screen-reader-text\">JFM 68. Le diab\u00e8te, quels enjeux?<\/span> <span class=\"meta-nav\">&rarr;<\/span><\/a><\/p>\n","protected":false},"author":2,"featured_media":0,"parent":279,"menu_order":0,"comment_status":"closed","ping_status":"closed","template":"page-templates\/full-width.php","meta":[],"_links":{"self":[{"href":"http:\/\/www.smhp.fr\/index.php?rest_route=\/wp\/v2\/pages\/108"}],"collection":[{"href":"http:\/\/www.smhp.fr\/index.php?rest_route=\/wp\/v2\/pages"}],"about":[{"href":"http:\/\/www.smhp.fr\/index.php?rest_route=\/wp\/v2\/types\/page"}],"author":[{"embeddable":true,"href":"http:\/\/www.smhp.fr\/index.php?rest_route=\/wp\/v2\/users\/2"}],"replies":[{"embeddable":true,"href":"http:\/\/www.smhp.fr\/index.php?rest_route=%2Fwp%2Fv2%2Fcomments&post=108"}],"version-history":[{"count":1,"href":"http:\/\/www.smhp.fr\/index.php?rest_route=\/wp\/v2\/pages\/108\/revisions"}],"predecessor-version":[{"id":172,"href":"http:\/\/www.smhp.fr\/index.php?rest_route=\/wp\/v2\/pages\/108\/revisions\/172"}],"up":[{"embeddable":true,"href":"http:\/\/www.smhp.fr\/index.php?rest_route=\/wp\/v2\/pages\/279"}],"wp:attachment":[{"href":"http:\/\/www.smhp.fr\/index.php?rest_route=%2Fwp%2Fv2%2Fmedia&parent=108"}],"curies":[{"name":"wp","href":"https:\/\/api.w.org\/{rel}","templated":true}]}}