{"id":1042,"date":"2015-01-18T19:51:40","date_gmt":"2015-01-18T18:51:40","guid":{"rendered":"http:\/\/www.smhp.fr\/?page_id=1042"},"modified":"2015-07-26T14:43:21","modified_gmt":"2015-07-26T13:43:21","slug":"jfm-85-des-spondylarthropathies-aux-spondyloarthrites","status":"publish","type":"page","link":"http:\/\/www.smhp.fr\/?page_id=1042","title":{"rendered":"JFM 85. Des spondylarthropathies aux spondyloarthrites"},"content":{"rendered":"<p><strong>Organis\u00e9e par les Pr Pascal Claudepierre et Dominique Lechevalier<\/strong><\/p>\n<p>Sous la pr\u00e9sidence du Professeur Jean-Pierre ALGAYRES<br \/>\nSecr\u00e9taires G\u00e9n\u00e9raux : Martine GAYRAUD et Jean-Marc ZIZA<\/p>\n<p><a href=\"http:\/\/www.smhp.fr\/wp-content\/uploads\/2015\/02\/85prospectus.pdf\" target=\"_blank\"><strong>Programme d\u00e9finitif<\/strong><\/a><\/p>\n<p>Avec le soutien des laboratoires\u00a0Abbvie, Biobaran, MSD, Pfizer, UCB (ordre alphab\u00e9tique)<\/p>\n<p><a href=\"http:\/\/www.smhp.fr\/wp-content\/uploads\/2015\/02\/AbbVieLogo.jpg\"><img loading=\"lazy\" class=\"alignnone  wp-image-1065\" src=\"http:\/\/www.smhp.fr\/wp-content\/uploads\/2015\/02\/AbbVieLogo-300x52.jpg\" alt=\"AbbVieLogo\" width=\"219\" height=\"38\" srcset=\"http:\/\/www.smhp.fr\/wp-content\/uploads\/2015\/02\/AbbVieLogo-300x52.jpg 300w, http:\/\/www.smhp.fr\/wp-content\/uploads\/2015\/02\/AbbVieLogo-1024x178.jpg 1024w, http:\/\/www.smhp.fr\/wp-content\/uploads\/2015\/02\/AbbVieLogo.jpg 1425w\" sizes=\"(max-width: 219px) 100vw, 219px\" \/><\/a>\u00a0 \u00a0<a href=\"http:\/\/www.smhp.fr\/wp-content\/uploads\/2015\/03\/Biogaran.jpg\"><img loading=\"lazy\" class=\"alignnone size-medium wp-image-1075\" src=\"http:\/\/www.smhp.fr\/wp-content\/uploads\/2015\/03\/Biogaran-300x107.jpg\" alt=\"Biogaran\" width=\"300\" height=\"107\" srcset=\"http:\/\/www.smhp.fr\/wp-content\/uploads\/2015\/03\/Biogaran-300x107.jpg 300w, http:\/\/www.smhp.fr\/wp-content\/uploads\/2015\/03\/Biogaran.jpg 486w\" sizes=\"(max-width: 300px) 100vw, 300px\" \/><\/a><a href=\"http:\/\/www.smhp.fr\/wp-content\/uploads\/2015\/02\/Logo-MSD.jpg\"><img loading=\"lazy\" class=\"alignnone wp-image-1059\" src=\"http:\/\/www.smhp.fr\/wp-content\/uploads\/2015\/02\/Logo-MSD-300x134.jpg\" alt=\"msd\" width=\"186\" height=\"83\" srcset=\"http:\/\/www.smhp.fr\/wp-content\/uploads\/2015\/02\/Logo-MSD-300x134.jpg 300w, http:\/\/www.smhp.fr\/wp-content\/uploads\/2015\/02\/Logo-MSD-1024x459.jpg 1024w, http:\/\/www.smhp.fr\/wp-content\/uploads\/2015\/02\/Logo-MSD-604x270.jpg 604w, http:\/\/www.smhp.fr\/wp-content\/uploads\/2015\/02\/Logo-MSD.jpg 1683w\" sizes=\"(max-width: 186px) 100vw, 186px\" \/><\/a><\/p>\n<p><a href=\"http:\/\/www.smhp.fr\/wp-content\/uploads\/2015\/01\/Pfizer.jpg\"><img loading=\"lazy\" class=\"alignnone  wp-image-1041\" src=\"http:\/\/www.smhp.fr\/wp-content\/uploads\/2015\/01\/Pfizer.jpg\" alt=\"Pfizer\" width=\"129\" height=\"75\" \/><\/a>\u00a0 \u00a0 \u00a0 \u00a0 \u00a0 \u00a0 \u00a0 \u00a0 \u00a0\u00a0<a href=\"http:\/\/www.smhp.fr\/wp-content\/uploads\/2015\/01\/UCB.png\"><img loading=\"lazy\" class=\"alignnone  wp-image-1040\" src=\"http:\/\/www.smhp.fr\/wp-content\/uploads\/2015\/01\/UCB.png\" alt=\"UCB\" width=\"269\" height=\"95\" \/><\/a><\/p>\n<p><a href=\"http:\/\/www.smhp.fr\/wp-content\/uploads\/2015\/04\/claudepierre-intro.pdf\" target=\"_blank\"><strong>Introduction : la spondyloarthrite : quelques \u00ab mots \u00bb de terminologie<\/strong><\/a><br \/>\nPascal Claudepierre, Cr\u00e9teil<\/p>\n<p><a href=\"http:\/\/www.smhp.fr\/wp-content\/uploads\/2015\/04\/schaeverbeke.pdf\" target=\"_blank\"><strong>Intestin, microbiote et SpA<\/strong><\/a><br \/>\nThierry Schaeverbeke, Bordeaux<\/p>\n<p><a href=\"http:\/\/www.smhp.fr\/wp-content\/uploads\/2015\/04\/lukas.pdf\" target=\"_blank\"><strong>Evaluation de l\u2019activit\u00e9 de la maladie axiale : BASDAI ou ASDAS ?<\/strong><\/a><br \/>\nC\u00e9dric Lukas, Montpellier<\/p>\n<p><a href=\"http:\/\/www.smhp.fr\/wp-content\/uploads\/2015\/04\/claudepierre.pdf\" target=\"_blank\"><strong>Que repr\u00e9sentent les spondyloarthrites axiales non radiographiques ?<\/strong><\/a><br \/>\nPascal Claudepierre, Cr\u00e9teil<\/p>\n<p>Radiographie et IRM dans le diagnostic des SpA axiales : avanc\u00e9es, limites et perspectives.<br \/>\nThao Pham, Marseille<\/p>\n<p><a href=\"http:\/\/www.smhp.fr\/wp-content\/uploads\/2015\/04\/goupille.pdf\" target=\"_blank\"><strong>Les anti-TNF dans les spondyloarthrites axiales non radiographiques : r\u00e9sultats des essais et limites<\/strong><\/a><br \/>\nPhilippe Goupille, Tours<\/p>\n<p>Les anti-TNF dans spondyloarthrites axiales dans la vraie vie : l\u2019exp\u00e9rience de la cohorte DESIR.<br \/>\nAnna Molto, Paris<\/p>\n<p>Echec d\u2019un anti-TNF dans les Spa axiales : CAT et perspectives \u00e0 court terme.<br \/>\nDaniel Wendling, Besan\u00e7on<\/p>\n","protected":false},"excerpt":{"rendered":"<p>Organis\u00e9e par les Pr Pascal Claudepierre et Dominique Lechevalier Sous la pr\u00e9sidence du Professeur Jean-Pierre ALGAYRES Secr\u00e9taires G\u00e9n\u00e9raux : Martine GAYRAUD et Jean-Marc ZIZA Programme d\u00e9finitif Avec le soutien des laboratoires\u00a0Abbvie, Biobaran, MSD, Pfizer, UCB (ordre alphab\u00e9tique) \u00a0 \u00a0 \u00a0 \u00a0 \u00a0 \u00a0 \u00a0 \u00a0 \u00a0 \u00a0 \u00a0\u00a0 Introduction : la spondyloarthrite : quelques \u00ab &hellip; <a href=\"http:\/\/www.smhp.fr\/?page_id=1042\" class=\"more-link\">Continuer la lecture de <span class=\"screen-reader-text\">JFM 85. Des spondylarthropathies aux spondyloarthrites<\/span> <span class=\"meta-nav\">&rarr;<\/span><\/a><\/p>\n","protected":false},"author":2,"featured_media":0,"parent":1021,"menu_order":2,"comment_status":"closed","ping_status":"closed","template":"","meta":[],"_links":{"self":[{"href":"http:\/\/www.smhp.fr\/index.php?rest_route=\/wp\/v2\/pages\/1042"}],"collection":[{"href":"http:\/\/www.smhp.fr\/index.php?rest_route=\/wp\/v2\/pages"}],"about":[{"href":"http:\/\/www.smhp.fr\/index.php?rest_route=\/wp\/v2\/types\/page"}],"author":[{"embeddable":true,"href":"http:\/\/www.smhp.fr\/index.php?rest_route=\/wp\/v2\/users\/2"}],"replies":[{"embeddable":true,"href":"http:\/\/www.smhp.fr\/index.php?rest_route=%2Fwp%2Fv2%2Fcomments&post=1042"}],"version-history":[{"count":22,"href":"http:\/\/www.smhp.fr\/index.php?rest_route=\/wp\/v2\/pages\/1042\/revisions"}],"predecessor-version":[{"id":1112,"href":"http:\/\/www.smhp.fr\/index.php?rest_route=\/wp\/v2\/pages\/1042\/revisions\/1112"}],"up":[{"embeddable":true,"href":"http:\/\/www.smhp.fr\/index.php?rest_route=\/wp\/v2\/pages\/1021"}],"wp:attachment":[{"href":"http:\/\/www.smhp.fr\/index.php?rest_route=%2Fwp%2Fv2%2Fmedia&parent=1042"}],"curies":[{"name":"wp","href":"https:\/\/api.w.org\/{rel}","templated":true}]}}