{"id":1027,"date":"2014-11-26T18:45:25","date_gmt":"2014-11-26T17:45:25","guid":{"rendered":"http:\/\/www.smhp.fr\/?page_id=1027"},"modified":"2015-01-21T21:49:20","modified_gmt":"2015-01-21T20:49:20","slug":"jfm-84-maladie-de-behcet","status":"publish","type":"page","link":"http:\/\/www.smhp.fr\/?page_id=1027","title":{"rendered":"JFM 84. Maladie de Beh\u00e7et"},"content":{"rendered":"<p><strong>Organisateur: David SAADOUN<\/strong><br \/>\nSous la pr\u00e9sidence du Professeur Jean-Pierre ALGAYRES<br \/>\nSecr\u00e9taires G\u00e9n\u00e9raux : Martine GAYRAUD et Jean-Marc ZIZA<\/p>\n<p>Vendredi 16 janvier 2015 9 h 00 \u2013 17 h 00<br \/>\nAmphith\u00e9\u00e2tre ROUVILLOIS Ecole du Val de Gr\u00e2ce Place Laveran &#8211; 75005 Paris<\/p>\n<p><strong><a href=\"http:\/\/www.smhp.fr\/wp-content\/uploads\/2014\/11\/84Prospectus.pdf\" target=\"_blank\">Prospectus de la journ\u00e9e<\/a><\/strong><\/p>\n<p>MATIN<br \/>\nMod\u00e9rateur : Gilles Kaplanski<\/p>\n<p><a href=\"http:\/\/www.smhp.fr\/wp-content\/uploads\/2015\/01\/84kaplanski.pdf\" target=\"_blank\"><strong>Physiopathologie de la maladie de Beh\u00e7et et des maladies\u00a0autoinflammatoires<\/strong><\/a><br \/>\nGilles Kaplanski, H\u00f4pital de la Conception, Marseille<\/p>\n<p><a href=\"http:\/\/www.smhp.fr\/wp-content\/uploads\/2015\/01\/84mahr.pdf\" target=\"_blank\"><strong>Crit\u00e8res de classification et Epid\u00e9miologie de la maladie de Beh\u00e7et<\/strong><\/a><br \/>\nAlfred Mahr, Saint-Louis, Paris<\/p>\n<p><strong>Formes p\u00e9diatriques de la maladie de Beh\u00e7et<\/strong><br \/>\nIsabelle Kone Paut, Bic\u00eatre, Le Kremlin-Bic\u00eatre<\/p>\n<p><a href=\"http:\/\/www.smhp.fr\/wp-content\/uploads\/2015\/01\/84nizard.pdf\" target=\"_blank\"><strong>Grossesse et maladie de Beh\u00e7et<\/strong><\/a><br \/>\nJacky Nizard, Piti\u00e9-Salp\u00e9tri\u00e8re, Paris<\/p>\n<p><strong><a href=\"http:\/\/www.smhp.fr\/wp-content\/uploads\/2015\/01\/84tazi.pdf\" target=\"_blank\">Atteintes vasculaires de la maladie de Beh\u00e7et<\/a><\/strong><br \/>\nZoubida Tazi, Rabat<br \/>\n\ufffc<br \/>\n<strong>Conf\u00e9rencier : Robert Badinter<\/strong><\/p>\n<p>APRES-MIDI<br \/>\n\ufffcMod\u00e9rateur : Bertrand Wechsler<\/p>\n<p><a href=\"http:\/\/www.smhp.fr\/wp-content\/uploads\/2015\/01\/84papo.pdf\" target=\"_blank\"><strong>Prise en charge des cas difficiles de maladie de Beh\u00e7et<\/strong><\/a><br \/>\nThomas Papo, Bichat, Paris<\/p>\n<p><strong>Formes dermatologiques de la maladie de Beh\u00e7et et diagnostics diff\u00e9rentiels<\/strong><br \/>\nSt\u00e9phane Barete, Piti\u00e9-Salp\u00e9tri\u00e8re, Paris<\/p>\n<p><strong>Atteinte oculaires de la maladie de Beh\u00e7et<\/strong><br \/>\nBahram Bodaghi, Piti\u00e9-Salp\u00e9tri\u00e8re, Paris<\/p>\n<p><a href=\"http:\/\/www.smhp.fr\/wp-content\/uploads\/2015\/01\/84noel.pdf\" target=\"_blank\"><strong>Atteintes neurologiques de la maladie de Beh\u00e7et<\/strong><\/a><br \/>\nNicolas No\u00ebl, Bic\u00eatre, Le Kremlin-Bic\u00eatre<\/p>\n<p><strong>Traitement de la maladie de Beh\u00e7et<\/strong><br \/>\nDavid Saadoun, Piti\u00e9-Salp\u00e9tri\u00e8re, Paris<\/p>\n<p><strong>Conclusions<\/strong><br \/>\nDavid Saadoun, Piti\u00e9-Salp\u00e9tri\u00e8re, Paris<\/p>\n","protected":false},"excerpt":{"rendered":"<p>Organisateur: David SAADOUN Sous la pr\u00e9sidence du Professeur Jean-Pierre ALGAYRES Secr\u00e9taires G\u00e9n\u00e9raux : Martine GAYRAUD et Jean-Marc ZIZA Vendredi 16 janvier 2015 9 h 00 \u2013 17 h 00 Amphith\u00e9\u00e2tre ROUVILLOIS Ecole du Val de Gr\u00e2ce Place Laveran &#8211; 75005 Paris Prospectus de la journ\u00e9e MATIN Mod\u00e9rateur : Gilles Kaplanski Physiopathologie de la maladie de &hellip; <a href=\"http:\/\/www.smhp.fr\/?page_id=1027\" class=\"more-link\">Continuer la lecture de <span class=\"screen-reader-text\">JFM 84. Maladie de Beh\u00e7et<\/span> <span class=\"meta-nav\">&rarr;<\/span><\/a><\/p>\n","protected":false},"author":2,"featured_media":0,"parent":1021,"menu_order":1,"comment_status":"closed","ping_status":"closed","template":"","meta":[],"_links":{"self":[{"href":"http:\/\/www.smhp.fr\/index.php?rest_route=\/wp\/v2\/pages\/1027"}],"collection":[{"href":"http:\/\/www.smhp.fr\/index.php?rest_route=\/wp\/v2\/pages"}],"about":[{"href":"http:\/\/www.smhp.fr\/index.php?rest_route=\/wp\/v2\/types\/page"}],"author":[{"embeddable":true,"href":"http:\/\/www.smhp.fr\/index.php?rest_route=\/wp\/v2\/users\/2"}],"replies":[{"embeddable":true,"href":"http:\/\/www.smhp.fr\/index.php?rest_route=%2Fwp%2Fv2%2Fcomments&post=1027"}],"version-history":[{"count":7,"href":"http:\/\/www.smhp.fr\/index.php?rest_route=\/wp\/v2\/pages\/1027\/revisions"}],"predecessor-version":[{"id":1056,"href":"http:\/\/www.smhp.fr\/index.php?rest_route=\/wp\/v2\/pages\/1027\/revisions\/1056"}],"up":[{"embeddable":true,"href":"http:\/\/www.smhp.fr\/index.php?rest_route=\/wp\/v2\/pages\/1021"}],"wp:attachment":[{"href":"http:\/\/www.smhp.fr\/index.php?rest_route=%2Fwp%2Fv2%2Fmedia&parent=1027"}],"curies":[{"name":"wp","href":"https:\/\/api.w.org\/{rel}","templated":true}]}}