{"id":102,"date":"2013-11-09T20:00:44","date_gmt":"2013-11-09T19:00:44","guid":{"rendered":"http:\/\/www.smhp.fr\/?page_id=102"},"modified":"2014-04-13T09:54:35","modified_gmt":"2014-04-13T08:54:35","slug":"jfm63","status":"publish","type":"page","link":"http:\/\/www.smhp.fr\/?page_id=102","title":{"rendered":"JFM 63. Situations m\u00e9dicales complexes en r\u00e9animation"},"content":{"rendered":"<p><strong>Organis\u00e9e par le Pr Bertrand GODEAU<\/strong><br \/>\nVendredi 09 octobre 2009<\/p>\n<p><a href=\"http:\/\/www.smhp.fr\/wp-content\/uploads\/2014\/04\/63prospectus.pdf\" target=\"_blank\"><strong>Prospectus<\/strong><\/a><\/p>\n<p><a href=\"http:\/\/www.smhp.fr\/wp-content\/uploads\/2013\/11\/63-godeau-web.pdf\" target=\"_blank\"><strong>Introduction : Quand penser \u00e0 une maladie syst\u00e9mique en r\u00e9animation ?<\/strong><\/a><br \/>\nPr Bertrand Godeau, Henri Mondor, Cr\u00e9teil<\/p>\n<p><a href=\"http:\/\/www.smhp.fr\/wp-content\/uploads\/2013\/11\/63-galicier-web.pdf\" target=\"_blank\"><strong>Pancytop\u00e9nie f\u00e9brile avec d\u00e9faillance d\u2019organe<\/strong><\/a><br \/>\nDr Lionel Galicier, Saint-Louis, Paris<\/p>\n<p><a href=\"http:\/\/www.smhp.fr\/wp-content\/uploads\/2013\/11\/63-mayaud-web.pdf\" target=\"_blank\"><strong>Syndrome pneumo-r\u00e9nal<\/strong><\/a><br \/>\nPr Charles-Yves Mayaud et Dr Muriel Fartoukh, Tenon, Paris<\/p>\n<p><a href=\"http:\/\/www.smhp.fr\/wp-content\/uploads\/2013\/11\/66-crestani.pdf\" target=\"_blank\"><strong>Poumon aigu des connectivites<\/strong><\/a><br \/>\nPr Bruno Crestani, Bichat, Paris<\/p>\n<p><strong>Enc\u00e9phalites, quelle d\u00e9marche diagnostique ?\u00a0<span style=\"line-height: 1.5;\">Le point de vue du r\u00e9animateur<\/span><\/strong><br \/>\nPr Michel Wolff, Bichat, Paris<\/p>\n<p><a href=\"http:\/\/www.smhp.fr\/wp-content\/uploads\/2013\/11\/63-mouthon-web.pdf\" target=\"_blank\"><strong>Atteintes neurologiques centrales et maladies syst\u00e9miques<\/strong><\/a><br \/>\nPr Luc Mouthon, Cochin, Paris<\/p>\n<p><strong>Etats de choc, quelques diagnostics d\u2019interniste<\/strong><br \/>\nPr Zahir Amoura, Salp\u00eatri\u00e8re, Paris<\/p>\n<p><strong>Coeur aigu et maladies syst\u00e9miques:<\/strong><strong style=\"line-height: 1.5;\">\u00a0Le point de vue du cardiologue<\/strong><br \/>\nPr A Combes, Piti\u00e9-Salp\u00eatri\u00e8re, Paris<\/p>\n<p><a href=\"http:\/\/www.smhp.fr\/wp-content\/uploads\/2013\/11\/63-THOMAS-papo-web.pdf\" target=\"_blank\"><strong><strong>Coeur aigu et maladies syst\u00e9miques:<\/strong>\u00a0Le point de vue de l\u2019interniste<\/strong><\/a><br \/>\nPr Thomas Papo, Bichat, Paris<\/p>\n<p><a href=\"http:\/\/www.smhp.fr\/wp-content\/uploads\/2013\/11\/63-roujeau-web.pdf\" target=\"_blank\"><strong>La Peau, l\u2019interniste, le r\u00e9animateur\u2026 Le point de vue du dermatologue<\/strong><\/a><br \/>\nPr Jean-Claude Roujeau, Henri Mondor, Cr\u00e9teil<\/p>\n<p><a href=\"http:\/\/www.smhp.fr\/wp-content\/uploads\/2013\/11\/63-mouthon-2-web.pdf\" target=\"_blank\"><strong>Th\u00e9rapeutiques d\u2019urgence et maladies syst\u00e9miques<\/strong><\/a><br \/>\nPr Lo\u00efc Guillevin et Dr Christian Pagnoux, Cochin, Paris<\/p>\n<p><strong>SAPL, quelles complications pour le r\u00e9animateur ?<\/strong><br \/>\nPr Jean-Charles Piette, Piti\u00e9-Salp\u00eatri\u00e8re, Paris<\/p>\n<p><strong>Conclusion : Pr Elie Azoulay, Saint-Louis, Paris<\/strong><\/p>\n","protected":false},"excerpt":{"rendered":"<p>Organis\u00e9e par le Pr Bertrand GODEAU Vendredi 09 octobre 2009 Prospectus Introduction : Quand penser \u00e0 une maladie syst\u00e9mique en r\u00e9animation ? Pr Bertrand Godeau, Henri Mondor, Cr\u00e9teil Pancytop\u00e9nie f\u00e9brile avec d\u00e9faillance d\u2019organe Dr Lionel Galicier, Saint-Louis, Paris Syndrome pneumo-r\u00e9nal Pr Charles-Yves Mayaud et Dr Muriel Fartoukh, Tenon, Paris Poumon aigu des connectivites Pr Bruno &hellip; <a href=\"http:\/\/www.smhp.fr\/?page_id=102\" class=\"more-link\">Continuer la lecture de <span class=\"screen-reader-text\">JFM 63. Situations m\u00e9dicales complexes en r\u00e9animation<\/span> <span class=\"meta-nav\">&rarr;<\/span><\/a><\/p>\n","protected":false},"author":2,"featured_media":0,"parent":275,"menu_order":0,"comment_status":"closed","ping_status":"closed","template":"page-templates\/full-width.php","meta":[],"_links":{"self":[{"href":"http:\/\/www.smhp.fr\/index.php?rest_route=\/wp\/v2\/pages\/102"}],"collection":[{"href":"http:\/\/www.smhp.fr\/index.php?rest_route=\/wp\/v2\/pages"}],"about":[{"href":"http:\/\/www.smhp.fr\/index.php?rest_route=\/wp\/v2\/types\/page"}],"author":[{"embeddable":true,"href":"http:\/\/www.smhp.fr\/index.php?rest_route=\/wp\/v2\/users\/2"}],"replies":[{"embeddable":true,"href":"http:\/\/www.smhp.fr\/index.php?rest_route=%2Fwp%2Fv2%2Fcomments&post=102"}],"version-history":[{"count":1,"href":"http:\/\/www.smhp.fr\/index.php?rest_route=\/wp\/v2\/pages\/102\/revisions"}],"predecessor-version":[{"id":341,"href":"http:\/\/www.smhp.fr\/index.php?rest_route=\/wp\/v2\/pages\/102\/revisions\/341"}],"up":[{"embeddable":true,"href":"http:\/\/www.smhp.fr\/index.php?rest_route=\/wp\/v2\/pages\/275"}],"wp:attachment":[{"href":"http:\/\/www.smhp.fr\/index.php?rest_route=%2Fwp%2Fv2%2Fmedia&parent=102"}],"curies":[{"name":"wp","href":"https:\/\/api.w.org\/{rel}","templated":true}]}}